{"id":4676,"date":"2022-07-05T12:20:47","date_gmt":"2022-07-05T12:20:47","guid":{"rendered":"http:\/\/floramicato.com\/?page_id=4676"},"modified":"2022-09-20T12:50:56","modified_gmt":"2022-09-20T12:50:56","slug":"ueber-uns","status":"publish","type":"page","link":"https:\/\/floramicato.com\/de\/ueber-uns","title":{"rendered":"\u00dcBER UNS"},"content":{"rendered":"<p>Das Unsere Gesch\u00e4ftgeschichte begann mit dem Wunsch, ein perfektes Hundespielzeug herzustellen, das Sie jeden Tag oder zum Training verwenden k\u00f6nnen. Es folgte die Anschaffung der ersten N\u00e4hmaschine und die Er\u00f6ffnung des Unternehmens im Jahr 2015.<\/p>\n<p>Seitdem haben wir viele Spielzeuge entwickelt. Einige sind allgemein, andere spezifisch und f\u00fcr das Training bestimmter Elemente gedacht. Allen gemeinsam ist, dass sie langlebig, farbenfroh sind und sowohl Hund als auch Halter Spa\u00df machen.<\/p>\n<p>Daher werden wir auch in Zukunft bestrebt sein, nur das Beste auf den Markt zu bringen. FloRaMicaTo Team<\/p>\n<p><img fetchpriority=\"high\" decoding=\"async\" class=\"alignnone size-large wp-image-4663\" src=\"https:\/\/floramicato.com\/wp-content\/uploads\/2022\/09\/TinaGang-16-683x1024.jpg\" alt=\"\" width=\"683\" height=\"1024\" srcset=\"https:\/\/floramicato.com\/wp-content\/uploads\/2022\/09\/TinaGang-16-683x1024.jpg 683w, https:\/\/floramicato.com\/wp-content\/uploads\/2022\/09\/TinaGang-16-267x400.jpg 267w, https:\/\/floramicato.com\/wp-content\/uploads\/2022\/09\/TinaGang-16-600x900.jpg 600w, https:\/\/floramicato.com\/wp-content\/uploads\/2022\/09\/TinaGang-16-200x300.jpg 200w, https:\/\/floramicato.com\/wp-content\/uploads\/2022\/09\/TinaGang-16.jpg 1280w\" sizes=\"(max-width: 683px) 100vw, 683px\" \/><\/p>\n","protected":false},"excerpt":{"rendered":"<p>Das Unsere Gesch\u00e4ftgeschichte begann mit dem Wunsch, ein perfektes Hundespielzeug herzustellen, das Sie jeden Tag oder zum Training verwenden k\u00f6nnen. Es folgte die Anschaffung der ersten N\u00e4hmaschine und die Er\u00f6ffnung des Unternehmens im Jahr 2015. Seitdem haben wir viele Spielzeuge entwickelt. Einige sind allgemein, andere spezifisch und f\u00fcr das Training bestimmter Elemente gedacht. Allen gemeinsam <a href=\"https:\/\/floramicato.com\/de\/ueber-uns\" class=\"more-link\">&#8230;<span class=\"screen-reader-text\">  \u00dcBER UNS<\/span><\/a><\/p>\n","protected":false},"author":4,"featured_media":0,"parent":0,"menu_order":0,"comment_status":"closed","ping_status":"closed","template":"","meta":{"_acf_changed":false,"footnotes":""},"class_list":["post-4676","page","type-page","status-publish","hentry"],"acf":[],"yoast_head":"<!-- This site is optimized with the Yoast SEO plugin v27.3 - https:\/\/yoast.com\/product\/yoast-seo-wordpress\/ -->\n<title>\u00dcBER UNS - Floramicato d.o.o<\/title>\n<meta name=\"robots\" content=\"index, follow, max-snippet:-1, max-image-preview:large, max-video-preview:-1\" \/>\n<link rel=\"canonical\" href=\"https:\/\/floramicato.com\/de\/ueber-uns\" \/>\n<meta property=\"og:locale\" content=\"de_DE\" \/>\n<meta property=\"og:type\" content=\"article\" \/>\n<meta property=\"og:title\" content=\"\u00dcBER UNS - Floramicato d.o.o\" \/>\n<meta property=\"og:description\" content=\"Das Unsere Gesch\u00e4ftgeschichte begann mit dem Wunsch, ein perfektes Hundespielzeug herzustellen, das Sie jeden Tag oder zum Training verwenden k\u00f6nnen. Es folgte die Anschaffung der ersten N\u00e4hmaschine und die Er\u00f6ffnung des Unternehmens im Jahr 2015. Seitdem haben wir viele Spielzeuge entwickelt. Einige sind allgemein, andere spezifisch und f\u00fcr das Training bestimmter Elemente gedacht. Allen gemeinsam ... \u00dcBER UNS\" \/>\n<meta property=\"og:url\" content=\"https:\/\/floramicato.com\/de\/ueber-uns\" \/>\n<meta property=\"og:site_name\" content=\"Floramicato d.o.o\" \/>\n<meta property=\"article:modified_time\" content=\"2022-09-20T12:50:56+00:00\" \/>\n<meta property=\"og:image\" content=\"https:\/\/floramicato.com\/wp-content\/uploads\/2022\/09\/TinaGang-16-683x1024.jpg\" \/>\n<meta name=\"twitter:card\" content=\"summary_large_image\" \/>\n<meta name=\"twitter:label1\" content=\"Gesch\u00e4tzte Lesezeit\" \/>\n\t<meta name=\"twitter:data1\" content=\"1\u00a0Minute\" \/>\n<script type=\"application\/ld+json\" class=\"yoast-schema-graph\">{\"@context\":\"https:\\\/\\\/schema.org\",\"@graph\":[{\"@type\":\"WebPage\",\"@id\":\"https:\\\/\\\/floramicato.com\\\/de\\\/ueber-uns\",\"url\":\"https:\\\/\\\/floramicato.com\\\/de\\\/ueber-uns\",\"name\":\"\u00dcBER UNS - Floramicato d.o.o\",\"isPartOf\":{\"@id\":\"https:\\\/\\\/floramicato.com\\\/#website\"},\"primaryImageOfPage\":{\"@id\":\"https:\\\/\\\/floramicato.com\\\/de\\\/ueber-uns#primaryimage\"},\"image\":{\"@id\":\"https:\\\/\\\/floramicato.com\\\/de\\\/ueber-uns#primaryimage\"},\"thumbnailUrl\":\"https:\\\/\\\/floramicato.com\\\/wp-content\\\/uploads\\\/2022\\\/09\\\/TinaGang-16-683x1024.jpg\",\"datePublished\":\"2022-07-05T12:20:47+00:00\",\"dateModified\":\"2022-09-20T12:50:56+00:00\",\"breadcrumb\":{\"@id\":\"https:\\\/\\\/floramicato.com\\\/de\\\/ueber-uns#breadcrumb\"},\"inLanguage\":\"de\",\"potentialAction\":[{\"@type\":\"ReadAction\",\"target\":[\"https:\\\/\\\/floramicato.com\\\/de\\\/ueber-uns\"]}]},{\"@type\":\"ImageObject\",\"inLanguage\":\"de\",\"@id\":\"https:\\\/\\\/floramicato.com\\\/de\\\/ueber-uns#primaryimage\",\"url\":\"https:\\\/\\\/floramicato.com\\\/wp-content\\\/uploads\\\/2022\\\/09\\\/TinaGang-16-683x1024.jpg\",\"contentUrl\":\"https:\\\/\\\/floramicato.com\\\/wp-content\\\/uploads\\\/2022\\\/09\\\/TinaGang-16-683x1024.jpg\"},{\"@type\":\"BreadcrumbList\",\"@id\":\"https:\\\/\\\/floramicato.com\\\/de\\\/ueber-uns#breadcrumb\",\"itemListElement\":[{\"@type\":\"ListItem\",\"position\":1,\"name\":\"Home\",\"item\":\"https:\\\/\\\/floramicato.com\\\/de\"},{\"@type\":\"ListItem\",\"position\":2,\"name\":\"\u00dcBER UNS\"}]},{\"@type\":\"WebSite\",\"@id\":\"https:\\\/\\\/floramicato.com\\\/#website\",\"url\":\"https:\\\/\\\/floramicato.com\\\/\",\"name\":\"Floramicato d.o.o\",\"description\":\"\",\"potentialAction\":[{\"@type\":\"SearchAction\",\"target\":{\"@type\":\"EntryPoint\",\"urlTemplate\":\"https:\\\/\\\/floramicato.com\\\/?s={search_term_string}\"},\"query-input\":{\"@type\":\"PropertyValueSpecification\",\"valueRequired\":true,\"valueName\":\"search_term_string\"}}],\"inLanguage\":\"de\"}]}<\/script>\n<!-- \/ Yoast SEO plugin. -->","yoast_head_json":{"title":"\u00dcBER UNS - Floramicato d.o.o","robots":{"index":"index","follow":"follow","max-snippet":"max-snippet:-1","max-image-preview":"max-image-preview:large","max-video-preview":"max-video-preview:-1"},"canonical":"https:\/\/floramicato.com\/de\/ueber-uns","og_locale":"de_DE","og_type":"article","og_title":"\u00dcBER UNS - Floramicato d.o.o","og_description":"Das Unsere Gesch\u00e4ftgeschichte begann mit dem Wunsch, ein perfektes Hundespielzeug herzustellen, das Sie jeden Tag oder zum Training verwenden k\u00f6nnen. Es folgte die Anschaffung der ersten N\u00e4hmaschine und die Er\u00f6ffnung des Unternehmens im Jahr 2015. Seitdem haben wir viele Spielzeuge entwickelt. Einige sind allgemein, andere spezifisch und f\u00fcr das Training bestimmter Elemente gedacht. Allen gemeinsam ... \u00dcBER UNS","og_url":"https:\/\/floramicato.com\/de\/ueber-uns","og_site_name":"Floramicato d.o.o","article_modified_time":"2022-09-20T12:50:56+00:00","og_image":[{"url":"https:\/\/floramicato.com\/wp-content\/uploads\/2022\/09\/TinaGang-16-683x1024.jpg","type":"","width":"","height":""}],"twitter_card":"summary_large_image","twitter_misc":{"Gesch\u00e4tzte Lesezeit":"1\u00a0Minute"},"schema":{"@context":"https:\/\/schema.org","@graph":[{"@type":"WebPage","@id":"https:\/\/floramicato.com\/de\/ueber-uns","url":"https:\/\/floramicato.com\/de\/ueber-uns","name":"\u00dcBER UNS - Floramicato d.o.o","isPartOf":{"@id":"https:\/\/floramicato.com\/#website"},"primaryImageOfPage":{"@id":"https:\/\/floramicato.com\/de\/ueber-uns#primaryimage"},"image":{"@id":"https:\/\/floramicato.com\/de\/ueber-uns#primaryimage"},"thumbnailUrl":"https:\/\/floramicato.com\/wp-content\/uploads\/2022\/09\/TinaGang-16-683x1024.jpg","datePublished":"2022-07-05T12:20:47+00:00","dateModified":"2022-09-20T12:50:56+00:00","breadcrumb":{"@id":"https:\/\/floramicato.com\/de\/ueber-uns#breadcrumb"},"inLanguage":"de","potentialAction":[{"@type":"ReadAction","target":["https:\/\/floramicato.com\/de\/ueber-uns"]}]},{"@type":"ImageObject","inLanguage":"de","@id":"https:\/\/floramicato.com\/de\/ueber-uns#primaryimage","url":"https:\/\/floramicato.com\/wp-content\/uploads\/2022\/09\/TinaGang-16-683x1024.jpg","contentUrl":"https:\/\/floramicato.com\/wp-content\/uploads\/2022\/09\/TinaGang-16-683x1024.jpg"},{"@type":"BreadcrumbList","@id":"https:\/\/floramicato.com\/de\/ueber-uns#breadcrumb","itemListElement":[{"@type":"ListItem","position":1,"name":"Home","item":"https:\/\/floramicato.com\/de"},{"@type":"ListItem","position":2,"name":"\u00dcBER UNS"}]},{"@type":"WebSite","@id":"https:\/\/floramicato.com\/#website","url":"https:\/\/floramicato.com\/","name":"Floramicato d.o.o","description":"","potentialAction":[{"@type":"SearchAction","target":{"@type":"EntryPoint","urlTemplate":"https:\/\/floramicato.com\/?s={search_term_string}"},"query-input":{"@type":"PropertyValueSpecification","valueRequired":true,"valueName":"search_term_string"}}],"inLanguage":"de"}]}},"_links":{"self":[{"href":"https:\/\/floramicato.com\/de\/wp-json\/wp\/v2\/pages\/4676","targetHints":{"allow":["GET"]}}],"collection":[{"href":"https:\/\/floramicato.com\/de\/wp-json\/wp\/v2\/pages"}],"about":[{"href":"https:\/\/floramicato.com\/de\/wp-json\/wp\/v2\/types\/page"}],"author":[{"embeddable":true,"href":"https:\/\/floramicato.com\/de\/wp-json\/wp\/v2\/users\/4"}],"replies":[{"embeddable":true,"href":"https:\/\/floramicato.com\/de\/wp-json\/wp\/v2\/comments?post=4676"}],"version-history":[{"count":2,"href":"https:\/\/floramicato.com\/de\/wp-json\/wp\/v2\/pages\/4676\/revisions"}],"predecessor-version":[{"id":4797,"href":"https:\/\/floramicato.com\/de\/wp-json\/wp\/v2\/pages\/4676\/revisions\/4797"}],"wp:attachment":[{"href":"https:\/\/floramicato.com\/de\/wp-json\/wp\/v2\/media?parent=4676"}],"curies":[{"name":"wp","href":"https:\/\/api.w.org\/{rel}","templated":true}]}}