{"id":4690,"date":"2022-09-06T12:58:11","date_gmt":"2022-09-06T12:58:11","guid":{"rendered":"http:\/\/floramicato.com\/?page_id=4690"},"modified":"2022-09-20T13:05:50","modified_gmt":"2022-09-20T13:05:50","slug":"zahlungsarten","status":"publish","type":"page","link":"https:\/\/floramicato.com\/de\/zahlungsarten","title":{"rendered":"Zahlungsweise"},"content":{"rendered":"<p>Sie k\u00f6nnen per Kreditkarte, Nachnahme, Paypal oder Kostenvoranschlag bezahlen. Floramicato d. o. o. beh\u00e4lt sich vor, im Einzelfall oder abh\u00e4ngig von der vom Kunden gew\u00e4hlten Versandsweise, nur eine bestimmte Zahlungsweise zu akzeptieren.<\/p>\n<ol start=\"2\">\n<li><strong>Zahlung per Kreditkarte<\/strong><\/li>\n<\/ol>\n<p>Bei Zahlung per Kredit-\/Debitkarte erfolgt die Belastung innerhalb einer Woche nach Versand der Produkte (wir akzeptieren MasterCard, Visa, Maestro, American Express).<\/p>\n<ol start=\"3\">\n<li><strong>Kostenvoranschlag<\/strong><\/li>\n<\/ol>\n<p>Bei Zahlung per Kostenvoranschlag ist der Rechnungsbetrag innerhalb von 7 Tagen nach Erhalt der Auftragsbest\u00e4tigung auf das unten angegebene Bankkonto zu \u00fcberweisen.<\/p>\n<p>Bankverbindung f\u00fcr \u00dcberweisung:<\/p>\n<p><span style=\"font-weight: 400;\">Floramicato d.o.o.<\/span><\/p>\n<p>Stuki 41<\/p>\n<p>2250 Ptuj, Slowenien<\/p>\n<p>UNICREDIT BANK SLOWENIEN D.D., LJUBLJANA<\/p>\n<p><span style=\"font-weight: 400;\">TRR: 2900 0005 3359 557<\/span><\/p>\n<p><span style=\"font-weight: 400;\">IBAN: SI56 2900 0005 3359 557<\/span><\/p>\n<p><span style=\"font-weight: 400;\">SWIFT (BIC): BACXSI22<\/span><\/p>\n<ol start=\"4\">\n<li><strong>Zahlung per PayPal<\/strong><\/li>\n<\/ol>\n<p>PayPal ist ein Online-Zahlungsservice, der eine sichere, einfache und schnelle Zahlung gew\u00e4hrleistet. Sie haben die M\u00f6glichkeit, w\u00e4hrend der Bestellung Ihr PayPal-Konto zu er\u00f6ffnen. Bei der Zahlung mit PayPal fallen keine zus\u00e4tzlichen Geb\u00fchren an.<\/p>\n<ol start=\"5\">\n<li><strong>Gutscheine<\/strong><\/li>\n<\/ol>\n<p>Bei der Einl\u00f6sung von Gutscheinen werden die besonderen Bedingungen f\u00fcr die Gutscheineinl\u00f6sung ber\u00fccksichtigt, wie Mindestbestellmenge, G\u00fcltigkeit etc. Die entsprechenden Informationen finden Sie auf den Coupons. Sie k\u00f6nnen nur einen Gutschein oder Rabatt f\u00fcr eine Bestellung einl\u00f6sen. Eine Barauszahlung oder sp\u00e4tere Rechnungsstellung f\u00fcr fr\u00fchere Bestellungen ist nicht m\u00f6glich. Weiterverkauf ist nicht gestattet.<\/p>\n<ol start=\"6\">\n<li><strong>Transaktionskosten<\/strong><\/li>\n<\/ol>\n<p>Kommt der Kunde mit der Zahlung in Verzug, werden dem Kaufpreis Verzugszinsen in H\u00f6he von 5 Prozentpunkten \u00fcber dem Basiszinssatz der EZB hinzugerechnet. Ist der Kunde kein Endverbraucher, betragen die Verzugszinsen 8 Prozentpunkte \u00fcber dem Basiszinssatz. Floramicato d. o. o. beh\u00e4lt sich die Geltendmachung eines h\u00f6heren Verzugsschadens nach Mitteilung vor.<\/p>\n<ol start=\"7\">\n<li><strong>Rechnungen<\/strong><\/li>\n<\/ol>\n<p>Der Kunde erkl\u00e4rt sich damit einverstanden, Rechnungen in elektronischer Form zu erhalten. Elektronische Rechnungen werden als PDF an die E-Mail-Adresse des Kunden gesendet. Die erhobene Umsatzsteuer berechtigt den K\u00e4ufer nicht zum Vorsteuerabzug.<\/p>\n","protected":false},"excerpt":{"rendered":"<p>Sie k\u00f6nnen per Kreditkarte, Nachnahme, Paypal oder Kostenvoranschlag bezahlen. Floramicato d. o. o. beh\u00e4lt sich vor, im Einzelfall oder abh\u00e4ngig von der vom Kunden gew\u00e4hlten Versandsweise, nur eine bestimmte Zahlungsweise zu akzeptieren. Zahlung per Kreditkarte Bei Zahlung per Kredit-\/Debitkarte erfolgt die Belastung innerhalb einer Woche nach Versand der Produkte (wir akzeptieren MasterCard, Visa, Maestro, American <a href=\"https:\/\/floramicato.com\/de\/zahlungsarten\" class=\"more-link\">&#8230;<span class=\"screen-reader-text\">  Zahlungsweise<\/span><\/a><\/p>\n","protected":false},"author":4,"featured_media":0,"parent":0,"menu_order":0,"comment_status":"closed","ping_status":"closed","template":"","meta":{"_acf_changed":false,"footnotes":""},"class_list":["post-4690","page","type-page","status-publish","hentry"],"acf":[],"yoast_head":"<!-- This site is optimized with the Yoast SEO plugin v27.3 - https:\/\/yoast.com\/product\/yoast-seo-wordpress\/ -->\n<title>Zahlungsweise - Floramicato d.o.o<\/title>\n<meta name=\"robots\" content=\"index, follow, max-snippet:-1, max-image-preview:large, max-video-preview:-1\" \/>\n<link rel=\"canonical\" href=\"https:\/\/floramicato.com\/de\/zahlungsarten\" \/>\n<meta property=\"og:locale\" content=\"de_DE\" \/>\n<meta property=\"og:type\" content=\"article\" \/>\n<meta property=\"og:title\" content=\"Zahlungsweise - Floramicato d.o.o\" \/>\n<meta property=\"og:description\" content=\"Sie k\u00f6nnen per Kreditkarte, Nachnahme, Paypal oder Kostenvoranschlag bezahlen. Floramicato d. o. o. beh\u00e4lt sich vor, im Einzelfall oder abh\u00e4ngig von der vom Kunden gew\u00e4hlten Versandsweise, nur eine bestimmte Zahlungsweise zu akzeptieren. Zahlung per Kreditkarte Bei Zahlung per Kredit-\/Debitkarte erfolgt die Belastung innerhalb einer Woche nach Versand der Produkte (wir akzeptieren MasterCard, Visa, Maestro, American ... Zahlungsweise\" \/>\n<meta property=\"og:url\" content=\"https:\/\/floramicato.com\/de\/zahlungsarten\" \/>\n<meta property=\"og:site_name\" content=\"Floramicato d.o.o\" \/>\n<meta property=\"article:modified_time\" content=\"2022-09-20T13:05:50+00:00\" \/>\n<meta name=\"twitter:card\" content=\"summary_large_image\" \/>\n<meta name=\"twitter:label1\" content=\"Gesch\u00e4tzte Lesezeit\" \/>\n\t<meta name=\"twitter:data1\" content=\"2\u00a0Minuten\" \/>\n<script type=\"application\/ld+json\" class=\"yoast-schema-graph\">{\"@context\":\"https:\\\/\\\/schema.org\",\"@graph\":[{\"@type\":\"WebPage\",\"@id\":\"https:\\\/\\\/floramicato.com\\\/de\\\/zahlungsarten\",\"url\":\"https:\\\/\\\/floramicato.com\\\/de\\\/zahlungsarten\",\"name\":\"Zahlungsweise - Floramicato d.o.o\",\"isPartOf\":{\"@id\":\"https:\\\/\\\/floramicato.com\\\/#website\"},\"datePublished\":\"2022-09-06T12:58:11+00:00\",\"dateModified\":\"2022-09-20T13:05:50+00:00\",\"breadcrumb\":{\"@id\":\"https:\\\/\\\/floramicato.com\\\/de\\\/zahlungsarten#breadcrumb\"},\"inLanguage\":\"de\",\"potentialAction\":[{\"@type\":\"ReadAction\",\"target\":[\"https:\\\/\\\/floramicato.com\\\/de\\\/zahlungsarten\"]}]},{\"@type\":\"BreadcrumbList\",\"@id\":\"https:\\\/\\\/floramicato.com\\\/de\\\/zahlungsarten#breadcrumb\",\"itemListElement\":[{\"@type\":\"ListItem\",\"position\":1,\"name\":\"Home\",\"item\":\"https:\\\/\\\/floramicato.com\\\/de\"},{\"@type\":\"ListItem\",\"position\":2,\"name\":\"Zahlungsweise\"}]},{\"@type\":\"WebSite\",\"@id\":\"https:\\\/\\\/floramicato.com\\\/#website\",\"url\":\"https:\\\/\\\/floramicato.com\\\/\",\"name\":\"Floramicato d.o.o\",\"description\":\"\",\"potentialAction\":[{\"@type\":\"SearchAction\",\"target\":{\"@type\":\"EntryPoint\",\"urlTemplate\":\"https:\\\/\\\/floramicato.com\\\/?s={search_term_string}\"},\"query-input\":{\"@type\":\"PropertyValueSpecification\",\"valueRequired\":true,\"valueName\":\"search_term_string\"}}],\"inLanguage\":\"de\"}]}<\/script>\n<!-- \/ Yoast SEO plugin. -->","yoast_head_json":{"title":"Zahlungsweise - Floramicato d.o.o","robots":{"index":"index","follow":"follow","max-snippet":"max-snippet:-1","max-image-preview":"max-image-preview:large","max-video-preview":"max-video-preview:-1"},"canonical":"https:\/\/floramicato.com\/de\/zahlungsarten","og_locale":"de_DE","og_type":"article","og_title":"Zahlungsweise - Floramicato d.o.o","og_description":"Sie k\u00f6nnen per Kreditkarte, Nachnahme, Paypal oder Kostenvoranschlag bezahlen. Floramicato d. o. o. beh\u00e4lt sich vor, im Einzelfall oder abh\u00e4ngig von der vom Kunden gew\u00e4hlten Versandsweise, nur eine bestimmte Zahlungsweise zu akzeptieren. Zahlung per Kreditkarte Bei Zahlung per Kredit-\/Debitkarte erfolgt die Belastung innerhalb einer Woche nach Versand der Produkte (wir akzeptieren MasterCard, Visa, Maestro, American ... Zahlungsweise","og_url":"https:\/\/floramicato.com\/de\/zahlungsarten","og_site_name":"Floramicato d.o.o","article_modified_time":"2022-09-20T13:05:50+00:00","twitter_card":"summary_large_image","twitter_misc":{"Gesch\u00e4tzte Lesezeit":"2\u00a0Minuten"},"schema":{"@context":"https:\/\/schema.org","@graph":[{"@type":"WebPage","@id":"https:\/\/floramicato.com\/de\/zahlungsarten","url":"https:\/\/floramicato.com\/de\/zahlungsarten","name":"Zahlungsweise - Floramicato d.o.o","isPartOf":{"@id":"https:\/\/floramicato.com\/#website"},"datePublished":"2022-09-06T12:58:11+00:00","dateModified":"2022-09-20T13:05:50+00:00","breadcrumb":{"@id":"https:\/\/floramicato.com\/de\/zahlungsarten#breadcrumb"},"inLanguage":"de","potentialAction":[{"@type":"ReadAction","target":["https:\/\/floramicato.com\/de\/zahlungsarten"]}]},{"@type":"BreadcrumbList","@id":"https:\/\/floramicato.com\/de\/zahlungsarten#breadcrumb","itemListElement":[{"@type":"ListItem","position":1,"name":"Home","item":"https:\/\/floramicato.com\/de"},{"@type":"ListItem","position":2,"name":"Zahlungsweise"}]},{"@type":"WebSite","@id":"https:\/\/floramicato.com\/#website","url":"https:\/\/floramicato.com\/","name":"Floramicato d.o.o","description":"","potentialAction":[{"@type":"SearchAction","target":{"@type":"EntryPoint","urlTemplate":"https:\/\/floramicato.com\/?s={search_term_string}"},"query-input":{"@type":"PropertyValueSpecification","valueRequired":true,"valueName":"search_term_string"}}],"inLanguage":"de"}]}},"_links":{"self":[{"href":"https:\/\/floramicato.com\/de\/wp-json\/wp\/v2\/pages\/4690","targetHints":{"allow":["GET"]}}],"collection":[{"href":"https:\/\/floramicato.com\/de\/wp-json\/wp\/v2\/pages"}],"about":[{"href":"https:\/\/floramicato.com\/de\/wp-json\/wp\/v2\/types\/page"}],"author":[{"embeddable":true,"href":"https:\/\/floramicato.com\/de\/wp-json\/wp\/v2\/users\/4"}],"replies":[{"embeddable":true,"href":"https:\/\/floramicato.com\/de\/wp-json\/wp\/v2\/comments?post=4690"}],"version-history":[{"count":4,"href":"https:\/\/floramicato.com\/de\/wp-json\/wp\/v2\/pages\/4690\/revisions"}],"predecessor-version":[{"id":4803,"href":"https:\/\/floramicato.com\/de\/wp-json\/wp\/v2\/pages\/4690\/revisions\/4803"}],"wp:attachment":[{"href":"https:\/\/floramicato.com\/de\/wp-json\/wp\/v2\/media?parent=4690"}],"curies":[{"name":"wp","href":"https:\/\/api.w.org\/{rel}","templated":true}]}}