{"id":4697,"date":"2022-09-12T12:42:31","date_gmt":"2022-09-12T12:42:31","guid":{"rendered":"http:\/\/floramicato.com\/?page_id=4697"},"modified":"2022-10-05T09:52:22","modified_gmt":"2022-10-05T09:52:22","slug":"datenschutz","status":"publish","type":"page","link":"https:\/\/floramicato.com\/de\/datenschutz","title":{"rendered":"Datenschutz"},"content":{"rendered":"<p><b>DATENSCHUTZERKL\u00c4RUNG UND PERS\u00d6NLICHE DATENSCHUTZERKL\u00c4RUNG<\/p>\n<p><\/b><\/p>\n<p><span style=\"font-weight: 400;\">Der Betreiber Personalien im Sinne der EU-Datenschutz-Grundverordnung (DSGVO) und des anwendbaren Rechts zum Schutz Personaldaten ist:<br \/>\n<\/span><\/p>\n<p><span style=\"font-weight: 400;\">Floramicato d.o.o.<\/span><\/p>\n<p><span style=\"font-weight: 400;\">\u0160tuki 41<\/span><\/p>\n<p><span style=\"font-weight: 400;\">2250 Ptuj<\/span><\/p>\n<p><span style=\"font-weight: 400;\">Slovenija<\/span><\/p>\n<p><span style=\"font-weight: 400;\">Elektronska po\u0161ta: <\/span><a href=\"mailto:info@floramicato.com\"><span style=\"font-weight: 400;\">info@floramicato.com<\/span><\/a><\/p>\n<p><span style=\"font-weight: 400;\">Floramicato d.o.o., Betreiber des Online-Shops floramicato.com, verpflichtet sich, alle erfassten Personaldaten in \u00dcbereinstimmung mit der DSGVO und den geltenden slowenischen Gesetzen (Gesetz zum Schutz Personaldaten) zu speichern und zu verarbeiten.<br \/>\n<\/span><\/p>\n<p><b>ANWERBUNG PERS\u00d6NLICHER INFORMATIONEN<\/p>\n<p><\/b><\/p>\n<p><span style=\"font-weight: 400;\">We acquire personal data in the following ways:<br \/>\n<\/span><\/p>\n<p><span style=\"font-weight: 400;\">&#8211; \u00fcber das Online-Formular zur Anmeldung f\u00fcr News;<br \/>\n<\/span><\/p>\n<p>&#8211; bei der Bestellung von Produkten im Online-Shop;<\/p>\n<p>&#8211; w\u00e4hrend der pers\u00f6nlichen Kommunikation mit dem Kunden und<\/p>\n<p><span style=\"font-weight: 400;\">&#8211; bei der Kommunikation per E-Mail mit dem Kunden.<\/p>\n<p><\/span><\/p>\n<p><b>ZWECK DER ERHEBUNG UND VERARBEITUNG PERSONALIEN<br \/>\n<\/b><\/p>\n<p><b>Anmelden den Newsletter:<br \/>\n<\/b><\/p>\n<p><span style=\"font-weight: 400;\">Wir verwenden Personalien (E-Mail), um Newsletter mit Informationen zu Veranstaltungen, Sonderangeboten und Neuigkeiten zu versenden. Der Empf\u00e4nger kann sich jederzeit abmelden, in diesem Fall l\u00f6schen wir auch seine E-Mail-Adresse dauerhaft.<\/p>\n<p><\/span><\/p>\n<p><b>Anfrageformular:<br \/>\n<\/b><\/p>\n<p><span style=\"font-weight: 400;\">Wir verwenden Personalien zur Bearbeitung Ihrer Anfrage. Die eingegebenen Daten werden wir f\u00fcr die Zukunft nicht ohne Ihre ausdr\u00fcckliche Zustimmung verwenden.<br \/>\n<\/span><\/p>\n<p><b>Bestellung im Online-Shop:<br \/>\n<\/b><\/p>\n<p><span style=\"font-weight: 400;\">Wir verwenden Personalien zur Abwicklung Ihrer Bestellung. Wir verwenden die Daten zur Rechnungsstellung und Abwicklung der Lieferung. Die eingegebenen Daten werden wir f\u00fcr die Zukunft nicht ohne Ihre ausdr\u00fcckliche Zustimmung verwenden.<\/p>\n<p><\/span><\/p>\n<p><b>E-Mail-Kommunikation:<br \/>\n<\/b><\/p>\n<p><span style=\"font-weight: 400;\">Wir verwenden Personalien zur Bearbeitung Ihrer E-Mail-Kontaktaufnahme. Wir werden Ihre Personalien auch in Zukunft nicht ohne Ihre ausdr\u00fcckliche Einwilligung verwenden.<\/p>\n<p><\/span><\/p>\n<p><b>BERMITTLUNG PERSONALDATEN<br \/>\n<\/b><\/p>\n<p><span style=\"font-weight: 400;\">Wir geben Personalien an Strafverfolgungsbeh\u00f6rden und andere Regierungsbeh\u00f6rden weiter, soweit dies gesetzlich vorgeschrieben oder erforderlich ist, um Straftaten und Betrug zu verhindern, aufzudecken oder zu verfolgen.<br \/>\nWir verpflichten uns, Ihre Daten keinesfalls zu Werbezwecken an Unbefugte oder andere Personen weiterzugeben.<\/span><\/p>\n<p><b>TRANSMISSION OF PERSONAL DATA<\/b><\/p>\n<p><span style=\"font-weight: 400;\">Zum Versand von E-Newslettern nutzt Floramicato d.o.o. die Online-Plattform MailChimp, die Personalien von Personen zum Zwecke des Newsletter-Versands speichert: Vorname, Nachname, E-Mail-Adresse, Land. Die Online-Plattform MailChimp gew\u00e4hrleistet die Einhaltung der Anforderungen der Allgemeinen<br \/>\n<\/span><\/p>\n<p><span style=\"font-weight: 400;\">Verordnung zum Schutz Personalien (EU-Verordnung 2016\/679) und hat au\u00dferdem ein Zertifikat \u00fcber die Einhaltung des EU-U.S. Privacy Shield Framework erhalten die Datenschutzbestimmungen der MailChimp-Plattformen sind unter https:\/\/mailchimp.com\/legal\/privacy\/ abrufbar.<br \/>\n<\/span><\/p>\n<p><b>IHRE RECHTE<br \/>\n<\/b><\/p>\n<p>Nach den Bestimmungen der EU-Datenschutz-Grundverordnung (DSGVO) stehen Ihnen folgende Rechte zu:<br \/>\n&#8211; Zugriff auf und Kopieren Ihrer pers\u00f6nlichen Daten.<br \/>\n&#8211; Ihre Personalien zu erg\u00e4nzen oder zu korrigieren, wenn diese unvollst\u00e4ndig oder unrichtig sind.<br \/>\n&#8211; Bis zur L\u00f6schung Ihrer Personalien, insbesondere wenn diese f\u00fcr die Zwecke, f\u00fcr die sie erhoben wurden, nicht mehr erforderlich sind, und unrechtm\u00e4\u00dfig oder auf Grundlage Ihrer Einwilligung verarbeitet wurden, Sie Ihre Einwilligung widerrufen haben und keine anderweitige Rechtsgrundlage f\u00fcr Verarbeitung besteht.<br \/>\n&#8211; Bis zur \u00dcbermittlung Personalien an einen anderen Verantwortlichen, wenn dies technisch machbar ist.<br \/>\n&#8211; Die Verarbeitung Ihrer Personalien einzuschr\u00e4nken, insbesondere wenn Sie deren Richtigkeit bestreiten \u2013 und zwar f\u00fcr eine Dauer, die es uns erm\u00f6glicht, die Richtigkeit Ihrer Personalien zu \u00fcberpr\u00fcfen; wenn die Verarbeitung rechtswidrig ist, widersprechen Sie der L\u00f6schung Personalien; wenn die Aufbewahrungsfrist f\u00fcr Daten abgelaufen ist und Sie diese zur Geltendmachung von Rechtsanspr\u00fcchen ben\u00f6tigen.<br \/>\n&#8211; Erteilte Einwilligungen zur Auskunft k\u00f6nnen Sie jederzeit widerrufen.<\/p>\n<p>Um alle Ihre Rechte auszu\u00fcben oder zus\u00e4tzliche Informationen zu erhalten, wenden Sie sich bitte an unseren Datenschutzbeauftragten, der unter der E-Mail-Adresse: info@floramicato.com erreichbar ist. Wir werden Ihre Bewerbung gem\u00e4\u00df der DSGVO verarbeiten und beantworten.<\/p>\n<p>Wenn Sie glauben, dass Ihre Rechte oder Bestimmungen zum Schutz Personalien verletzt wurden, k\u00f6nnen Sie sich bei der zust\u00e4ndigen staatlichen Beh\u00f6rde beschweren: Informationsbeauftragter der Republik Slowenien (Zalo\u0161ka 59, 1000 Ljubljana, Telefon: 01 230 97 30, Fax: 01 230 97 78, E-Mail: gp.ip@ip-rs.si).<\/p>\n<p><b>SPEICHERDAUER VON PERSONALIEN<br \/>\n<\/b><\/p>\n<p><span style=\"font-weight: 400;\">Wenn wir Ihre ausdr\u00fcckliche Einwilligung f\u00fcr einen bestimmten Verarbeitungszweck haben, betr\u00e4gt die Aufbewahrungsfrist: bis zum Widerruf.<br \/>\n<\/span><\/p>\n<p><span style=\"font-weight: 400;\">Rechtliche Verarbeitung aus Artikel 6b der DSGVO \u2013 die Verarbeitung ist f\u00fcr die Durchf\u00fchrung des Vertrages (Speicherfrist: 10 Jahre) oder zur Durchf\u00fchrung von Ma\u00dfnahmen auf Anfrage einer solchen Person vor Vertragsschluss erforderlich (Speicherfrist: 5 Jahre).<\/span><\/p>\n","protected":false},"excerpt":{"rendered":"<p>DATENSCHUTZERKL\u00c4RUNG UND PERS\u00d6NLICHE DATENSCHUTZERKL\u00c4RUNG Der Betreiber Personalien im Sinne der EU-Datenschutz-Grundverordnung (DSGVO) und des anwendbaren Rechts zum Schutz Personaldaten ist: Floramicato d.o.o. \u0160tuki 41 2250 Ptuj Slovenija Elektronska po\u0161ta: info@floramicato.com Floramicato d.o.o., Betreiber des Online-Shops floramicato.com, verpflichtet sich, alle erfassten Personaldaten in \u00dcbereinstimmung mit der DSGVO und den geltenden slowenischen Gesetzen (Gesetz zum Schutz Personaldaten) <a href=\"https:\/\/floramicato.com\/de\/datenschutz\" class=\"more-link\">&#8230;<span class=\"screen-reader-text\">  Datenschutz<\/span><\/a><\/p>\n","protected":false},"author":4,"featured_media":0,"parent":0,"menu_order":0,"comment_status":"closed","ping_status":"closed","template":"","meta":{"_acf_changed":false,"footnotes":""},"class_list":["post-4697","page","type-page","status-publish","hentry"],"acf":[],"yoast_head":"<!-- This site is optimized with the Yoast SEO plugin v27.3 - https:\/\/yoast.com\/product\/yoast-seo-wordpress\/ -->\n<title>Datenschutz - Floramicato d.o.o<\/title>\n<meta name=\"robots\" content=\"index, follow, max-snippet:-1, max-image-preview:large, max-video-preview:-1\" \/>\n<link rel=\"canonical\" href=\"https:\/\/floramicato.com\/de\/datenschutz\" \/>\n<meta property=\"og:locale\" content=\"de_DE\" \/>\n<meta property=\"og:type\" content=\"article\" \/>\n<meta property=\"og:title\" content=\"Datenschutz - Floramicato d.o.o\" \/>\n<meta property=\"og:description\" content=\"DATENSCHUTZERKL\u00c4RUNG UND PERS\u00d6NLICHE DATENSCHUTZERKL\u00c4RUNG Der Betreiber Personalien im Sinne der EU-Datenschutz-Grundverordnung (DSGVO) und des anwendbaren Rechts zum Schutz Personaldaten ist: Floramicato d.o.o. \u0160tuki 41 2250 Ptuj Slovenija Elektronska po\u0161ta: info@floramicato.com Floramicato d.o.o., Betreiber des Online-Shops floramicato.com, verpflichtet sich, alle erfassten Personaldaten in \u00dcbereinstimmung mit der DSGVO und den geltenden slowenischen Gesetzen (Gesetz zum Schutz Personaldaten) ... Datenschutz\" \/>\n<meta property=\"og:url\" content=\"https:\/\/floramicato.com\/de\/datenschutz\" \/>\n<meta property=\"og:site_name\" content=\"Floramicato d.o.o\" \/>\n<meta property=\"article:modified_time\" content=\"2022-10-05T09:52:22+00:00\" \/>\n<meta name=\"twitter:card\" content=\"summary_large_image\" \/>\n<meta name=\"twitter:label1\" content=\"Gesch\u00e4tzte Lesezeit\" \/>\n\t<meta name=\"twitter:data1\" content=\"3\u00a0Minuten\" \/>\n<script type=\"application\/ld+json\" class=\"yoast-schema-graph\">{\"@context\":\"https:\\\/\\\/schema.org\",\"@graph\":[{\"@type\":\"WebPage\",\"@id\":\"https:\\\/\\\/floramicato.com\\\/de\\\/datenschutz\",\"url\":\"https:\\\/\\\/floramicato.com\\\/de\\\/datenschutz\",\"name\":\"Datenschutz - Floramicato d.o.o\",\"isPartOf\":{\"@id\":\"https:\\\/\\\/floramicato.com\\\/#website\"},\"datePublished\":\"2022-09-12T12:42:31+00:00\",\"dateModified\":\"2022-10-05T09:52:22+00:00\",\"breadcrumb\":{\"@id\":\"https:\\\/\\\/floramicato.com\\\/de\\\/datenschutz#breadcrumb\"},\"inLanguage\":\"de\",\"potentialAction\":[{\"@type\":\"ReadAction\",\"target\":[\"https:\\\/\\\/floramicato.com\\\/de\\\/datenschutz\"]}]},{\"@type\":\"BreadcrumbList\",\"@id\":\"https:\\\/\\\/floramicato.com\\\/de\\\/datenschutz#breadcrumb\",\"itemListElement\":[{\"@type\":\"ListItem\",\"position\":1,\"name\":\"Home\",\"item\":\"https:\\\/\\\/floramicato.com\\\/de\"},{\"@type\":\"ListItem\",\"position\":2,\"name\":\"Datenschutz\"}]},{\"@type\":\"WebSite\",\"@id\":\"https:\\\/\\\/floramicato.com\\\/#website\",\"url\":\"https:\\\/\\\/floramicato.com\\\/\",\"name\":\"Floramicato d.o.o\",\"description\":\"\",\"potentialAction\":[{\"@type\":\"SearchAction\",\"target\":{\"@type\":\"EntryPoint\",\"urlTemplate\":\"https:\\\/\\\/floramicato.com\\\/?s={search_term_string}\"},\"query-input\":{\"@type\":\"PropertyValueSpecification\",\"valueRequired\":true,\"valueName\":\"search_term_string\"}}],\"inLanguage\":\"de\"}]}<\/script>\n<!-- \/ Yoast SEO plugin. -->","yoast_head_json":{"title":"Datenschutz - Floramicato d.o.o","robots":{"index":"index","follow":"follow","max-snippet":"max-snippet:-1","max-image-preview":"max-image-preview:large","max-video-preview":"max-video-preview:-1"},"canonical":"https:\/\/floramicato.com\/de\/datenschutz","og_locale":"de_DE","og_type":"article","og_title":"Datenschutz - Floramicato d.o.o","og_description":"DATENSCHUTZERKL\u00c4RUNG UND PERS\u00d6NLICHE DATENSCHUTZERKL\u00c4RUNG Der Betreiber Personalien im Sinne der EU-Datenschutz-Grundverordnung (DSGVO) und des anwendbaren Rechts zum Schutz Personaldaten ist: Floramicato d.o.o. \u0160tuki 41 2250 Ptuj Slovenija Elektronska po\u0161ta: info@floramicato.com Floramicato d.o.o., Betreiber des Online-Shops floramicato.com, verpflichtet sich, alle erfassten Personaldaten in \u00dcbereinstimmung mit der DSGVO und den geltenden slowenischen Gesetzen (Gesetz zum Schutz Personaldaten) ... Datenschutz","og_url":"https:\/\/floramicato.com\/de\/datenschutz","og_site_name":"Floramicato d.o.o","article_modified_time":"2022-10-05T09:52:22+00:00","twitter_card":"summary_large_image","twitter_misc":{"Gesch\u00e4tzte Lesezeit":"3\u00a0Minuten"},"schema":{"@context":"https:\/\/schema.org","@graph":[{"@type":"WebPage","@id":"https:\/\/floramicato.com\/de\/datenschutz","url":"https:\/\/floramicato.com\/de\/datenschutz","name":"Datenschutz - Floramicato d.o.o","isPartOf":{"@id":"https:\/\/floramicato.com\/#website"},"datePublished":"2022-09-12T12:42:31+00:00","dateModified":"2022-10-05T09:52:22+00:00","breadcrumb":{"@id":"https:\/\/floramicato.com\/de\/datenschutz#breadcrumb"},"inLanguage":"de","potentialAction":[{"@type":"ReadAction","target":["https:\/\/floramicato.com\/de\/datenschutz"]}]},{"@type":"BreadcrumbList","@id":"https:\/\/floramicato.com\/de\/datenschutz#breadcrumb","itemListElement":[{"@type":"ListItem","position":1,"name":"Home","item":"https:\/\/floramicato.com\/de"},{"@type":"ListItem","position":2,"name":"Datenschutz"}]},{"@type":"WebSite","@id":"https:\/\/floramicato.com\/#website","url":"https:\/\/floramicato.com\/","name":"Floramicato d.o.o","description":"","potentialAction":[{"@type":"SearchAction","target":{"@type":"EntryPoint","urlTemplate":"https:\/\/floramicato.com\/?s={search_term_string}"},"query-input":{"@type":"PropertyValueSpecification","valueRequired":true,"valueName":"search_term_string"}}],"inLanguage":"de"}]}},"_links":{"self":[{"href":"https:\/\/floramicato.com\/de\/wp-json\/wp\/v2\/pages\/4697","targetHints":{"allow":["GET"]}}],"collection":[{"href":"https:\/\/floramicato.com\/de\/wp-json\/wp\/v2\/pages"}],"about":[{"href":"https:\/\/floramicato.com\/de\/wp-json\/wp\/v2\/types\/page"}],"author":[{"embeddable":true,"href":"https:\/\/floramicato.com\/de\/wp-json\/wp\/v2\/users\/4"}],"replies":[{"embeddable":true,"href":"https:\/\/floramicato.com\/de\/wp-json\/wp\/v2\/comments?post=4697"}],"version-history":[{"count":3,"href":"https:\/\/floramicato.com\/de\/wp-json\/wp\/v2\/pages\/4697\/revisions"}],"predecessor-version":[{"id":5245,"href":"https:\/\/floramicato.com\/de\/wp-json\/wp\/v2\/pages\/4697\/revisions\/5245"}],"wp:attachment":[{"href":"https:\/\/floramicato.com\/de\/wp-json\/wp\/v2\/media?parent=4697"}],"curies":[{"name":"wp","href":"https:\/\/api.w.org\/{rel}","templated":true}]}}