{"id":4057,"date":"2022-06-24T06:43:16","date_gmt":"2022-06-24T06:43:16","guid":{"rendered":"http:\/\/floramicato.com\/product\/fluffy-speedy-bunny"},"modified":"2025-08-02T07:51:59","modified_gmt":"2025-08-02T07:51:59","slug":"fluffy-speedy-bunny","status":"publish","type":"product","link":"https:\/\/floramicato.com\/de\/produkt\/fluffy-speedy-bunny","title":{"rendered":"FLUFFY SPEEDY BUNNY"},"content":{"rendered":"<p>Jagt Ihr Hund gerne alles au\u00dfer Spielzeug?<br \/>\nHaben Sie keine Ideen mehr, wie Sie mit Ihrem Hund spielen k\u00f6nnen?<br \/>\nFluffy Speedy Bunny ist das ideale Spielzeug, um den Spieltrieb Ihres Hundes aufzubauen.<br \/>\nSpeziell entwickeltes Spielzeug mit gro\u00dfem und weichem Bei\u00dfteil an der langen Leine die an der Stange befestigt ist. Ideal f\u00fcr interaktive Spiele.<br \/>\nKlein: Stange 100-120 cm, Leine + Bunge 130 cm, Kissen mit Quietscher 15 x 5 cm, Flauschb\u00e4nder 15 cm.<br \/>\nGro\u00df: Faltstange 180 cm, Leine + Bunge 180 cm, Kissen mit Quietscher 25 x 5 cm, Flauschb\u00e4nder 30 cm.<\/p>\n<p>Fleece Small: Stange 100 -120 cm, Leine + Bunge 130 cm, Fleeceb\u00e4nder 20 cm.<br \/>\nFleece Large: Faltstange 180 cm, Leine + Bunge 180 cm, Fleeceb\u00e4nder 35 cm.<\/p>\n<p>Nicht zum Kauen geeignet. Wenn das Spiel vorbei ist, legen Sie bitte das Spielzeug aus der Reichweite des Hundes.<\/p>\n","protected":false},"excerpt":{"rendered":"<p>Jagt Ihr Hund gerne alles au\u00dfer Spielzeug? Haben Sie keine Ideen mehr, wie Sie mit Ihrem Hund spielen k\u00f6nnen? Fluffy Speedy Bunny ist das ideale Spielzeug, um den Spieltrieb Ihres Hundes aufzubauen. Speziell entwickeltes Spielzeug mit gro\u00dfem und weichem Bei\u00dfteil an der langen Leine die an der Stange befestigt ist. Ideal f\u00fcr interaktive Spiele. Klein: <a href=\"https:\/\/floramicato.com\/de\/produkt\/fluffy-speedy-bunny\" class=\"more-link\">&#8230;<span class=\"screen-reader-text\">  FLUFFY SPEEDY BUNNY<\/span><\/a><\/p>\n","protected":false},"featured_media":3551,"comment_status":"open","ping_status":"closed","template":"","meta":{"_acf_changed":false},"product_brand":[],"product_cat":[261,272],"product_tag":[],"class_list":{"0":"post-4057","1":"product","2":"type-product","3":"status-publish","4":"has-post-thumbnail","6":"product_cat-jagd","7":"product_cat-welpen-wuerfe","9":"first","10":"instock","11":"taxable","12":"shipping-taxable","13":"purchasable","14":"product-type-variable"},"acf":[],"yoast_head":"<!-- This site is optimized with the Yoast SEO plugin v27.3 - https:\/\/yoast.com\/product\/yoast-seo-wordpress\/ -->\n<title>FLUFFY SPEEDY BUNNY - Floramicato d.o.o<\/title>\n<meta name=\"robots\" content=\"index, follow, max-snippet:-1, max-image-preview:large, max-video-preview:-1\" \/>\n<link rel=\"canonical\" href=\"https:\/\/floramicato.com\/de\/produkt\/fluffy-speedy-bunny\" \/>\n<meta property=\"og:locale\" content=\"de_DE\" \/>\n<meta property=\"og:type\" content=\"article\" \/>\n<meta property=\"og:title\" content=\"FLUFFY SPEEDY BUNNY - Floramicato d.o.o\" \/>\n<meta property=\"og:description\" content=\"Jagt Ihr Hund gerne alles au\u00dfer Spielzeug? Haben Sie keine Ideen mehr, wie Sie mit Ihrem Hund spielen k\u00f6nnen? Fluffy Speedy Bunny ist das ideale Spielzeug, um den Spieltrieb Ihres Hundes aufzubauen. Speziell entwickeltes Spielzeug mit gro\u00dfem und weichem Bei\u00dfteil an der langen Leine die an der Stange befestigt ist. Ideal f\u00fcr interaktive Spiele. Klein: ... FLUFFY SPEEDY BUNNY\" \/>\n<meta property=\"og:url\" content=\"https:\/\/floramicato.com\/de\/produkt\/fluffy-speedy-bunny\" \/>\n<meta property=\"og:site_name\" content=\"Floramicato d.o.o\" \/>\n<meta property=\"article:modified_time\" content=\"2025-08-02T07:51:59+00:00\" \/>\n<meta property=\"og:image\" content=\"https:\/\/floramicato.com\/wp-content\/uploads\/2022\/06\/speedy_bunny_fleece_L.jpg\" \/>\n\t<meta property=\"og:image:width\" content=\"800\" \/>\n\t<meta property=\"og:image:height\" content=\"800\" \/>\n\t<meta property=\"og:image:type\" content=\"image\/jpeg\" \/>\n<meta name=\"twitter:card\" content=\"summary_large_image\" \/>\n<meta name=\"twitter:label1\" content=\"Gesch\u00e4tzte Lesezeit\" \/>\n\t<meta name=\"twitter:data1\" content=\"1\u00a0Minute\" \/>\n<script type=\"application\/ld+json\" class=\"yoast-schema-graph\">{\"@context\":\"https:\\\/\\\/schema.org\",\"@graph\":[{\"@type\":\"WebPage\",\"@id\":\"https:\\\/\\\/floramicato.com\\\/de\\\/produkt\\\/fluffy-speedy-bunny\",\"url\":\"https:\\\/\\\/floramicato.com\\\/de\\\/produkt\\\/fluffy-speedy-bunny\",\"name\":\"FLUFFY SPEEDY BUNNY - Floramicato d.o.o\",\"isPartOf\":{\"@id\":\"https:\\\/\\\/floramicato.com\\\/#website\"},\"primaryImageOfPage\":{\"@id\":\"https:\\\/\\\/floramicato.com\\\/de\\\/produkt\\\/fluffy-speedy-bunny#primaryimage\"},\"image\":{\"@id\":\"https:\\\/\\\/floramicato.com\\\/de\\\/produkt\\\/fluffy-speedy-bunny#primaryimage\"},\"thumbnailUrl\":\"https:\\\/\\\/floramicato.com\\\/wp-content\\\/uploads\\\/2022\\\/06\\\/speedy_bunny_fleece_L.jpg\",\"datePublished\":\"2022-06-24T06:43:16+00:00\",\"dateModified\":\"2025-08-02T07:51:59+00:00\",\"breadcrumb\":{\"@id\":\"https:\\\/\\\/floramicato.com\\\/de\\\/produkt\\\/fluffy-speedy-bunny#breadcrumb\"},\"inLanguage\":\"de\",\"potentialAction\":[{\"@type\":\"ReadAction\",\"target\":[\"https:\\\/\\\/floramicato.com\\\/de\\\/produkt\\\/fluffy-speedy-bunny\"]}]},{\"@type\":\"ImageObject\",\"inLanguage\":\"de\",\"@id\":\"https:\\\/\\\/floramicato.com\\\/de\\\/produkt\\\/fluffy-speedy-bunny#primaryimage\",\"url\":\"https:\\\/\\\/floramicato.com\\\/wp-content\\\/uploads\\\/2022\\\/06\\\/speedy_bunny_fleece_L.jpg\",\"contentUrl\":\"https:\\\/\\\/floramicato.com\\\/wp-content\\\/uploads\\\/2022\\\/06\\\/speedy_bunny_fleece_L.jpg\",\"width\":800,\"height\":800},{\"@type\":\"BreadcrumbList\",\"@id\":\"https:\\\/\\\/floramicato.com\\\/de\\\/produkt\\\/fluffy-speedy-bunny#breadcrumb\",\"itemListElement\":[{\"@type\":\"ListItem\",\"position\":1,\"name\":\"Home\",\"item\":\"https:\\\/\\\/floramicato.com\\\/de\"},{\"@type\":\"ListItem\",\"position\":2,\"name\":\"Produkte\",\"item\":\"https:\\\/\\\/floramicato.com\\\/de\\\/produkte\"},{\"@type\":\"ListItem\",\"position\":3,\"name\":\"FLUFFY SPEEDY BUNNY\"}]},{\"@type\":\"WebSite\",\"@id\":\"https:\\\/\\\/floramicato.com\\\/#website\",\"url\":\"https:\\\/\\\/floramicato.com\\\/\",\"name\":\"Floramicato d.o.o\",\"description\":\"\",\"potentialAction\":[{\"@type\":\"SearchAction\",\"target\":{\"@type\":\"EntryPoint\",\"urlTemplate\":\"https:\\\/\\\/floramicato.com\\\/?s={search_term_string}\"},\"query-input\":{\"@type\":\"PropertyValueSpecification\",\"valueRequired\":true,\"valueName\":\"search_term_string\"}}],\"inLanguage\":\"de\"}]}<\/script>\n<!-- \/ Yoast SEO plugin. -->","yoast_head_json":{"title":"FLUFFY SPEEDY BUNNY - Floramicato d.o.o","robots":{"index":"index","follow":"follow","max-snippet":"max-snippet:-1","max-image-preview":"max-image-preview:large","max-video-preview":"max-video-preview:-1"},"canonical":"https:\/\/floramicato.com\/de\/produkt\/fluffy-speedy-bunny","og_locale":"de_DE","og_type":"article","og_title":"FLUFFY SPEEDY BUNNY - Floramicato d.o.o","og_description":"Jagt Ihr Hund gerne alles au\u00dfer Spielzeug? Haben Sie keine Ideen mehr, wie Sie mit Ihrem Hund spielen k\u00f6nnen? Fluffy Speedy Bunny ist das ideale Spielzeug, um den Spieltrieb Ihres Hundes aufzubauen. Speziell entwickeltes Spielzeug mit gro\u00dfem und weichem Bei\u00dfteil an der langen Leine die an der Stange befestigt ist. Ideal f\u00fcr interaktive Spiele. Klein: ... FLUFFY SPEEDY BUNNY","og_url":"https:\/\/floramicato.com\/de\/produkt\/fluffy-speedy-bunny","og_site_name":"Floramicato d.o.o","article_modified_time":"2025-08-02T07:51:59+00:00","og_image":[{"width":800,"height":800,"url":"https:\/\/floramicato.com\/wp-content\/uploads\/2022\/06\/speedy_bunny_fleece_L.jpg","type":"image\/jpeg"}],"twitter_card":"summary_large_image","twitter_misc":{"Gesch\u00e4tzte Lesezeit":"1\u00a0Minute"},"schema":{"@context":"https:\/\/schema.org","@graph":[{"@type":"WebPage","@id":"https:\/\/floramicato.com\/de\/produkt\/fluffy-speedy-bunny","url":"https:\/\/floramicato.com\/de\/produkt\/fluffy-speedy-bunny","name":"FLUFFY SPEEDY BUNNY - Floramicato d.o.o","isPartOf":{"@id":"https:\/\/floramicato.com\/#website"},"primaryImageOfPage":{"@id":"https:\/\/floramicato.com\/de\/produkt\/fluffy-speedy-bunny#primaryimage"},"image":{"@id":"https:\/\/floramicato.com\/de\/produkt\/fluffy-speedy-bunny#primaryimage"},"thumbnailUrl":"https:\/\/floramicato.com\/wp-content\/uploads\/2022\/06\/speedy_bunny_fleece_L.jpg","datePublished":"2022-06-24T06:43:16+00:00","dateModified":"2025-08-02T07:51:59+00:00","breadcrumb":{"@id":"https:\/\/floramicato.com\/de\/produkt\/fluffy-speedy-bunny#breadcrumb"},"inLanguage":"de","potentialAction":[{"@type":"ReadAction","target":["https:\/\/floramicato.com\/de\/produkt\/fluffy-speedy-bunny"]}]},{"@type":"ImageObject","inLanguage":"de","@id":"https:\/\/floramicato.com\/de\/produkt\/fluffy-speedy-bunny#primaryimage","url":"https:\/\/floramicato.com\/wp-content\/uploads\/2022\/06\/speedy_bunny_fleece_L.jpg","contentUrl":"https:\/\/floramicato.com\/wp-content\/uploads\/2022\/06\/speedy_bunny_fleece_L.jpg","width":800,"height":800},{"@type":"BreadcrumbList","@id":"https:\/\/floramicato.com\/de\/produkt\/fluffy-speedy-bunny#breadcrumb","itemListElement":[{"@type":"ListItem","position":1,"name":"Home","item":"https:\/\/floramicato.com\/de"},{"@type":"ListItem","position":2,"name":"Produkte","item":"https:\/\/floramicato.com\/de\/produkte"},{"@type":"ListItem","position":3,"name":"FLUFFY SPEEDY BUNNY"}]},{"@type":"WebSite","@id":"https:\/\/floramicato.com\/#website","url":"https:\/\/floramicato.com\/","name":"Floramicato d.o.o","description":"","potentialAction":[{"@type":"SearchAction","target":{"@type":"EntryPoint","urlTemplate":"https:\/\/floramicato.com\/?s={search_term_string}"},"query-input":{"@type":"PropertyValueSpecification","valueRequired":true,"valueName":"search_term_string"}}],"inLanguage":"de"}]}},"_links":{"self":[{"href":"https:\/\/floramicato.com\/de\/wp-json\/wp\/v2\/product\/4057","targetHints":{"allow":["GET"]}}],"collection":[{"href":"https:\/\/floramicato.com\/de\/wp-json\/wp\/v2\/product"}],"about":[{"href":"https:\/\/floramicato.com\/de\/wp-json\/wp\/v2\/types\/product"}],"replies":[{"embeddable":true,"href":"https:\/\/floramicato.com\/de\/wp-json\/wp\/v2\/comments?post=4057"}],"wp:featuredmedia":[{"embeddable":true,"href":"https:\/\/floramicato.com\/de\/wp-json\/wp\/v2\/media\/3551"}],"wp:attachment":[{"href":"https:\/\/floramicato.com\/de\/wp-json\/wp\/v2\/media?parent=4057"}],"wp:term":[{"taxonomy":"product_brand","embeddable":true,"href":"https:\/\/floramicato.com\/de\/wp-json\/wp\/v2\/product_brand?post=4057"},{"taxonomy":"product_cat","embeddable":true,"href":"https:\/\/floramicato.com\/de\/wp-json\/wp\/v2\/product_cat?post=4057"},{"taxonomy":"product_tag","embeddable":true,"href":"https:\/\/floramicato.com\/de\/wp-json\/wp\/v2\/product_tag?post=4057"}],"curies":[{"name":"wp","href":"https:\/\/api.w.org\/{rel}","templated":true}]}}