{"id":4563,"date":"2022-06-24T06:43:11","date_gmt":"2022-06-24T06:43:11","guid":{"rendered":"http:\/\/floramicato.com\/product\/fluffy-classic-small"},"modified":"2026-03-07T09:31:34","modified_gmt":"2026-03-07T09:31:34","slug":"fluffy-classic-small","status":"publish","type":"product","link":"https:\/\/floramicato.com\/de\/produkt\/fluffy-classic-small","title":{"rendered":"FLUFFY CLASSIC (SMALL)"},"content":{"rendered":"<p>Speziell entwickeltes Spielzeug mit weichem Bei\u00dfkissen aus Kunstpelz am k\u00fcrzeren Griff. Die zus\u00e4tzliche Materialschicht f\u00fcr Z\u00e4higkeit wird hinzugef\u00fcgt. Die 2 kleinen Quietscher steigern die Spiellust. Ideal f\u00fcr interaktive Spiele.<\/p>\n<p>Bei\u00dfkissen 16 x 8 x 1,5 cm + 40 cm Griff.<\/p>\n<p>Ideal zum Trainieren und Zerren f\u00fcr kleinere mittelstarke Hunde.<\/p>\n<p>Nicht zum Kauen geeignet. Wenn das Spiel vorbei ist, legen Sie bitte das Spielzeug aus der Reichweite des Hundes.<\/p>\n","protected":false},"excerpt":{"rendered":"<p>Speziell entwickeltes Spielzeug mit weichem Bei\u00dfkissen aus Kunstpelz am k\u00fcrzeren Griff. Die zus\u00e4tzliche Materialschicht f\u00fcr Z\u00e4higkeit wird hinzugef\u00fcgt. Die 2 kleinen Quietscher steigern die Spiellust. Ideal f\u00fcr interaktive Spiele. Bei\u00dfkissen 16 x 8 x 1,5 cm + 40 cm Griff. Ideal zum Trainieren und Zerren f\u00fcr kleinere mittelstarke Hunde. Nicht zum Kauen geeignet. Wenn das <a href=\"https:\/\/floramicato.com\/de\/produkt\/fluffy-classic-small\" class=\"more-link\">&#8230;<span class=\"screen-reader-text\">  FLUFFY CLASSIC (SMALL)<\/span><\/a><\/p>\n","protected":false},"featured_media":3092,"comment_status":"closed","ping_status":"closed","template":"","meta":{"_acf_changed":false},"product_brand":[],"product_cat":[266],"product_tag":[],"class_list":{"0":"post-4563","1":"product","2":"type-product","3":"status-publish","4":"has-post-thumbnail","6":"product_cat-zerren","8":"first","9":"instock","10":"taxable","11":"shipping-taxable","12":"purchasable","13":"product-type-variable"},"acf":[],"yoast_head":"<!-- This site is optimized with the Yoast SEO plugin v27.3 - https:\/\/yoast.com\/product\/yoast-seo-wordpress\/ -->\n<title>FLUFFY CLASSIC (SMALL) - Floramicato d.o.o<\/title>\n<meta name=\"robots\" content=\"index, follow, max-snippet:-1, max-image-preview:large, max-video-preview:-1\" \/>\n<link rel=\"canonical\" href=\"https:\/\/floramicato.com\/de\/produkt\/fluffy-classic-small\" \/>\n<meta property=\"og:locale\" content=\"de_DE\" \/>\n<meta property=\"og:type\" content=\"article\" \/>\n<meta property=\"og:title\" content=\"FLUFFY CLASSIC (SMALL) - Floramicato d.o.o\" \/>\n<meta property=\"og:description\" content=\"Speziell entwickeltes Spielzeug mit weichem Bei\u00dfkissen aus Kunstpelz am k\u00fcrzeren Griff. Die zus\u00e4tzliche Materialschicht f\u00fcr Z\u00e4higkeit wird hinzugef\u00fcgt. Die 2 kleinen Quietscher steigern die Spiellust. Ideal f\u00fcr interaktive Spiele. Bei\u00dfkissen 16 x 8 x 1,5 cm + 40 cm Griff. Ideal zum Trainieren und Zerren f\u00fcr kleinere mittelstarke Hunde. Nicht zum Kauen geeignet. Wenn das ... FLUFFY CLASSIC (SMALL)\" \/>\n<meta property=\"og:url\" content=\"https:\/\/floramicato.com\/de\/produkt\/fluffy-classic-small\" \/>\n<meta property=\"og:site_name\" content=\"Floramicato d.o.o\" \/>\n<meta property=\"article:modified_time\" content=\"2026-03-07T09:31:34+00:00\" \/>\n<meta property=\"og:image\" content=\"https:\/\/floramicato.com\/wp-content\/uploads\/2022\/06\/classic_S_orange_light_purple_D.jpg\" \/>\n\t<meta property=\"og:image:width\" content=\"800\" \/>\n\t<meta property=\"og:image:height\" content=\"800\" \/>\n\t<meta property=\"og:image:type\" content=\"image\/jpeg\" \/>\n<meta name=\"twitter:card\" content=\"summary_large_image\" \/>\n<meta name=\"twitter:label1\" content=\"Gesch\u00e4tzte Lesezeit\" \/>\n\t<meta name=\"twitter:data1\" content=\"1\u00a0Minute\" \/>\n<script type=\"application\/ld+json\" class=\"yoast-schema-graph\">{\"@context\":\"https:\\\/\\\/schema.org\",\"@graph\":[{\"@type\":\"WebPage\",\"@id\":\"https:\\\/\\\/floramicato.com\\\/de\\\/produkt\\\/fluffy-classic-small\",\"url\":\"https:\\\/\\\/floramicato.com\\\/de\\\/produkt\\\/fluffy-classic-small\",\"name\":\"FLUFFY CLASSIC (SMALL) - Floramicato d.o.o\",\"isPartOf\":{\"@id\":\"https:\\\/\\\/floramicato.com\\\/#website\"},\"primaryImageOfPage\":{\"@id\":\"https:\\\/\\\/floramicato.com\\\/de\\\/produkt\\\/fluffy-classic-small#primaryimage\"},\"image\":{\"@id\":\"https:\\\/\\\/floramicato.com\\\/de\\\/produkt\\\/fluffy-classic-small#primaryimage\"},\"thumbnailUrl\":\"https:\\\/\\\/floramicato.com\\\/wp-content\\\/uploads\\\/2022\\\/06\\\/classic_S_orange_light_purple_D.jpg\",\"datePublished\":\"2022-06-24T06:43:11+00:00\",\"dateModified\":\"2026-03-07T09:31:34+00:00\",\"breadcrumb\":{\"@id\":\"https:\\\/\\\/floramicato.com\\\/de\\\/produkt\\\/fluffy-classic-small#breadcrumb\"},\"inLanguage\":\"de\",\"potentialAction\":[{\"@type\":\"ReadAction\",\"target\":[\"https:\\\/\\\/floramicato.com\\\/de\\\/produkt\\\/fluffy-classic-small\"]}]},{\"@type\":\"ImageObject\",\"inLanguage\":\"de\",\"@id\":\"https:\\\/\\\/floramicato.com\\\/de\\\/produkt\\\/fluffy-classic-small#primaryimage\",\"url\":\"https:\\\/\\\/floramicato.com\\\/wp-content\\\/uploads\\\/2022\\\/06\\\/classic_S_orange_light_purple_D.jpg\",\"contentUrl\":\"https:\\\/\\\/floramicato.com\\\/wp-content\\\/uploads\\\/2022\\\/06\\\/classic_S_orange_light_purple_D.jpg\",\"width\":800,\"height\":800},{\"@type\":\"BreadcrumbList\",\"@id\":\"https:\\\/\\\/floramicato.com\\\/de\\\/produkt\\\/fluffy-classic-small#breadcrumb\",\"itemListElement\":[{\"@type\":\"ListItem\",\"position\":1,\"name\":\"Home\",\"item\":\"https:\\\/\\\/floramicato.com\\\/de\"},{\"@type\":\"ListItem\",\"position\":2,\"name\":\"Produkte\",\"item\":\"https:\\\/\\\/floramicato.com\\\/de\\\/produkte\"},{\"@type\":\"ListItem\",\"position\":3,\"name\":\"FLUFFY CLASSIC (SMALL)\"}]},{\"@type\":\"WebSite\",\"@id\":\"https:\\\/\\\/floramicato.com\\\/#website\",\"url\":\"https:\\\/\\\/floramicato.com\\\/\",\"name\":\"Floramicato d.o.o\",\"description\":\"\",\"potentialAction\":[{\"@type\":\"SearchAction\",\"target\":{\"@type\":\"EntryPoint\",\"urlTemplate\":\"https:\\\/\\\/floramicato.com\\\/?s={search_term_string}\"},\"query-input\":{\"@type\":\"PropertyValueSpecification\",\"valueRequired\":true,\"valueName\":\"search_term_string\"}}],\"inLanguage\":\"de\"}]}<\/script>\n<!-- \/ Yoast SEO plugin. -->","yoast_head_json":{"title":"FLUFFY CLASSIC (SMALL) - Floramicato d.o.o","robots":{"index":"index","follow":"follow","max-snippet":"max-snippet:-1","max-image-preview":"max-image-preview:large","max-video-preview":"max-video-preview:-1"},"canonical":"https:\/\/floramicato.com\/de\/produkt\/fluffy-classic-small","og_locale":"de_DE","og_type":"article","og_title":"FLUFFY CLASSIC (SMALL) - Floramicato d.o.o","og_description":"Speziell entwickeltes Spielzeug mit weichem Bei\u00dfkissen aus Kunstpelz am k\u00fcrzeren Griff. Die zus\u00e4tzliche Materialschicht f\u00fcr Z\u00e4higkeit wird hinzugef\u00fcgt. Die 2 kleinen Quietscher steigern die Spiellust. Ideal f\u00fcr interaktive Spiele. Bei\u00dfkissen 16 x 8 x 1,5 cm + 40 cm Griff. Ideal zum Trainieren und Zerren f\u00fcr kleinere mittelstarke Hunde. Nicht zum Kauen geeignet. Wenn das ... FLUFFY CLASSIC (SMALL)","og_url":"https:\/\/floramicato.com\/de\/produkt\/fluffy-classic-small","og_site_name":"Floramicato d.o.o","article_modified_time":"2026-03-07T09:31:34+00:00","og_image":[{"width":800,"height":800,"url":"https:\/\/floramicato.com\/wp-content\/uploads\/2022\/06\/classic_S_orange_light_purple_D.jpg","type":"image\/jpeg"}],"twitter_card":"summary_large_image","twitter_misc":{"Gesch\u00e4tzte Lesezeit":"1\u00a0Minute"},"schema":{"@context":"https:\/\/schema.org","@graph":[{"@type":"WebPage","@id":"https:\/\/floramicato.com\/de\/produkt\/fluffy-classic-small","url":"https:\/\/floramicato.com\/de\/produkt\/fluffy-classic-small","name":"FLUFFY CLASSIC (SMALL) - Floramicato d.o.o","isPartOf":{"@id":"https:\/\/floramicato.com\/#website"},"primaryImageOfPage":{"@id":"https:\/\/floramicato.com\/de\/produkt\/fluffy-classic-small#primaryimage"},"image":{"@id":"https:\/\/floramicato.com\/de\/produkt\/fluffy-classic-small#primaryimage"},"thumbnailUrl":"https:\/\/floramicato.com\/wp-content\/uploads\/2022\/06\/classic_S_orange_light_purple_D.jpg","datePublished":"2022-06-24T06:43:11+00:00","dateModified":"2026-03-07T09:31:34+00:00","breadcrumb":{"@id":"https:\/\/floramicato.com\/de\/produkt\/fluffy-classic-small#breadcrumb"},"inLanguage":"de","potentialAction":[{"@type":"ReadAction","target":["https:\/\/floramicato.com\/de\/produkt\/fluffy-classic-small"]}]},{"@type":"ImageObject","inLanguage":"de","@id":"https:\/\/floramicato.com\/de\/produkt\/fluffy-classic-small#primaryimage","url":"https:\/\/floramicato.com\/wp-content\/uploads\/2022\/06\/classic_S_orange_light_purple_D.jpg","contentUrl":"https:\/\/floramicato.com\/wp-content\/uploads\/2022\/06\/classic_S_orange_light_purple_D.jpg","width":800,"height":800},{"@type":"BreadcrumbList","@id":"https:\/\/floramicato.com\/de\/produkt\/fluffy-classic-small#breadcrumb","itemListElement":[{"@type":"ListItem","position":1,"name":"Home","item":"https:\/\/floramicato.com\/de"},{"@type":"ListItem","position":2,"name":"Produkte","item":"https:\/\/floramicato.com\/de\/produkte"},{"@type":"ListItem","position":3,"name":"FLUFFY CLASSIC (SMALL)"}]},{"@type":"WebSite","@id":"https:\/\/floramicato.com\/#website","url":"https:\/\/floramicato.com\/","name":"Floramicato d.o.o","description":"","potentialAction":[{"@type":"SearchAction","target":{"@type":"EntryPoint","urlTemplate":"https:\/\/floramicato.com\/?s={search_term_string}"},"query-input":{"@type":"PropertyValueSpecification","valueRequired":true,"valueName":"search_term_string"}}],"inLanguage":"de"}]}},"_links":{"self":[{"href":"https:\/\/floramicato.com\/de\/wp-json\/wp\/v2\/product\/4563","targetHints":{"allow":["GET"]}}],"collection":[{"href":"https:\/\/floramicato.com\/de\/wp-json\/wp\/v2\/product"}],"about":[{"href":"https:\/\/floramicato.com\/de\/wp-json\/wp\/v2\/types\/product"}],"replies":[{"embeddable":true,"href":"https:\/\/floramicato.com\/de\/wp-json\/wp\/v2\/comments?post=4563"}],"wp:featuredmedia":[{"embeddable":true,"href":"https:\/\/floramicato.com\/de\/wp-json\/wp\/v2\/media\/3092"}],"wp:attachment":[{"href":"https:\/\/floramicato.com\/de\/wp-json\/wp\/v2\/media?parent=4563"}],"wp:term":[{"taxonomy":"product_brand","embeddable":true,"href":"https:\/\/floramicato.com\/de\/wp-json\/wp\/v2\/product_brand?post=4563"},{"taxonomy":"product_cat","embeddable":true,"href":"https:\/\/floramicato.com\/de\/wp-json\/wp\/v2\/product_cat?post=4563"},{"taxonomy":"product_tag","embeddable":true,"href":"https:\/\/floramicato.com\/de\/wp-json\/wp\/v2\/product_tag?post=4563"}],"curies":[{"name":"wp","href":"https:\/\/api.w.org\/{rel}","templated":true}]}}