{"id":1375,"date":"2022-04-21T08:51:29","date_gmt":"2022-04-21T08:51:29","guid":{"rendered":"http:\/\/floramicato.com\/homepage"},"modified":"2026-03-30T10:09:12","modified_gmt":"2026-03-30T10:09:12","slug":"homepage-2","status":"publish","type":"page","link":"https:\/\/floramicato.com\/sl","title":{"rendered":"Homepage"},"content":{"rendered":"","protected":false},"excerpt":{"rendered":"","protected":false},"author":4,"featured_media":0,"parent":0,"menu_order":0,"comment_status":"closed","ping_status":"closed","template":"template-home.php","meta":{"_acf_changed":false,"footnotes":""},"class_list":["post-1375","page","type-page","status-publish","hentry"],"acf":[],"yoast_head":"<!-- This site is optimized with the Yoast SEO plugin v27.3 - https:\/\/yoast.com\/product\/yoast-seo-wordpress\/ -->\n<title>FloRaMicaTo | Najbolj nore pasje igra\u010de<\/title>\n<meta name=\"description\" content=\"Floramicato najbolj sme\u0161ne pasje igra\u010de so ro\u010dno narejene v EU. Najbolj\u0161e igra\u010de, ki si jih lahko za\u017eelite pri treningu s svojim psom.\" \/>\n<meta name=\"robots\" content=\"index, follow, max-snippet:-1, max-image-preview:large, max-video-preview:-1\" \/>\n<link rel=\"canonical\" href=\"https:\/\/floramicato.com\/sl\" \/>\n<meta property=\"og:locale\" content=\"sl_SI\" \/>\n<meta property=\"og:type\" content=\"article\" \/>\n<meta property=\"og:title\" content=\"FloRaMicaTo | Najbolj nore pasje igra\u010de\" \/>\n<meta property=\"og:description\" content=\"Floramicato najbolj sme\u0161ne pasje igra\u010de so ro\u010dno narejene v EU. Najbolj\u0161e igra\u010de, ki si jih lahko za\u017eelite pri treningu s svojim psom.\" \/>\n<meta property=\"og:url\" content=\"https:\/\/floramicato.com\/sl\" \/>\n<meta property=\"og:site_name\" content=\"Floramicato\" \/>\n<meta property=\"article:modified_time\" content=\"2026-03-30T10:09:12+00:00\" \/>\n<meta name=\"twitter:card\" content=\"summary_large_image\" \/>\n<script type=\"application\/ld+json\" class=\"yoast-schema-graph\">{\"@context\":\"https:\\\/\\\/schema.org\",\"@graph\":[{\"@type\":\"WebPage\",\"@id\":\"https:\\\/\\\/floramicato.com\\\/sl\",\"url\":\"https:\\\/\\\/floramicato.com\\\/sl\",\"name\":\"FloRaMicaTo | Najbolj nore pasje igra\u010de\",\"isPartOf\":{\"@id\":\"https:\\\/\\\/floramicato.com\\\/#website\"},\"datePublished\":\"2022-04-21T08:51:29+00:00\",\"dateModified\":\"2026-03-30T10:09:12+00:00\",\"description\":\"Floramicato najbolj sme\u0161ne pasje igra\u010de so ro\u010dno narejene v EU. Najbolj\u0161e igra\u010de, ki si jih lahko za\u017eelite pri treningu s svojim psom.\",\"breadcrumb\":{\"@id\":\"https:\\\/\\\/floramicato.com\\\/sl#breadcrumb\"},\"inLanguage\":\"sl-SI\",\"potentialAction\":[{\"@type\":\"ReadAction\",\"target\":[\"https:\\\/\\\/floramicato.com\\\/sl\"]}]},{\"@type\":\"BreadcrumbList\",\"@id\":\"https:\\\/\\\/floramicato.com\\\/sl#breadcrumb\",\"itemListElement\":[{\"@type\":\"ListItem\",\"position\":1,\"name\":\"Home\",\"item\":\"https:\\\/\\\/floramicato.com\\\/sl\"},{\"@type\":\"ListItem\",\"position\":2,\"name\":\"Homepage\"}]},{\"@type\":\"WebSite\",\"@id\":\"https:\\\/\\\/floramicato.com\\\/#website\",\"url\":\"https:\\\/\\\/floramicato.com\\\/\",\"name\":\"Floramicato\",\"description\":\"Just another WordPress site\",\"potentialAction\":[{\"@type\":\"SearchAction\",\"target\":{\"@type\":\"EntryPoint\",\"urlTemplate\":\"https:\\\/\\\/floramicato.com\\\/?s={search_term_string}\"},\"query-input\":{\"@type\":\"PropertyValueSpecification\",\"valueRequired\":true,\"valueName\":\"search_term_string\"}}],\"inLanguage\":\"sl-SI\"}]}<\/script>\n<!-- \/ Yoast SEO plugin. -->","yoast_head_json":{"title":"FloRaMicaTo | Najbolj nore pasje igra\u010de","description":"Floramicato najbolj sme\u0161ne pasje igra\u010de so ro\u010dno narejene v EU. Najbolj\u0161e igra\u010de, ki si jih lahko za\u017eelite pri treningu s svojim psom.","robots":{"index":"index","follow":"follow","max-snippet":"max-snippet:-1","max-image-preview":"max-image-preview:large","max-video-preview":"max-video-preview:-1"},"canonical":"https:\/\/floramicato.com\/sl","og_locale":"sl_SI","og_type":"article","og_title":"FloRaMicaTo | Najbolj nore pasje igra\u010de","og_description":"Floramicato najbolj sme\u0161ne pasje igra\u010de so ro\u010dno narejene v EU. Najbolj\u0161e igra\u010de, ki si jih lahko za\u017eelite pri treningu s svojim psom.","og_url":"https:\/\/floramicato.com\/sl","og_site_name":"Floramicato","article_modified_time":"2026-03-30T10:09:12+00:00","twitter_card":"summary_large_image","schema":{"@context":"https:\/\/schema.org","@graph":[{"@type":"WebPage","@id":"https:\/\/floramicato.com\/sl","url":"https:\/\/floramicato.com\/sl","name":"FloRaMicaTo | Najbolj nore pasje igra\u010de","isPartOf":{"@id":"https:\/\/floramicato.com\/#website"},"datePublished":"2022-04-21T08:51:29+00:00","dateModified":"2026-03-30T10:09:12+00:00","description":"Floramicato najbolj sme\u0161ne pasje igra\u010de so ro\u010dno narejene v EU. Najbolj\u0161e igra\u010de, ki si jih lahko za\u017eelite pri treningu s svojim psom.","breadcrumb":{"@id":"https:\/\/floramicato.com\/sl#breadcrumb"},"inLanguage":"sl-SI","potentialAction":[{"@type":"ReadAction","target":["https:\/\/floramicato.com\/sl"]}]},{"@type":"BreadcrumbList","@id":"https:\/\/floramicato.com\/sl#breadcrumb","itemListElement":[{"@type":"ListItem","position":1,"name":"Home","item":"https:\/\/floramicato.com\/sl"},{"@type":"ListItem","position":2,"name":"Homepage"}]},{"@type":"WebSite","@id":"https:\/\/floramicato.com\/#website","url":"https:\/\/floramicato.com\/","name":"Floramicato","description":"Just another WordPress site","potentialAction":[{"@type":"SearchAction","target":{"@type":"EntryPoint","urlTemplate":"https:\/\/floramicato.com\/?s={search_term_string}"},"query-input":{"@type":"PropertyValueSpecification","valueRequired":true,"valueName":"search_term_string"}}],"inLanguage":"sl-SI"}]}},"_links":{"self":[{"href":"https:\/\/floramicato.com\/sl\/wp-json\/wp\/v2\/pages\/1375","targetHints":{"allow":["GET"]}}],"collection":[{"href":"https:\/\/floramicato.com\/sl\/wp-json\/wp\/v2\/pages"}],"about":[{"href":"https:\/\/floramicato.com\/sl\/wp-json\/wp\/v2\/types\/page"}],"author":[{"embeddable":true,"href":"https:\/\/floramicato.com\/sl\/wp-json\/wp\/v2\/users\/4"}],"replies":[{"embeddable":true,"href":"https:\/\/floramicato.com\/sl\/wp-json\/wp\/v2\/comments?post=1375"}],"version-history":[{"count":27,"href":"https:\/\/floramicato.com\/sl\/wp-json\/wp\/v2\/pages\/1375\/revisions"}],"predecessor-version":[{"id":12209,"href":"https:\/\/floramicato.com\/sl\/wp-json\/wp\/v2\/pages\/1375\/revisions\/12209"}],"wp:attachment":[{"href":"https:\/\/floramicato.com\/sl\/wp-json\/wp\/v2\/media?parent=1375"}],"curies":[{"name":"wp","href":"https:\/\/api.w.org\/{rel}","templated":true}]}}