{"id":4632,"date":"2022-09-06T12:58:11","date_gmt":"2022-09-06T12:58:11","guid":{"rendered":"http:\/\/floramicato.com\/?page_id=4632"},"modified":"2022-09-06T12:59:07","modified_gmt":"2022-09-06T12:59:07","slug":"nacin-placila","status":"publish","type":"page","link":"https:\/\/floramicato.com\/sl\/nacin-placila","title":{"rendered":"Na\u010din pla\u010dila"},"content":{"rendered":"<p><span style=\"font-weight: 400;\">Izdelke lahko pla\u010date s kreditno kartico, po povzetju, s Paypal sistemom ali po predra\u010dunu. Floramicato d.o.o. si pridr\u017euje pravico, da v posameznih primerih ali odvisno od na\u010dina dostave, ki ga je izbrala stranka, sprejme samo dolo\u010den na\u010din pla\u010dila.<\/span><\/p>\n<ol start=\"2\">\n<li><b> Pla\u010dilo s kreditno kartico<\/b><\/li>\n<\/ol>\n<p><span style=\"font-weight: 400;\">Pri pla\u010dilu s kreditno\/debetno kartico sledi bremenitev v roku enega tedna po odpremi blaga (sprejemamo MasterCard, Visa, Maestro, American express).<\/span><\/p>\n<ol start=\"3\">\n<li><b> Pla\u010dilo po predra\u010dunu<\/b><\/li>\n<\/ol>\n<p><span style=\"font-weight: 400;\">V primeru pla\u010dila blaga po predra\u010dunu je potrebno znesek ra\u010duna nakazati na spodaj naveden ban\u010dni ra\u010dun v roku 7 dni po prejemu potrditve naro\u010dila.<\/span><\/p>\n<p><span style=\"font-weight: 400;\">Ban\u010dni podatki za nakazilo:<\/span><\/p>\n<p><span style=\"font-weight: 400;\">Floramicato d.o.o.<\/span><\/p>\n<p><span style=\"font-weight: 400;\">\u0160tuki 41<\/span><\/p>\n<p><span style=\"font-weight: 400;\">2250 Ptuj, Slovenija<\/span><\/p>\n<p><span style=\"font-weight: 400;\">UNICREDIT BANKA SLOVENIJA D.D., LJUBLJANA<\/span><\/p>\n<p><span style=\"font-weight: 400;\">TRR: 2900 0005 3359 557<\/span><\/p>\n<p><span style=\"font-weight: 400;\">IBAN: SI56 2900 0005 3359 557<\/span><\/p>\n<p><span style=\"font-weight: 400;\">SWIFT (BIC): BACXSI22<\/span><\/p>\n<ol start=\"4\">\n<li><b> Pla\u010dilo s PayPal<\/b><\/li>\n<\/ol>\n<p><span style=\"font-weight: 400;\">PayPal je spletna pla\u010dilna storitev, ki zagotavlja varno, enostavno in hitro pla\u010dilo. Med naro\u010danjem imate mo\u017enost odpreti va\u0161 ra\u010dun PayPal. Pri pla\u010dilu s PayPal se ne pla\u010da dodatne pristojbine.<\/span><\/p>\n<ol start=\"5\">\n<li><b> Kuponi<\/b><\/li>\n<\/ol>\n<p><span style=\"font-weight: 400;\">V primeru unov\u010denja kuponov se upo\u0161tevajo posebni pogoji, ki veljajo za unov\u010denje kuponov, kot so npr. minimalna koli\u010dina naro\u010dila, veljavnost, itd. Ustrezne informacije so navedene na kuponih. V vsakem primeru se lahko pri enem nakupu unov\u010di le en kupon oz. popust za eno naro\u010dilo. Izpla\u010dilo gotovine kakor tudi kasnej\u0161i obra\u010dun za prej\u0161nja naro\u010dila ni mo\u017een. Nadaljnja prodaja ni dovoljena.<\/span><\/p>\n<ol start=\"6\">\n<li><b> Stro\u0161ki transakcije<\/b><\/li>\n<\/ol>\n<p><span style=\"font-weight: 400;\">V primeru, da stranka zamuja s pla\u010dilom, se nakupni ceni dodajo obresti zaradi zamude v vi\u0161ini 5 odstotnih to\u010dk nad temeljno obrestno mero ECB. \u010ce stranka ni kon\u010dni potro\u0161nik, zna\u0161ajo obresti zaradi zamude 8 odstotnih to\u010dk nad temeljno obrestno mero. Floramicato d.o.o.\u00a0 si pridr\u017euje pravico, da proti obvestilu uveljavlja vi\u0161jo od\u0161kodnino zaradi zamude.<\/span><\/p>\n<ol start=\"7\">\n<li><b> Ra\u010duni<\/b><\/li>\n<\/ol>\n<p><span style=\"font-weight: 400;\">Stranka se strinja, da bo prejela ra\u010dune v elektronski obliki. Elektronski ra\u010duni bodo poslani na E-Mail naslov stranke kot PDF datoteka. Zara\u010dunani prometni davek kupcu ne daje pravice do odbitka vstopnega davka.<\/span><\/p>\n","protected":false},"excerpt":{"rendered":"<p>Izdelke lahko pla\u010date s kreditno kartico, po povzetju, s Paypal sistemom ali po predra\u010dunu. Floramicato d.o.o. si pridr\u017euje pravico, da v posameznih primerih ali odvisno od na\u010dina dostave, ki ga je izbrala stranka, sprejme samo dolo\u010den na\u010din pla\u010dila. Pla\u010dilo s kreditno kartico Pri pla\u010dilu s kreditno\/debetno kartico sledi bremenitev v roku enega tedna po odpremi <a href=\"https:\/\/floramicato.com\/sl\/nacin-placila\" class=\"more-link\">&#8230;<span class=\"screen-reader-text\">  Na\u010din pla\u010dila<\/span><\/a><\/p>\n","protected":false},"author":4,"featured_media":0,"parent":0,"menu_order":0,"comment_status":"closed","ping_status":"closed","template":"","meta":{"_acf_changed":false,"footnotes":""},"class_list":["post-4632","page","type-page","status-publish","hentry"],"acf":[],"yoast_head":"<!-- This site is optimized with the Yoast SEO plugin v27.3 - https:\/\/yoast.com\/product\/yoast-seo-wordpress\/ -->\n<title>Na\u010din pla\u010dila - Floramicato<\/title>\n<meta name=\"robots\" content=\"index, follow, max-snippet:-1, max-image-preview:large, max-video-preview:-1\" \/>\n<link rel=\"canonical\" href=\"https:\/\/floramicato.com\/nacin-placila?lang=sl\" \/>\n<meta property=\"og:locale\" content=\"sl_SI\" \/>\n<meta property=\"og:type\" content=\"article\" \/>\n<meta property=\"og:title\" content=\"Na\u010din pla\u010dila - Floramicato\" \/>\n<meta property=\"og:description\" content=\"Izdelke lahko pla\u010date s kreditno kartico, po povzetju, s Paypal sistemom ali po predra\u010dunu. Floramicato d.o.o. si pridr\u017euje pravico, da v posameznih primerih ali odvisno od na\u010dina dostave, ki ga je izbrala stranka, sprejme samo dolo\u010den na\u010din pla\u010dila. Pla\u010dilo s kreditno kartico Pri pla\u010dilu s kreditno\/debetno kartico sledi bremenitev v roku enega tedna po odpremi ... Na\u010din pla\u010dila\" \/>\n<meta property=\"og:url\" content=\"https:\/\/floramicato.com\/nacin-placila?lang=sl\" \/>\n<meta property=\"og:site_name\" content=\"Floramicato\" \/>\n<meta property=\"article:modified_time\" content=\"2022-09-06T12:59:07+00:00\" \/>\n<meta name=\"twitter:card\" content=\"summary_large_image\" \/>\n<meta name=\"twitter:label1\" content=\"Est. reading time\" \/>\n\t<meta name=\"twitter:data1\" content=\"2 minuti\" \/>\n<script type=\"application\/ld+json\" class=\"yoast-schema-graph\">{\"@context\":\"https:\\\/\\\/schema.org\",\"@graph\":[{\"@type\":\"WebPage\",\"@id\":\"https:\\\/\\\/floramicato.com\\\/nacin-placila?lang=sl\",\"url\":\"https:\\\/\\\/floramicato.com\\\/nacin-placila?lang=sl\",\"name\":\"Na\u010din pla\u010dila - Floramicato\",\"isPartOf\":{\"@id\":\"https:\\\/\\\/floramicato.com\\\/#website\"},\"datePublished\":\"2022-09-06T12:58:11+00:00\",\"dateModified\":\"2022-09-06T12:59:07+00:00\",\"breadcrumb\":{\"@id\":\"https:\\\/\\\/floramicato.com\\\/nacin-placila?lang=sl#breadcrumb\"},\"inLanguage\":\"sl-SI\",\"potentialAction\":[{\"@type\":\"ReadAction\",\"target\":[\"https:\\\/\\\/floramicato.com\\\/nacin-placila?lang=sl\"]}]},{\"@type\":\"BreadcrumbList\",\"@id\":\"https:\\\/\\\/floramicato.com\\\/nacin-placila?lang=sl#breadcrumb\",\"itemListElement\":[{\"@type\":\"ListItem\",\"position\":1,\"name\":\"Home\",\"item\":\"https:\\\/\\\/floramicato.com\\\/sl\"},{\"@type\":\"ListItem\",\"position\":2,\"name\":\"Na\u010din pla\u010dila\"}]},{\"@type\":\"WebSite\",\"@id\":\"https:\\\/\\\/floramicato.com\\\/#website\",\"url\":\"https:\\\/\\\/floramicato.com\\\/\",\"name\":\"Floramicato\",\"description\":\"Just another WordPress site\",\"potentialAction\":[{\"@type\":\"SearchAction\",\"target\":{\"@type\":\"EntryPoint\",\"urlTemplate\":\"https:\\\/\\\/floramicato.com\\\/?s={search_term_string}\"},\"query-input\":{\"@type\":\"PropertyValueSpecification\",\"valueRequired\":true,\"valueName\":\"search_term_string\"}}],\"inLanguage\":\"sl-SI\"}]}<\/script>\n<!-- \/ Yoast SEO plugin. -->","yoast_head_json":{"title":"Na\u010din pla\u010dila - Floramicato","robots":{"index":"index","follow":"follow","max-snippet":"max-snippet:-1","max-image-preview":"max-image-preview:large","max-video-preview":"max-video-preview:-1"},"canonical":"https:\/\/floramicato.com\/nacin-placila?lang=sl","og_locale":"sl_SI","og_type":"article","og_title":"Na\u010din pla\u010dila - Floramicato","og_description":"Izdelke lahko pla\u010date s kreditno kartico, po povzetju, s Paypal sistemom ali po predra\u010dunu. Floramicato d.o.o. si pridr\u017euje pravico, da v posameznih primerih ali odvisno od na\u010dina dostave, ki ga je izbrala stranka, sprejme samo dolo\u010den na\u010din pla\u010dila. Pla\u010dilo s kreditno kartico Pri pla\u010dilu s kreditno\/debetno kartico sledi bremenitev v roku enega tedna po odpremi ... Na\u010din pla\u010dila","og_url":"https:\/\/floramicato.com\/nacin-placila?lang=sl","og_site_name":"Floramicato","article_modified_time":"2022-09-06T12:59:07+00:00","twitter_card":"summary_large_image","twitter_misc":{"Est. reading time":"2 minuti"},"schema":{"@context":"https:\/\/schema.org","@graph":[{"@type":"WebPage","@id":"https:\/\/floramicato.com\/nacin-placila?lang=sl","url":"https:\/\/floramicato.com\/nacin-placila?lang=sl","name":"Na\u010din pla\u010dila - Floramicato","isPartOf":{"@id":"https:\/\/floramicato.com\/#website"},"datePublished":"2022-09-06T12:58:11+00:00","dateModified":"2022-09-06T12:59:07+00:00","breadcrumb":{"@id":"https:\/\/floramicato.com\/nacin-placila?lang=sl#breadcrumb"},"inLanguage":"sl-SI","potentialAction":[{"@type":"ReadAction","target":["https:\/\/floramicato.com\/nacin-placila?lang=sl"]}]},{"@type":"BreadcrumbList","@id":"https:\/\/floramicato.com\/nacin-placila?lang=sl#breadcrumb","itemListElement":[{"@type":"ListItem","position":1,"name":"Home","item":"https:\/\/floramicato.com\/sl"},{"@type":"ListItem","position":2,"name":"Na\u010din pla\u010dila"}]},{"@type":"WebSite","@id":"https:\/\/floramicato.com\/#website","url":"https:\/\/floramicato.com\/","name":"Floramicato","description":"Just another WordPress site","potentialAction":[{"@type":"SearchAction","target":{"@type":"EntryPoint","urlTemplate":"https:\/\/floramicato.com\/?s={search_term_string}"},"query-input":{"@type":"PropertyValueSpecification","valueRequired":true,"valueName":"search_term_string"}}],"inLanguage":"sl-SI"}]}},"_links":{"self":[{"href":"https:\/\/floramicato.com\/sl\/wp-json\/wp\/v2\/pages\/4632","targetHints":{"allow":["GET"]}}],"collection":[{"href":"https:\/\/floramicato.com\/sl\/wp-json\/wp\/v2\/pages"}],"about":[{"href":"https:\/\/floramicato.com\/sl\/wp-json\/wp\/v2\/types\/page"}],"author":[{"embeddable":true,"href":"https:\/\/floramicato.com\/sl\/wp-json\/wp\/v2\/users\/4"}],"replies":[{"embeddable":true,"href":"https:\/\/floramicato.com\/sl\/wp-json\/wp\/v2\/comments?post=4632"}],"version-history":[{"count":2,"href":"https:\/\/floramicato.com\/sl\/wp-json\/wp\/v2\/pages\/4632\/revisions"}],"predecessor-version":[{"id":4798,"href":"https:\/\/floramicato.com\/sl\/wp-json\/wp\/v2\/pages\/4632\/revisions\/4798"}],"wp:attachment":[{"href":"https:\/\/floramicato.com\/sl\/wp-json\/wp\/v2\/media?parent=4632"}],"curies":[{"name":"wp","href":"https:\/\/api.w.org\/{rel}","templated":true}]}}