{"id":4657,"date":"2022-09-12T12:42:31","date_gmt":"2022-09-12T12:42:31","guid":{"rendered":"http:\/\/floramicato.com\/?page_id=4657"},"modified":"2022-09-07T10:29:03","modified_gmt":"2022-09-07T10:29:03","slug":"izjava-o-varovanju-osebnih-podatkov","status":"publish","type":"page","link":"https:\/\/floramicato.com\/sl\/izjava-o-varovanju-osebnih-podatkov","title":{"rendered":"Izjava o varovanju osebnih podatkov"},"content":{"rendered":"<p><b>POLITIKA ZASEBNOSTI IN IZJAVA O VARSTVU OSEBNIH PODATKOV<\/b><\/p>\n<p><span style=\"font-weight: 400;\">Upravljavec osebnih podatkov, kot ga dolo\u010data Splo\u0161na uredba EU o varstvu osebnih podatkov (GDPR) in veljavni zakon, ki ureja varstvo osebnih podatkov, je:<\/span><\/p>\n<p><span style=\"font-weight: 400;\">Floramicato d.o.o.<\/span><\/p>\n<p><span style=\"font-weight: 400;\">\u0160tuki 41<\/span><\/p>\n<p><span style=\"font-weight: 400;\">2250 Ptuj<\/span><\/p>\n<p><span style=\"font-weight: 400;\">Slovenija<\/span><\/p>\n<p><span style=\"font-weight: 400;\">Elektronska po\u0161ta: <\/span><a href=\"mailto:info@floramicato.com\"><span style=\"font-weight: 400;\">info@floramicato.com<\/span><\/a><\/p>\n<p><span style=\"font-weight: 400;\">Floramicato d.o.o., upravljalec spletne trgovine floramicato.com, se zavezuje, da bo vse pridobljene osebne podatke hranil in obdeloval v skladu z GDPR in veljavno slovensko zakonodajo (Zakonom o varstvu osebnih podatkov).<\/span><\/p>\n<p><b>PRIDOBIVANJE OSEBNIH PODATKOV<\/b><\/p>\n<p><span style=\"font-weight: 400;\">Osebne podatke pridobimo na naslednje na\u010dine:<\/span><\/p>\n<p><span style=\"font-weight: 400;\">&#8211; preko spletnega obrazca za prijavo na novice;<\/span><\/p>\n<p><span style=\"font-weight: 400;\">&#8211; ob naro\u010dilu izdelkov v spletni trgovini<\/span><\/p>\n<p><span style=\"font-weight: 400;\">&#8211; ob osebni komunikaciji s stranko;<\/span><\/p>\n<p><span style=\"font-weight: 400;\">&#8211; ob e-po\u0161tni komunikaciji s stranko;<\/span><\/p>\n<p><b>NAMEN ZBIRANJA IN OBDELAVA OSEBNIH PODATKOV<\/b><\/p>\n<p><b>Prijava na novice:<\/b><\/p>\n<p><span style=\"font-weight: 400;\">Osebne podatke (e-mail) uporabimo za po\u0161iljanje novic z informacijami o dogodkih, posebnih ponudbah in novostih. Prejemnik se lahko v vsakem treunutku odjavi, v tem primeru izbri\u0161emo trajno tudi njegov e-mail naslov.<\/span><\/p>\n<p><b>Obrazec za povpra\u0161evanje:<\/b><\/p>\n<p><span style=\"font-weight: 400;\">Osebne podatke uporabimo za obdelavo va\u0161ega povpra\u0161evanja. Brez va\u0161e izrecne privolitve vpisanih podatkov v prihodnje ne uporabljamo.<\/span><\/p>\n<p><b>Naro\u010dilo v spletni trgovni:<\/b><\/p>\n<p><span style=\"font-weight: 400;\">Osebne podatke uporabimo za obdelavo va\u0161ega naro\u010dila. Podatke uporabimo za izdajo ra\u010duna in obdelavo dostave. Brez va\u0161e izrecne privolitve vpisanih podatkov v prihodnje ne uporabljamo.<\/span><\/p>\n<p><b>E-po\u0161tna komunikacija:<\/b><\/p>\n<p><span style=\"font-weight: 400;\">Osebne podatke uporabimo za obdelavo va\u0161ega e-mail kontaktka. Brez va\u0161e izrecne privolitve osebnih podatkov v prihodnje ne uporabljamo.<\/span><\/p>\n<p><b>POSREDOVANJE OSEBNIH PODATKOV<\/b><\/p>\n<p><span style=\"font-weight: 400;\">Osebne podatke razkrijemo organom pregona in drugim vladnim organom, v kolikor je to zahtevano v zakonu ali pa je potrebno za prepre\u010ditev, zaznavo ali sodni pregon kaznivih dejanj in prevar.<\/span><\/p>\n<p><span style=\"font-weight: 400;\">Zavezujemo se, da va\u0161ih podatkov v nobenem primeru ne bomo posredovali nepoobla\u0161\u010denim osebam ali drugim osebam v namene ogla\u0161evanja.<\/span><\/p>\n<p><span style=\"font-weight: 400;\">Floramicato d.o.o. za po\u0161iljanje e-novi\u010dnikov uporablja spletno platformo MailChimp, na kateri so shranjeni osebni podatki posameznikov za namen po\u0161iljanja novic, in sicer ime, priimek, elektronska po\u0161ta, dr\u017eava. Spletna platform MailChimp zagotavlja spo\u0161tovanje zahtev iz Splo\u0161ne uredbe o varstvu osebnih podatkov (Uredba EU 2016\/679), poleg tega je pridobila certifikat skladnosti z zasebnim \u0161\u010ditom EU-ZDA (EU-U.S. Privacy Shield Framework. Splo\u0161ni pogoji uporabe in Politika zasebnosti platform MailChimp so dostopni https:\/\/mailchimp.com\/legal\/privacy\/.<\/span><\/p>\n<p><b>VA\u0160E PRAVICE<\/b><\/p>\n<p><span style=\"font-weight: 400;\">V skladu z dolo\u010dili Splo\u0161ne uredbe EU o varstvu osebnih podatkov (GDPR) imate naslednje pravice:<\/span><\/p>\n<p><span style=\"font-weight: 400;\">&#8211; dostopa do va\u0161ih osebnih podatkov in njihovo kopiranje.<\/span><\/p>\n<p><span style=\"font-weight: 400;\">&#8211; do dopolnitve ali popravka va\u0161ih osebnih podatkov, \u010de so ti nepopolni ali neto\u010dni.<\/span><\/p>\n<p><span style=\"font-weight: 400;\">&#8211; do izbrisa va\u0161ih osebnih podatkov, zlasti \u010de niso ve\u010d potrebni za namene, zaradi katerih so bili zbrani, ali so bili obdelani nezakonito ali so bili obdelani na podlagi va\u0161e privolitve, pa ste privolitev preklicali in ne obstaja druga pravna podlaga za njihovo obdelavo.<\/span><\/p>\n<p><span style=\"font-weight: 400;\">&#8211; do prenosa osebnih podatkov k drugemu upravljavcu, kadar je to tehni\u010dno izvedljivo.<\/span><\/p>\n<p><span style=\"font-weight: 400;\">&#8211; do omejitve obdelave va\u0161ih osebnih podatkov, zlasti \u010de oporekate njihovi to\u010dnosti \u2013 in sicer za obdobje, ki nam omogo\u010di preveriti to\u010dnost va\u0161ih osebnih podatkov; \u010de je obdelava nezakonita, pa nasprotujete izbrisu osebnih podatkov; \u010de je potekel rok hrambe podatkov, vi pa jih potrebujete za uveljavljanje pravnih zahtevkov.<\/span><\/p>\n<p><span style=\"font-weight: 400;\">&#8211; podana soglasja za obve\u0161\u010danje lahko kadarkoli prekli\u010dete.<\/span><\/p>\n<p><span style=\"font-weight: 400;\">Pri uveljavljanju vseh va\u0161ih pravic ali pri pridobivanju dodatnih informacij se obrnite na na\u0161o poobla\u0161\u010deno osebo za varstvo podatkov, ki vam je na voljo na e-naslovu: info@floramicato.com. Va\u0161o vlogo bomo obravnavali in nanjo odgovorili v skladu z GDPR.<\/span><\/p>\n<p><span style=\"font-weight: 400;\">\u010ce menite, da so kr\u0161ene va\u0161e pravice ali predpisi o varstvu osebnih podatkov se lahko prito\u017eite pristojnemu dr\u017eavnemu organu: Informacijski poobla\u0161\u010denec Republike Slovenije (Zalo\u0161ka 59, 1000 Ljubljana, telefon: 01 230 97 30, faks: 01 230 97 78, e-po\u0161ta:gp.ip@ip-rs.si).<\/span><\/p>\n<p><b>OBDOBJE HRAMBE OSEBNIH PODATKOV<\/b><\/p>\n<p><span style=\"font-weight: 400;\">\u010ce imamo va\u0161o izrecno privolitev za dolo\u010den namen obdelave, je obdobje hrambe: do preklica.<\/span><\/p>\n<p><span style=\"font-weight: 400;\">Zakonska obdelava iz 6.b \u010dlena GDPR &#8211; obdelava je potrebna za izvajanje pogodbe (obdobje hrambe: 10 let), ali za izvajanje ukrepov na zahtevo takega posameznika pred sklenitvijo pogodbe (obdobje hrambe: 5 let).<\/span><\/p>\n","protected":false},"excerpt":{"rendered":"<p>POLITIKA ZASEBNOSTI IN IZJAVA O VARSTVU OSEBNIH PODATKOV Upravljavec osebnih podatkov, kot ga dolo\u010data Splo\u0161na uredba EU o varstvu osebnih podatkov (GDPR) in veljavni zakon, ki ureja varstvo osebnih podatkov, je: Floramicato d.o.o. \u0160tuki 41 2250 Ptuj Slovenija Elektronska po\u0161ta: info@floramicato.com Floramicato d.o.o., upravljalec spletne trgovine floramicato.com, se zavezuje, da bo vse pridobljene osebne podatke <a href=\"https:\/\/floramicato.com\/sl\/izjava-o-varovanju-osebnih-podatkov\" class=\"more-link\">&#8230;<span class=\"screen-reader-text\">  Izjava o varovanju osebnih podatkov<\/span><\/a><\/p>\n","protected":false},"author":4,"featured_media":0,"parent":0,"menu_order":0,"comment_status":"closed","ping_status":"closed","template":"","meta":{"_acf_changed":false,"footnotes":""},"class_list":["post-4657","page","type-page","status-publish","hentry"],"acf":[],"yoast_head":"<!-- This site is optimized with the Yoast SEO plugin v27.3 - https:\/\/yoast.com\/product\/yoast-seo-wordpress\/ -->\n<title>Izjava o varovanju osebnih podatkov - Floramicato<\/title>\n<meta name=\"robots\" content=\"index, follow, max-snippet:-1, max-image-preview:large, max-video-preview:-1\" \/>\n<link rel=\"canonical\" href=\"https:\/\/floramicato.com\/izjava-o-varovanju-osebnih-podatkov?lang=sl\" \/>\n<meta property=\"og:locale\" content=\"sl_SI\" \/>\n<meta property=\"og:type\" content=\"article\" \/>\n<meta property=\"og:title\" content=\"Izjava o varovanju osebnih podatkov - Floramicato\" \/>\n<meta property=\"og:description\" content=\"POLITIKA ZASEBNOSTI IN IZJAVA O VARSTVU OSEBNIH PODATKOV Upravljavec osebnih podatkov, kot ga dolo\u010data Splo\u0161na uredba EU o varstvu osebnih podatkov (GDPR) in veljavni zakon, ki ureja varstvo osebnih podatkov, je: Floramicato d.o.o. \u0160tuki 41 2250 Ptuj Slovenija Elektronska po\u0161ta: info@floramicato.com Floramicato d.o.o., upravljalec spletne trgovine floramicato.com, se zavezuje, da bo vse pridobljene osebne podatke ... Izjava o varovanju osebnih podatkov\" \/>\n<meta property=\"og:url\" content=\"https:\/\/floramicato.com\/izjava-o-varovanju-osebnih-podatkov?lang=sl\" \/>\n<meta property=\"og:site_name\" content=\"Floramicato\" \/>\n<meta name=\"twitter:card\" content=\"summary_large_image\" \/>\n<meta name=\"twitter:label1\" content=\"Est. reading time\" \/>\n\t<meta name=\"twitter:data1\" content=\"3 minute\" \/>\n<script type=\"application\/ld+json\" class=\"yoast-schema-graph\">{\"@context\":\"https:\\\/\\\/schema.org\",\"@graph\":[{\"@type\":\"WebPage\",\"@id\":\"https:\\\/\\\/floramicato.com\\\/izjava-o-varovanju-osebnih-podatkov?lang=sl\",\"url\":\"https:\\\/\\\/floramicato.com\\\/izjava-o-varovanju-osebnih-podatkov?lang=sl\",\"name\":\"Izjava o varovanju osebnih podatkov - Floramicato\",\"isPartOf\":{\"@id\":\"https:\\\/\\\/floramicato.com\\\/#website\"},\"datePublished\":\"2022-09-12T12:42:31+00:00\",\"breadcrumb\":{\"@id\":\"https:\\\/\\\/floramicato.com\\\/izjava-o-varovanju-osebnih-podatkov?lang=sl#breadcrumb\"},\"inLanguage\":\"sl-SI\",\"potentialAction\":[{\"@type\":\"ReadAction\",\"target\":[\"https:\\\/\\\/floramicato.com\\\/izjava-o-varovanju-osebnih-podatkov?lang=sl\"]}]},{\"@type\":\"BreadcrumbList\",\"@id\":\"https:\\\/\\\/floramicato.com\\\/izjava-o-varovanju-osebnih-podatkov?lang=sl#breadcrumb\",\"itemListElement\":[{\"@type\":\"ListItem\",\"position\":1,\"name\":\"Home\",\"item\":\"https:\\\/\\\/floramicato.com\\\/sl\"},{\"@type\":\"ListItem\",\"position\":2,\"name\":\"Izjava o varovanju osebnih podatkov\"}]},{\"@type\":\"WebSite\",\"@id\":\"https:\\\/\\\/floramicato.com\\\/#website\",\"url\":\"https:\\\/\\\/floramicato.com\\\/\",\"name\":\"Floramicato\",\"description\":\"Just another WordPress site\",\"potentialAction\":[{\"@type\":\"SearchAction\",\"target\":{\"@type\":\"EntryPoint\",\"urlTemplate\":\"https:\\\/\\\/floramicato.com\\\/?s={search_term_string}\"},\"query-input\":{\"@type\":\"PropertyValueSpecification\",\"valueRequired\":true,\"valueName\":\"search_term_string\"}}],\"inLanguage\":\"sl-SI\"}]}<\/script>\n<!-- \/ Yoast SEO plugin. -->","yoast_head_json":{"title":"Izjava o varovanju osebnih podatkov - Floramicato","robots":{"index":"index","follow":"follow","max-snippet":"max-snippet:-1","max-image-preview":"max-image-preview:large","max-video-preview":"max-video-preview:-1"},"canonical":"https:\/\/floramicato.com\/izjava-o-varovanju-osebnih-podatkov?lang=sl","og_locale":"sl_SI","og_type":"article","og_title":"Izjava o varovanju osebnih podatkov - Floramicato","og_description":"POLITIKA ZASEBNOSTI IN IZJAVA O VARSTVU OSEBNIH PODATKOV Upravljavec osebnih podatkov, kot ga dolo\u010data Splo\u0161na uredba EU o varstvu osebnih podatkov (GDPR) in veljavni zakon, ki ureja varstvo osebnih podatkov, je: Floramicato d.o.o. \u0160tuki 41 2250 Ptuj Slovenija Elektronska po\u0161ta: info@floramicato.com Floramicato d.o.o., upravljalec spletne trgovine floramicato.com, se zavezuje, da bo vse pridobljene osebne podatke ... Izjava o varovanju osebnih podatkov","og_url":"https:\/\/floramicato.com\/izjava-o-varovanju-osebnih-podatkov?lang=sl","og_site_name":"Floramicato","twitter_card":"summary_large_image","twitter_misc":{"Est. reading time":"3 minute"},"schema":{"@context":"https:\/\/schema.org","@graph":[{"@type":"WebPage","@id":"https:\/\/floramicato.com\/izjava-o-varovanju-osebnih-podatkov?lang=sl","url":"https:\/\/floramicato.com\/izjava-o-varovanju-osebnih-podatkov?lang=sl","name":"Izjava o varovanju osebnih podatkov - Floramicato","isPartOf":{"@id":"https:\/\/floramicato.com\/#website"},"datePublished":"2022-09-12T12:42:31+00:00","breadcrumb":{"@id":"https:\/\/floramicato.com\/izjava-o-varovanju-osebnih-podatkov?lang=sl#breadcrumb"},"inLanguage":"sl-SI","potentialAction":[{"@type":"ReadAction","target":["https:\/\/floramicato.com\/izjava-o-varovanju-osebnih-podatkov?lang=sl"]}]},{"@type":"BreadcrumbList","@id":"https:\/\/floramicato.com\/izjava-o-varovanju-osebnih-podatkov?lang=sl#breadcrumb","itemListElement":[{"@type":"ListItem","position":1,"name":"Home","item":"https:\/\/floramicato.com\/sl"},{"@type":"ListItem","position":2,"name":"Izjava o varovanju osebnih podatkov"}]},{"@type":"WebSite","@id":"https:\/\/floramicato.com\/#website","url":"https:\/\/floramicato.com\/","name":"Floramicato","description":"Just another WordPress site","potentialAction":[{"@type":"SearchAction","target":{"@type":"EntryPoint","urlTemplate":"https:\/\/floramicato.com\/?s={search_term_string}"},"query-input":{"@type":"PropertyValueSpecification","valueRequired":true,"valueName":"search_term_string"}}],"inLanguage":"sl-SI"}]}},"_links":{"self":[{"href":"https:\/\/floramicato.com\/sl\/wp-json\/wp\/v2\/pages\/4657","targetHints":{"allow":["GET"]}}],"collection":[{"href":"https:\/\/floramicato.com\/sl\/wp-json\/wp\/v2\/pages"}],"about":[{"href":"https:\/\/floramicato.com\/sl\/wp-json\/wp\/v2\/types\/page"}],"author":[{"embeddable":true,"href":"https:\/\/floramicato.com\/sl\/wp-json\/wp\/v2\/users\/4"}],"replies":[{"embeddable":true,"href":"https:\/\/floramicato.com\/sl\/wp-json\/wp\/v2\/comments?post=4657"}],"version-history":[{"count":1,"href":"https:\/\/floramicato.com\/sl\/wp-json\/wp\/v2\/pages\/4657\/revisions"}],"predecessor-version":[{"id":4658,"href":"https:\/\/floramicato.com\/sl\/wp-json\/wp\/v2\/pages\/4657\/revisions\/4658"}],"wp:attachment":[{"href":"https:\/\/floramicato.com\/sl\/wp-json\/wp\/v2\/media?parent=4657"}],"curies":[{"name":"wp","href":"https:\/\/api.w.org\/{rel}","templated":true}]}}