{"id":4666,"date":"2022-07-05T12:20:47","date_gmt":"2022-07-05T12:20:47","guid":{"rendered":"http:\/\/floramicato.com\/?page_id=4666"},"modified":"2022-09-07T11:00:50","modified_gmt":"2022-09-07T11:00:50","slug":"o-nas","status":"publish","type":"page","link":"https:\/\/floramicato.com\/sl\/o-nas","title":{"rendered":"O nas"},"content":{"rendered":"<p class=\"p1\">Na\u0161a zgodba se je za\u010dela z \u017eeljo narediti popolno igra\u010do za uporabo pri treningu na\u0161ih psov. Sledil je nakup prvega \u0161ivalnega stroja in odprtje podjetja v 2015.<span class=\"Apple-converted-space\">\u00a0<\/span><\/p>\n<p class=\"p1\">Od takrat smo razvili veliko igra\u010d. Nekatere so vsesplo\u0161ne, druge specifi\u010dne in namenjene trenungu specifi\u010dnih evementov. Vsem pa je skupno, da so vzdr\u017eljive, pisane in v zabavo tako psu kot lastniku.<span class=\"Apple-converted-space\">\u00a0<\/span><\/p>\n<p class=\"p1\">Tako se bomo tudi v prihodnje trudili, da bomo na trg dali le najbolj\u0161e.<span class=\"Apple-converted-space\">\u00a0<\/span><\/p>\n<p class=\"p1\">Ekipa, FloRaMicaTo<\/p>\n<p><img fetchpriority=\"high\" decoding=\"async\" class=\"alignnone size-large wp-image-4661\" src=\"https:\/\/floramicato.com\/wp-content\/uploads\/2022\/09\/TinaGang-16-683x1024.jpg\" alt=\"\" width=\"683\" height=\"1024\" srcset=\"https:\/\/floramicato.com\/wp-content\/uploads\/2022\/09\/TinaGang-16-683x1024.jpg 683w, https:\/\/floramicato.com\/wp-content\/uploads\/2022\/09\/TinaGang-16-267x400.jpg 267w, https:\/\/floramicato.com\/wp-content\/uploads\/2022\/09\/TinaGang-16-600x900.jpg 600w, https:\/\/floramicato.com\/wp-content\/uploads\/2022\/09\/TinaGang-16-200x300.jpg 200w, https:\/\/floramicato.com\/wp-content\/uploads\/2022\/09\/TinaGang-16.jpg 1280w\" sizes=\"(max-width: 683px) 100vw, 683px\" \/><\/p>\n","protected":false},"excerpt":{"rendered":"<p>Na\u0161a zgodba se je za\u010dela z \u017eeljo narediti popolno igra\u010do za uporabo pri treningu na\u0161ih psov. Sledil je nakup prvega \u0161ivalnega stroja in odprtje podjetja v 2015.\u00a0 Od takrat smo razvili veliko igra\u010d. Nekatere so vsesplo\u0161ne, druge specifi\u010dne in namenjene trenungu specifi\u010dnih evementov. Vsem pa je skupno, da so vzdr\u017eljive, pisane in v zabavo tako <a href=\"https:\/\/floramicato.com\/sl\/o-nas\" class=\"more-link\">&#8230;<span class=\"screen-reader-text\">  O nas<\/span><\/a><\/p>\n","protected":false},"author":4,"featured_media":0,"parent":0,"menu_order":0,"comment_status":"closed","ping_status":"closed","template":"","meta":{"_acf_changed":false,"footnotes":""},"class_list":["post-4666","page","type-page","status-publish","hentry"],"acf":[],"yoast_head":"<!-- This site is optimized with the Yoast SEO plugin v27.3 - https:\/\/yoast.com\/product\/yoast-seo-wordpress\/ -->\n<title>O nas - Floramicato<\/title>\n<meta name=\"robots\" content=\"index, follow, max-snippet:-1, max-image-preview:large, max-video-preview:-1\" \/>\n<link rel=\"canonical\" href=\"https:\/\/floramicato.com\/o-nas?lang=sl\" \/>\n<meta property=\"og:locale\" content=\"sl_SI\" \/>\n<meta property=\"og:type\" content=\"article\" \/>\n<meta property=\"og:title\" content=\"O nas - Floramicato\" \/>\n<meta property=\"og:description\" content=\"Na\u0161a zgodba se je za\u010dela z \u017eeljo narediti popolno igra\u010do za uporabo pri treningu na\u0161ih psov. Sledil je nakup prvega \u0161ivalnega stroja in odprtje podjetja v 2015.\u00a0 Od takrat smo razvili veliko igra\u010d. Nekatere so vsesplo\u0161ne, druge specifi\u010dne in namenjene trenungu specifi\u010dnih evementov. Vsem pa je skupno, da so vzdr\u017eljive, pisane in v zabavo tako ... O nas\" \/>\n<meta property=\"og:url\" content=\"https:\/\/floramicato.com\/o-nas?lang=sl\" \/>\n<meta property=\"og:site_name\" content=\"Floramicato\" \/>\n<meta property=\"article:modified_time\" content=\"2022-09-07T11:00:50+00:00\" \/>\n<meta property=\"og:image\" content=\"https:\/\/floramicato.com\/wp-content\/uploads\/2022\/09\/TinaGang-16-683x1024.jpg\" \/>\n<meta name=\"twitter:card\" content=\"summary_large_image\" \/>\n<meta name=\"twitter:label1\" content=\"Est. reading time\" \/>\n\t<meta name=\"twitter:data1\" content=\"1 minuta\" \/>\n<script type=\"application\/ld+json\" class=\"yoast-schema-graph\">{\"@context\":\"https:\\\/\\\/schema.org\",\"@graph\":[{\"@type\":\"WebPage\",\"@id\":\"https:\\\/\\\/floramicato.com\\\/o-nas?lang=sl\",\"url\":\"https:\\\/\\\/floramicato.com\\\/o-nas?lang=sl\",\"name\":\"O nas - Floramicato\",\"isPartOf\":{\"@id\":\"https:\\\/\\\/floramicato.com\\\/#website\"},\"primaryImageOfPage\":{\"@id\":\"https:\\\/\\\/floramicato.com\\\/o-nas?lang=sl#primaryimage\"},\"image\":{\"@id\":\"https:\\\/\\\/floramicato.com\\\/o-nas?lang=sl#primaryimage\"},\"thumbnailUrl\":\"https:\\\/\\\/floramicato.com\\\/wp-content\\\/uploads\\\/2022\\\/09\\\/TinaGang-16-683x1024.jpg\",\"datePublished\":\"2022-07-05T12:20:47+00:00\",\"dateModified\":\"2022-09-07T11:00:50+00:00\",\"breadcrumb\":{\"@id\":\"https:\\\/\\\/floramicato.com\\\/o-nas?lang=sl#breadcrumb\"},\"inLanguage\":\"sl-SI\",\"potentialAction\":[{\"@type\":\"ReadAction\",\"target\":[\"https:\\\/\\\/floramicato.com\\\/o-nas?lang=sl\"]}]},{\"@type\":\"ImageObject\",\"inLanguage\":\"sl-SI\",\"@id\":\"https:\\\/\\\/floramicato.com\\\/o-nas?lang=sl#primaryimage\",\"url\":\"https:\\\/\\\/floramicato.com\\\/wp-content\\\/uploads\\\/2022\\\/09\\\/TinaGang-16-683x1024.jpg\",\"contentUrl\":\"https:\\\/\\\/floramicato.com\\\/wp-content\\\/uploads\\\/2022\\\/09\\\/TinaGang-16-683x1024.jpg\"},{\"@type\":\"BreadcrumbList\",\"@id\":\"https:\\\/\\\/floramicato.com\\\/o-nas?lang=sl#breadcrumb\",\"itemListElement\":[{\"@type\":\"ListItem\",\"position\":1,\"name\":\"Home\",\"item\":\"https:\\\/\\\/floramicato.com\\\/sl\"},{\"@type\":\"ListItem\",\"position\":2,\"name\":\"O nas\"}]},{\"@type\":\"WebSite\",\"@id\":\"https:\\\/\\\/floramicato.com\\\/#website\",\"url\":\"https:\\\/\\\/floramicato.com\\\/\",\"name\":\"Floramicato\",\"description\":\"Just another WordPress site\",\"potentialAction\":[{\"@type\":\"SearchAction\",\"target\":{\"@type\":\"EntryPoint\",\"urlTemplate\":\"https:\\\/\\\/floramicato.com\\\/?s={search_term_string}\"},\"query-input\":{\"@type\":\"PropertyValueSpecification\",\"valueRequired\":true,\"valueName\":\"search_term_string\"}}],\"inLanguage\":\"sl-SI\"}]}<\/script>\n<!-- \/ Yoast SEO plugin. -->","yoast_head_json":{"title":"O nas - Floramicato","robots":{"index":"index","follow":"follow","max-snippet":"max-snippet:-1","max-image-preview":"max-image-preview:large","max-video-preview":"max-video-preview:-1"},"canonical":"https:\/\/floramicato.com\/o-nas?lang=sl","og_locale":"sl_SI","og_type":"article","og_title":"O nas - Floramicato","og_description":"Na\u0161a zgodba se je za\u010dela z \u017eeljo narediti popolno igra\u010do za uporabo pri treningu na\u0161ih psov. Sledil je nakup prvega \u0161ivalnega stroja in odprtje podjetja v 2015.\u00a0 Od takrat smo razvili veliko igra\u010d. Nekatere so vsesplo\u0161ne, druge specifi\u010dne in namenjene trenungu specifi\u010dnih evementov. Vsem pa je skupno, da so vzdr\u017eljive, pisane in v zabavo tako ... O nas","og_url":"https:\/\/floramicato.com\/o-nas?lang=sl","og_site_name":"Floramicato","article_modified_time":"2022-09-07T11:00:50+00:00","og_image":[{"url":"https:\/\/floramicato.com\/wp-content\/uploads\/2022\/09\/TinaGang-16-683x1024.jpg","type":"","width":"","height":""}],"twitter_card":"summary_large_image","twitter_misc":{"Est. reading time":"1 minuta"},"schema":{"@context":"https:\/\/schema.org","@graph":[{"@type":"WebPage","@id":"https:\/\/floramicato.com\/o-nas?lang=sl","url":"https:\/\/floramicato.com\/o-nas?lang=sl","name":"O nas - Floramicato","isPartOf":{"@id":"https:\/\/floramicato.com\/#website"},"primaryImageOfPage":{"@id":"https:\/\/floramicato.com\/o-nas?lang=sl#primaryimage"},"image":{"@id":"https:\/\/floramicato.com\/o-nas?lang=sl#primaryimage"},"thumbnailUrl":"https:\/\/floramicato.com\/wp-content\/uploads\/2022\/09\/TinaGang-16-683x1024.jpg","datePublished":"2022-07-05T12:20:47+00:00","dateModified":"2022-09-07T11:00:50+00:00","breadcrumb":{"@id":"https:\/\/floramicato.com\/o-nas?lang=sl#breadcrumb"},"inLanguage":"sl-SI","potentialAction":[{"@type":"ReadAction","target":["https:\/\/floramicato.com\/o-nas?lang=sl"]}]},{"@type":"ImageObject","inLanguage":"sl-SI","@id":"https:\/\/floramicato.com\/o-nas?lang=sl#primaryimage","url":"https:\/\/floramicato.com\/wp-content\/uploads\/2022\/09\/TinaGang-16-683x1024.jpg","contentUrl":"https:\/\/floramicato.com\/wp-content\/uploads\/2022\/09\/TinaGang-16-683x1024.jpg"},{"@type":"BreadcrumbList","@id":"https:\/\/floramicato.com\/o-nas?lang=sl#breadcrumb","itemListElement":[{"@type":"ListItem","position":1,"name":"Home","item":"https:\/\/floramicato.com\/sl"},{"@type":"ListItem","position":2,"name":"O nas"}]},{"@type":"WebSite","@id":"https:\/\/floramicato.com\/#website","url":"https:\/\/floramicato.com\/","name":"Floramicato","description":"Just another WordPress site","potentialAction":[{"@type":"SearchAction","target":{"@type":"EntryPoint","urlTemplate":"https:\/\/floramicato.com\/?s={search_term_string}"},"query-input":{"@type":"PropertyValueSpecification","valueRequired":true,"valueName":"search_term_string"}}],"inLanguage":"sl-SI"}]}},"_links":{"self":[{"href":"https:\/\/floramicato.com\/sl\/wp-json\/wp\/v2\/pages\/4666","targetHints":{"allow":["GET"]}}],"collection":[{"href":"https:\/\/floramicato.com\/sl\/wp-json\/wp\/v2\/pages"}],"about":[{"href":"https:\/\/floramicato.com\/sl\/wp-json\/wp\/v2\/types\/page"}],"author":[{"embeddable":true,"href":"https:\/\/floramicato.com\/sl\/wp-json\/wp\/v2\/users\/4"}],"replies":[{"embeddable":true,"href":"https:\/\/floramicato.com\/sl\/wp-json\/wp\/v2\/comments?post=4666"}],"version-history":[{"count":3,"href":"https:\/\/floramicato.com\/sl\/wp-json\/wp\/v2\/pages\/4666\/revisions"}],"predecessor-version":[{"id":4669,"href":"https:\/\/floramicato.com\/sl\/wp-json\/wp\/v2\/pages\/4666\/revisions\/4669"}],"wp:attachment":[{"href":"https:\/\/floramicato.com\/sl\/wp-json\/wp\/v2\/media?parent=4666"}],"curies":[{"name":"wp","href":"https:\/\/api.w.org\/{rel}","templated":true}]}}