{"id":4977,"date":"2022-09-23T10:45:40","date_gmt":"2022-09-23T10:45:40","guid":{"rendered":"http:\/\/floramicato.com\/cookies-policy"},"modified":"2022-09-23T11:38:38","modified_gmt":"2022-09-23T11:38:38","slug":"politka-spletnih-piskotkov","status":"publish","type":"page","link":"https:\/\/floramicato.com\/sl\/politka-spletnih-piskotkov","title":{"rendered":"Politka spletnih pi\u0161kotkov"},"content":{"rendered":"<h3 style=\"padding-bottom: 1.5rem;\"><strong>Politka spletnih pi\u0161kotkov<\/strong><\/h3>\n<p style=\"padding-bottom: 1.5rem;\">Vedno imate mo\u017enost, da pi\u0161kotke sprejmete ali zavrnete. Ve\u010dina spletnih brskalnikov samodejno sprejme pi\u0161kotke, kar lahko spremenite v nastavitvah tako, da ra\u010dunalnik pi\u0161kotke zavrne ali pa da prejmete opozorilo, preden se pi\u0161kotek shrani.<\/p>\n<p style=\"padding-bottom: 1.5rem;\">Za informacije o nastavitvah pi\u0161kotkov kliknite na ime va\u0161ega brskalnika:<\/p>\n<ul>\n<li><a href=\"http:\/\/support.mozilla.org\/sl\/kb\/Kako%20aktivirate%20in%20deaktivirate%20pi%C5%A1kote\" target=\"_blank\" rel=\"noreferrer noopener\">Firefox<\/a><\/li>\n<li><a href=\"https:\/\/support.google.com\/chrome\/answer\/95647?hl=sl-sl&amp;p=cpn_cookies\" target=\"_blank\" rel=\"noreferrer noopener\">Chrome<\/a><\/li>\n<li><a href=\"http:\/\/windows.microsoft.com\/sl-si\/windows-vista\/block-or-allow-cookies\" target=\"_blank\" rel=\"noreferrer noopener\">Internet Explorer<\/a><\/li>\n<li><a href=\"http:\/\/www.opera.com\/help\/tutorials\/security\/privacy\/\" target=\"_blank\" rel=\"noreferrer noopener\">Opera<\/a><\/li>\n<li><a href=\"http:\/\/support.apple.com\/kb\/ph5042\" target=\"_blank\" rel=\"noreferrer noopener\">Safari<\/a><\/li>\n<\/ul>\n<p>&nbsp;<\/p>\n<h3 style=\"padding-bottom: 1.5rem;\"><strong>UPORABA PI\u0160KOTKOV NA NA\u0160I SPLETNI STRANI<\/strong><\/h3>\n<p style=\"padding-bottom: 1.5rem;\">Na\u0161a spletna stran uporablja pi\u0161kotke zato, da lahko izklju\u010dno za lastne potrebe razlo\u010dujemo med obiskovalci in \u0161tejemo njihovo \u0161tevilo in tako izbolj\u0161ujemo delovanje strani. V ta namen uporabljamo najbolj raz\u0161irjeno orodje Google Analytics. Ve\u010d o Google Analytics pi\u0161kotkih si lahko preberete\u00a0<a href=\"https:\/\/developers.google.com\/analytics\/devguides\/collection\/analyticsjs\/cookie-usage\" target=\"_blank\" rel=\"noreferrer noopener\">s klikom na to povezavo<\/a>.<\/p>\n<p style=\"padding-bottom: 1.5rem;\">Na\u0161a spletna stran uporablja tudi pi\u0161kotke, ki vam zagotavljajo bolj\u0161o uporabni\u0161ko izku\u0161njo s tem, da si zapomnijo va\u0161o prijavo ali registracijo na spletni strani, vnesene podatke v spletne obrazce in va\u0161e strinjanje z uporabo pi\u0161kotkov.<\/p>\n<p style=\"padding-bottom: 1.5rem;\">Podatkov, zbranih s pomo\u010djo pi\u0161kotkov, ne bomo posredovali tretjim osebam.<\/p>\n<p style=\"padding-bottom: 1.5rem;\">Vrste pi\u0161kotkov, ki jih uporabljamo:<\/p>\n<figure class=\"wp-block-table is-style-stripes\">\n<table>\n<thead>\n<tr>\n<th>Ime pi\u0161kotka<\/th>\n<th>Namen<\/th>\n<th>\u010cas pi\u0161kotka<\/th>\n<th>Stran<\/th>\n<\/tr>\n<\/thead>\n<tbody>\n<tr>\n<td>_ga<\/td>\n<td>Statistika ogledov spletne strani<\/td>\n<td>2 leti<\/td>\n<td><a href=\"https:\/\/floramicato.com\/\">https:\/\/floramicato.com\/<\/a><\/td>\n<\/tr>\n<tr>\n<td>_gid<\/td>\n<td>Statistika ogledov spletne strani<\/td>\n<td>1 dan<\/td>\n<td><a href=\"https:\/\/floramicato.com\/\">https:\/\/floramicato.com\/<\/a><\/td>\n<\/tr>\n<tr>\n<td>_gat_UA-<\/td>\n<td>Statistika ogledov spletne strani<\/td>\n<td>10 minut<\/td>\n<td><a href=\"https:\/\/floramicato.com\/\">https:\/\/floramicato.com\/<\/a><\/td>\n<\/tr>\n<tr>\n<td>_GRECAPTCHA<\/td>\n<td>Omejitev spam uporabnika<\/td>\n<td>1 dan<\/td>\n<td><a href=\"https:\/\/www.google.com\/\">www.google.com<\/a><\/td>\n<\/tr>\n<tr>\n<td>cookie_notice_accepted<\/td>\n<td>Pi\u0161kotek s katerim si stran zapomni va\u0161o odlo\u010ditev vezano na uporabo pi\u0161kotkov<\/td>\n<td>1 leto<\/td>\n<td><a href=\"https:\/\/floramicato.com\/\">https:\/\/floramicato.com\/<\/a><\/td>\n<\/tr>\n<tr>\n<td>wp-wpml_current_language<\/td>\n<td>Trenutni jezik trgovine.<\/td>\n<td>1 dan<\/td>\n<td><a href=\"https:\/\/floramicato.com\/\">https:\/\/floramicato.com\/<\/a><\/td>\n<\/tr>\n<tr>\n<td><\/td>\n<td><\/td>\n<td><\/td>\n<td><\/td>\n<\/tr>\n<\/tbody>\n<\/table>\n<p>&nbsp;<\/figure>\n<h3 style=\"padding-bottom: 1.5rem;\"><strong>Obvezni pi\u0161kotki<\/strong><\/h3>\n<p style=\"padding-bottom: 1.5rem;\">Ti pi\u0161kotki so nujni za premikanje po spletni strani in uporabo njenih mo\u017enosti, kot je dostop do varnih obmo\u010dij spletne strani. Brez teh pi\u0161kotkov ni mo\u017eno zagotoviti storitev, ki ste jih zahtevali, na primer obrazec za nagradno igro ipd.<\/p>\n<h3 style=\"padding-bottom: 1.5rem;\"><strong>Izvedbeni pi\u0161kotki<\/strong><\/h3>\n<p style=\"padding-bottom: 1.5rem;\">Ti pi\u0161kotki zbirajo informacije o na\u010dinu uporabe spletne strani, na primer katere strani uporabniki najpogosteje obi\u0161\u010dejo, in ali se na spletnih straneh pojavijo sporo\u010dila o napaki. Ti pi\u0161kotki ne zbirajo informacij, ki bi lahko identificirale uporabnika. Vse zbrane informacije so zdru\u017eene in zato anonimne. Ti pi\u0161kotki se uporabljajo samo za izbolj\u0161anje delovanja spletne strani.<br \/>\nZ nadaljevanjem uporabe na\u0161e spletne strani po tem ko ste dobili obvestilo o pi\u0161kotkih se strinjate, da na va\u0161o napravo namestimo to vrsto pi\u0161kotkov.<\/p>\n<h3 style=\"padding-bottom: 1.5rem;\"><strong>Funkcionalni pi\u0161kotki<\/strong><\/h3>\n<p style=\"padding-bottom: 1.5rem;\">Ti pi\u0161kotki omogo\u010dajo, da si spletna stran zapomni va\u0161e izbrane mo\u017enosti (na primer va\u0161e uporabni\u0161ko ime, jezik ali regijo, kjer se nahajate) in vam ponudi izbolj\u0161ane, bolj osebne mo\u017enosti. Ti pi\u0161kotki si lahko zapomnijo tudi spremembe velikosti \u010drk in pisave ter drugih delov spletne strani, ki jih lahko prilagodite. Uporabni so tudi za zagotavljanje storitev, ki ste jih zahtevali, kot je ogled videoposnetka ali komentiranje na blogu. Informacije, ki jih zbirajo ti pi\u0161kotki, so lahko anonimne in ne sledijo va\u0161emu brskanju po drugih spletnih straneh.<\/p>\n<h3 style=\"padding-bottom: 1.5rem;\"><strong>Izbris pi\u0161kotkotkov<\/strong><\/h3>\n<p style=\"padding-bottom: 1.5rem;\">Za izbris pi\u0161kotkov na\u0161ih partnerjev, ki delujejo na domeni \u201c<a href=\"https:\/\/floramicato.com\/\">https:\/\/floramicato.com\/<\/a>\u201d prtisinite na slede\u010do povezavo:\u00a0<span id=\"deleteCookies\"><strong>Izbris pi\u0161kotkov<\/strong><\/span><\/p>\n","protected":false},"excerpt":{"rendered":"<p>Politka spletnih pi\u0161kotkov Vedno imate mo\u017enost, da pi\u0161kotke sprejmete ali zavrnete. Ve\u010dina spletnih brskalnikov samodejno sprejme pi\u0161kotke, kar lahko spremenite v nastavitvah tako, da ra\u010dunalnik pi\u0161kotke zavrne ali pa da prejmete opozorilo, preden se pi\u0161kotek shrani. Za informacije o nastavitvah pi\u0161kotkov kliknite na ime va\u0161ega brskalnika: Firefox Chrome Internet Explorer Opera Safari &nbsp; UPORABA PI\u0160KOTKOV <a href=\"https:\/\/floramicato.com\/sl\/politka-spletnih-piskotkov\" class=\"more-link\">&#8230;<span class=\"screen-reader-text\">  Politka spletnih pi\u0161kotkov<\/span><\/a><\/p>\n","protected":false},"author":4,"featured_media":0,"parent":0,"menu_order":0,"comment_status":"closed","ping_status":"closed","template":"","meta":{"_acf_changed":false,"footnotes":""},"class_list":["post-4977","page","type-page","status-publish","hentry"],"acf":[],"yoast_head":"<!-- This site is optimized with the Yoast SEO plugin v27.3 - https:\/\/yoast.com\/product\/yoast-seo-wordpress\/ -->\n<title>Politka spletnih pi\u0161kotkov - Floramicato<\/title>\n<meta name=\"robots\" content=\"index, follow, max-snippet:-1, max-image-preview:large, max-video-preview:-1\" \/>\n<link rel=\"canonical\" href=\"https:\/\/floramicato.com\/sl\/politka-spletnih-piskotkov\" \/>\n<meta property=\"og:locale\" content=\"sl_SI\" \/>\n<meta property=\"og:type\" content=\"article\" \/>\n<meta property=\"og:title\" content=\"Politka spletnih pi\u0161kotkov - Floramicato\" \/>\n<meta property=\"og:description\" content=\"Politka spletnih pi\u0161kotkov Vedno imate mo\u017enost, da pi\u0161kotke sprejmete ali zavrnete. Ve\u010dina spletnih brskalnikov samodejno sprejme pi\u0161kotke, kar lahko spremenite v nastavitvah tako, da ra\u010dunalnik pi\u0161kotke zavrne ali pa da prejmete opozorilo, preden se pi\u0161kotek shrani. Za informacije o nastavitvah pi\u0161kotkov kliknite na ime va\u0161ega brskalnika: Firefox Chrome Internet Explorer Opera Safari &nbsp; UPORABA PI\u0160KOTKOV ... Politka spletnih pi\u0161kotkov\" \/>\n<meta property=\"og:url\" content=\"https:\/\/floramicato.com\/sl\/politka-spletnih-piskotkov\" \/>\n<meta property=\"og:site_name\" content=\"Floramicato\" \/>\n<meta property=\"article:modified_time\" content=\"2022-09-23T11:38:38+00:00\" \/>\n<meta name=\"twitter:card\" content=\"summary_large_image\" \/>\n<meta name=\"twitter:label1\" content=\"Est. reading time\" \/>\n\t<meta name=\"twitter:data1\" content=\"2 minuti\" \/>\n<script type=\"application\/ld+json\" class=\"yoast-schema-graph\">{\"@context\":\"https:\\\/\\\/schema.org\",\"@graph\":[{\"@type\":\"WebPage\",\"@id\":\"https:\\\/\\\/floramicato.com\\\/sl\\\/politka-spletnih-piskotkov\",\"url\":\"https:\\\/\\\/floramicato.com\\\/sl\\\/politka-spletnih-piskotkov\",\"name\":\"Politka spletnih pi\u0161kotkov - Floramicato\",\"isPartOf\":{\"@id\":\"https:\\\/\\\/floramicato.com\\\/#website\"},\"datePublished\":\"2022-09-23T10:45:40+00:00\",\"dateModified\":\"2022-09-23T11:38:38+00:00\",\"breadcrumb\":{\"@id\":\"https:\\\/\\\/floramicato.com\\\/sl\\\/politka-spletnih-piskotkov#breadcrumb\"},\"inLanguage\":\"sl-SI\",\"potentialAction\":[{\"@type\":\"ReadAction\",\"target\":[\"https:\\\/\\\/floramicato.com\\\/sl\\\/politka-spletnih-piskotkov\"]}]},{\"@type\":\"BreadcrumbList\",\"@id\":\"https:\\\/\\\/floramicato.com\\\/sl\\\/politka-spletnih-piskotkov#breadcrumb\",\"itemListElement\":[{\"@type\":\"ListItem\",\"position\":1,\"name\":\"Home\",\"item\":\"https:\\\/\\\/floramicato.com\\\/sl\"},{\"@type\":\"ListItem\",\"position\":2,\"name\":\"Politka spletnih pi\u0161kotkov\"}]},{\"@type\":\"WebSite\",\"@id\":\"https:\\\/\\\/floramicato.com\\\/#website\",\"url\":\"https:\\\/\\\/floramicato.com\\\/\",\"name\":\"Floramicato\",\"description\":\"Just another WordPress site\",\"potentialAction\":[{\"@type\":\"SearchAction\",\"target\":{\"@type\":\"EntryPoint\",\"urlTemplate\":\"https:\\\/\\\/floramicato.com\\\/?s={search_term_string}\"},\"query-input\":{\"@type\":\"PropertyValueSpecification\",\"valueRequired\":true,\"valueName\":\"search_term_string\"}}],\"inLanguage\":\"sl-SI\"}]}<\/script>\n<!-- \/ Yoast SEO plugin. -->","yoast_head_json":{"title":"Politka spletnih pi\u0161kotkov - Floramicato","robots":{"index":"index","follow":"follow","max-snippet":"max-snippet:-1","max-image-preview":"max-image-preview:large","max-video-preview":"max-video-preview:-1"},"canonical":"https:\/\/floramicato.com\/sl\/politka-spletnih-piskotkov","og_locale":"sl_SI","og_type":"article","og_title":"Politka spletnih pi\u0161kotkov - Floramicato","og_description":"Politka spletnih pi\u0161kotkov Vedno imate mo\u017enost, da pi\u0161kotke sprejmete ali zavrnete. Ve\u010dina spletnih brskalnikov samodejno sprejme pi\u0161kotke, kar lahko spremenite v nastavitvah tako, da ra\u010dunalnik pi\u0161kotke zavrne ali pa da prejmete opozorilo, preden se pi\u0161kotek shrani. Za informacije o nastavitvah pi\u0161kotkov kliknite na ime va\u0161ega brskalnika: Firefox Chrome Internet Explorer Opera Safari &nbsp; UPORABA PI\u0160KOTKOV ... Politka spletnih pi\u0161kotkov","og_url":"https:\/\/floramicato.com\/sl\/politka-spletnih-piskotkov","og_site_name":"Floramicato","article_modified_time":"2022-09-23T11:38:38+00:00","twitter_card":"summary_large_image","twitter_misc":{"Est. reading time":"2 minuti"},"schema":{"@context":"https:\/\/schema.org","@graph":[{"@type":"WebPage","@id":"https:\/\/floramicato.com\/sl\/politka-spletnih-piskotkov","url":"https:\/\/floramicato.com\/sl\/politka-spletnih-piskotkov","name":"Politka spletnih pi\u0161kotkov - Floramicato","isPartOf":{"@id":"https:\/\/floramicato.com\/#website"},"datePublished":"2022-09-23T10:45:40+00:00","dateModified":"2022-09-23T11:38:38+00:00","breadcrumb":{"@id":"https:\/\/floramicato.com\/sl\/politka-spletnih-piskotkov#breadcrumb"},"inLanguage":"sl-SI","potentialAction":[{"@type":"ReadAction","target":["https:\/\/floramicato.com\/sl\/politka-spletnih-piskotkov"]}]},{"@type":"BreadcrumbList","@id":"https:\/\/floramicato.com\/sl\/politka-spletnih-piskotkov#breadcrumb","itemListElement":[{"@type":"ListItem","position":1,"name":"Home","item":"https:\/\/floramicato.com\/sl"},{"@type":"ListItem","position":2,"name":"Politka spletnih pi\u0161kotkov"}]},{"@type":"WebSite","@id":"https:\/\/floramicato.com\/#website","url":"https:\/\/floramicato.com\/","name":"Floramicato","description":"Just another WordPress site","potentialAction":[{"@type":"SearchAction","target":{"@type":"EntryPoint","urlTemplate":"https:\/\/floramicato.com\/?s={search_term_string}"},"query-input":{"@type":"PropertyValueSpecification","valueRequired":true,"valueName":"search_term_string"}}],"inLanguage":"sl-SI"}]}},"_links":{"self":[{"href":"https:\/\/floramicato.com\/sl\/wp-json\/wp\/v2\/pages\/4977","targetHints":{"allow":["GET"]}}],"collection":[{"href":"https:\/\/floramicato.com\/sl\/wp-json\/wp\/v2\/pages"}],"about":[{"href":"https:\/\/floramicato.com\/sl\/wp-json\/wp\/v2\/types\/page"}],"author":[{"embeddable":true,"href":"https:\/\/floramicato.com\/sl\/wp-json\/wp\/v2\/users\/4"}],"replies":[{"embeddable":true,"href":"https:\/\/floramicato.com\/sl\/wp-json\/wp\/v2\/comments?post=4977"}],"version-history":[{"count":4,"href":"https:\/\/floramicato.com\/sl\/wp-json\/wp\/v2\/pages\/4977\/revisions"}],"predecessor-version":[{"id":4982,"href":"https:\/\/floramicato.com\/sl\/wp-json\/wp\/v2\/pages\/4977\/revisions\/4982"}],"wp:attachment":[{"href":"https:\/\/floramicato.com\/sl\/wp-json\/wp\/v2\/media?parent=4977"}],"curies":[{"name":"wp","href":"https:\/\/api.w.org\/{rel}","templated":true}]}}