{"id":10144,"date":"2025-04-04T08:22:09","date_gmt":"2025-04-04T08:22:09","guid":{"rendered":"http:\/\/floramicato.com\/?post_type=product&#038;p=10144"},"modified":"2025-07-31T13:47:43","modified_gmt":"2025-07-31T13:47:43","slug":"agility-komplet-za-majhne-pse-in-mladicke","status":"publish","type":"product","link":"https:\/\/floramicato.com\/sl\/izdelek\/agility-komplet-za-majhne-pse-in-mladicke","title":{"rendered":"Agility komplet za majhne pse in mladi\u010dke"},"content":{"rendered":"<p><strong>Agility zabava za majhne, a mogo\u010dne<\/strong> \ud83d\udcaa<\/p>\n<p>Ta agility paket je zasnovan za spodbujanje motivacije in \u017eelje po sodelovanju pri manj&scaron;ih psih in mladi\u010dkih. Ne glede na to, ali &scaron;ele za\u010denjate ali utrjujete ve&scaron;\u010dine vle\u010denja pri psu, vam bodo te igra\u010de zagotovile popolno kombinacijo zabave in nagrajevanja za uspe&scaron;en trening.<\/p>\n<p>Paket je primeren za pasme, kot so &scaron;eltiji, papiloni, terierji in drugi &scaron;portni psi.<\/p>\n<p>\u2705 <strong>Idealno za:<\/strong><\/p>\n<ul>\n<li>Majhne agility pse, ki potrebujejo dodatno motivacijo<\/li>\n<li>Mladi\u010dke, ki vstopajo v svet agilityja<\/li>\n<li>Gradnjo in spodbujanje \u017eelje po igri in delu, samozavesti in motivacije<\/li>\n<li>Trening z nagrajevanjem, vle\u010denjem in igrami lovljenja<\/li>\n<\/ul>\n<p><strong>Kaj vklju\u010duje:<\/strong><\/p>\n<p>\u2b50 <strong>Fluffy Pom-Pom Long<\/strong> \u2b50<\/p>\n<p>Igra\u010da z bungee ro\u010dajem, veliko blazino iz ov\u010djega krzna in glasnim piskajo\u010dim elementom &#8211; popolna za hitre, vznemirljive nagrade med agility treningi.<\/p>\n<p>\u2b50 <strong>Fluffy Squid<\/strong> \u2b50<br \/> (<em>Mo\u017enost 1<\/em>)<\/p>\n<p>Ultimativna za\u010detna igra\u010da za mladi\u010dke ali manj motivirane pse. Posebnosti te igra\u010de so mehka blazina z dodatno plastjo za ve\u010djo trpe\u017enost, &scaron;tirje piskajo\u010di elementi za dodatno stimulacijo, igrive nogice iz zaj\u010djega in ov\u010djega krzna ter zelo dolg ro\u010daj za igro lovljenja in grajenje navdu&scaron;enja.<\/p>\n<p><strong>Velikost:<\/strong> Ro\u010daj 100 cm, blazina 17 x 7 cm + krznene nogice 15 x 6 cm<\/p>\n<p>\u2b50 <strong>Fluffy Jelly Fish<\/strong> \u2b50<br \/> (<em>Mo\u017enost 2<\/em>)<\/p>\n<p>Posebej zasnovana igra\u010da z mehko blazino, tremi piskajo\u010dimi elementi in igrivimi trakovi iz flisa &#8211; popolna za igre lovljenja in vle\u010denja z zelo zagretimi psi ali manj&scaron;imi mladi\u010dki.<\/p>\n<p>To mo\u017enost izberite namesto Fluffy Squid-a, \u010de va&scaron; pes raje grize ve\u010djo povr&scaron;ino ali ima rad flisasto teksturo.<\/p>\n<p><strong>Velikost:<\/strong> Ro\u010daj 100 cm + bungee, grizna blazina: 18 x 16 cm<\/p>\n<p>\u2b50 <strong>Fluffy Fuzzy Nyam<\/strong> \u2b50<\/p>\n<p>Mehka blazinica iz zaj\u010djega krzna z \u017eepkom za pribolj&scaron;ke ali piskajo\u010de elemente in bungee ro\u010dajem &#8211; odli\u010dna za nagrajevanje osredoto\u010denosti in sodelovanja.<\/p>\n<p><strong>Uspeh v agilityju se za\u010dne s pravo igro.<\/strong><\/p>\n<p>Navdu&scaron;ite in motivirajte svojega psa s tem strokovno izbranim kompletom igra\u010d za agility!<\/p>\n","protected":false},"excerpt":{"rendered":"<p>Igrivi troj\u010dek posebej izbranih igra\u010d za majhne agility pse spodbuja motivacijo, \u017eeljo po sodelovanju in krepi vez med psom in vodnikom. S piskajo\u010dimi elementi, krznom, \u017eepki za pribolj\u0161ke in dolgimi ro\u010daji za lovljenje so te igra\u010de popolne za mladi\u010dke in manj\u0161e pasme, ki \u0161ele za\u010denjajo ali \u017ee obo\u017eujejo igro!<\/p>\n","protected":false},"featured_media":11025,"comment_status":"closed","ping_status":"closed","template":"","meta":{"_acf_changed":false},"product_brand":[],"product_cat":[469],"product_tag":[465],"class_list":{"0":"post-10144","1":"product","2":"type-product","3":"status-publish","4":"has-post-thumbnail","6":"product_cat-bundles-toys-sl","7":"product_tag-bundles-sl","9":"first","10":"instock","11":"taxable","12":"shipping-taxable","13":"purchasable","14":"product-type-easy_product_bundle"},"acf":[],"yoast_head":"<!-- This site is optimized with the Yoast SEO plugin v27.3 - https:\/\/yoast.com\/product\/yoast-seo-wordpress\/ -->\n<title>Agility komplet za majhne pse in mladi\u010dke - Floramicato<\/title>\n<meta name=\"robots\" content=\"index, follow, max-snippet:-1, max-image-preview:large, max-video-preview:-1\" \/>\n<link rel=\"canonical\" href=\"https:\/\/floramicato.com\/sl\/izdelek\/agility-komplet-za-majhne-pse-in-mladicke\" \/>\n<meta property=\"og:locale\" content=\"sl_SI\" \/>\n<meta property=\"og:type\" content=\"article\" \/>\n<meta property=\"og:title\" content=\"Agility komplet za majhne pse in mladi\u010dke - Floramicato\" \/>\n<meta property=\"og:description\" content=\"Igrivi troj\u010dek posebej izbranih igra\u010d za majhne agility pse spodbuja motivacijo, \u017eeljo po sodelovanju in krepi vez med psom in vodnikom. S piskajo\u010dimi elementi, krznom, \u017eepki za pribolj\u0161ke in dolgimi ro\u010daji za lovljenje so te igra\u010de popolne za mladi\u010dke in manj\u0161e pasme, ki \u0161ele za\u010denjajo ali \u017ee obo\u017eujejo igro!\" \/>\n<meta property=\"og:url\" content=\"https:\/\/floramicato.com\/sl\/izdelek\/agility-komplet-za-majhne-pse-in-mladicke\" \/>\n<meta property=\"og:site_name\" content=\"Floramicato\" \/>\n<meta property=\"article:modified_time\" content=\"2025-07-31T13:47:43+00:00\" \/>\n<meta property=\"og:image\" content=\"https:\/\/floramicato.com\/wp-content\/uploads\/2025\/04\/Floramicato-Lifestyle-photo-Bundle-small-dogs-1.jpg\" \/>\n\t<meta property=\"og:image:width\" content=\"1080\" \/>\n\t<meta property=\"og:image:height\" content=\"1080\" \/>\n\t<meta property=\"og:image:type\" content=\"image\/jpeg\" \/>\n<meta name=\"twitter:card\" content=\"summary_large_image\" \/>\n<meta name=\"twitter:label1\" content=\"Est. reading time\" \/>\n\t<meta name=\"twitter:data1\" content=\"2 minuti\" \/>\n<script type=\"application\/ld+json\" class=\"yoast-schema-graph\">{\"@context\":\"https:\\\/\\\/schema.org\",\"@graph\":[{\"@type\":\"WebPage\",\"@id\":\"https:\\\/\\\/floramicato.com\\\/sl\\\/izdelek\\\/agility-komplet-za-majhne-pse-in-mladicke\",\"url\":\"https:\\\/\\\/floramicato.com\\\/sl\\\/izdelek\\\/agility-komplet-za-majhne-pse-in-mladicke\",\"name\":\"Agility komplet za majhne pse in mladi\u010dke - Floramicato\",\"isPartOf\":{\"@id\":\"https:\\\/\\\/floramicato.com\\\/#website\"},\"primaryImageOfPage\":{\"@id\":\"https:\\\/\\\/floramicato.com\\\/sl\\\/izdelek\\\/agility-komplet-za-majhne-pse-in-mladicke#primaryimage\"},\"image\":{\"@id\":\"https:\\\/\\\/floramicato.com\\\/sl\\\/izdelek\\\/agility-komplet-za-majhne-pse-in-mladicke#primaryimage\"},\"thumbnailUrl\":\"https:\\\/\\\/floramicato.com\\\/wp-content\\\/uploads\\\/2025\\\/04\\\/Floramicato-Lifestyle-photo-Bundle-small-dogs-1.jpg\",\"datePublished\":\"2025-04-04T08:22:09+00:00\",\"dateModified\":\"2025-07-31T13:47:43+00:00\",\"breadcrumb\":{\"@id\":\"https:\\\/\\\/floramicato.com\\\/sl\\\/izdelek\\\/agility-komplet-za-majhne-pse-in-mladicke#breadcrumb\"},\"inLanguage\":\"sl-SI\",\"potentialAction\":[{\"@type\":\"ReadAction\",\"target\":[\"https:\\\/\\\/floramicato.com\\\/sl\\\/izdelek\\\/agility-komplet-za-majhne-pse-in-mladicke\"]}]},{\"@type\":\"ImageObject\",\"inLanguage\":\"sl-SI\",\"@id\":\"https:\\\/\\\/floramicato.com\\\/sl\\\/izdelek\\\/agility-komplet-za-majhne-pse-in-mladicke#primaryimage\",\"url\":\"https:\\\/\\\/floramicato.com\\\/wp-content\\\/uploads\\\/2025\\\/04\\\/Floramicato-Lifestyle-photo-Bundle-small-dogs-1.jpg\",\"contentUrl\":\"https:\\\/\\\/floramicato.com\\\/wp-content\\\/uploads\\\/2025\\\/04\\\/Floramicato-Lifestyle-photo-Bundle-small-dogs-1.jpg\",\"width\":1080,\"height\":1080},{\"@type\":\"BreadcrumbList\",\"@id\":\"https:\\\/\\\/floramicato.com\\\/sl\\\/izdelek\\\/agility-komplet-za-majhne-pse-in-mladicke#breadcrumb\",\"itemListElement\":[{\"@type\":\"ListItem\",\"position\":1,\"name\":\"Home\",\"item\":\"https:\\\/\\\/floramicato.com\\\/sl\"},{\"@type\":\"ListItem\",\"position\":2,\"name\":\"Izdelki\",\"item\":\"https:\\\/\\\/floramicato.com\\\/sl\\\/izdelki\"},{\"@type\":\"ListItem\",\"position\":3,\"name\":\"Agility komplet za majhne pse in mladi\u010dke\"}]},{\"@type\":\"WebSite\",\"@id\":\"https:\\\/\\\/floramicato.com\\\/#website\",\"url\":\"https:\\\/\\\/floramicato.com\\\/\",\"name\":\"Floramicato\",\"description\":\"Just another WordPress site\",\"potentialAction\":[{\"@type\":\"SearchAction\",\"target\":{\"@type\":\"EntryPoint\",\"urlTemplate\":\"https:\\\/\\\/floramicato.com\\\/?s={search_term_string}\"},\"query-input\":{\"@type\":\"PropertyValueSpecification\",\"valueRequired\":true,\"valueName\":\"search_term_string\"}}],\"inLanguage\":\"sl-SI\"}]}<\/script>\n<!-- \/ Yoast SEO plugin. -->","yoast_head_json":{"title":"Agility komplet za majhne pse in mladi\u010dke - Floramicato","robots":{"index":"index","follow":"follow","max-snippet":"max-snippet:-1","max-image-preview":"max-image-preview:large","max-video-preview":"max-video-preview:-1"},"canonical":"https:\/\/floramicato.com\/sl\/izdelek\/agility-komplet-za-majhne-pse-in-mladicke","og_locale":"sl_SI","og_type":"article","og_title":"Agility komplet za majhne pse in mladi\u010dke - Floramicato","og_description":"Igrivi troj\u010dek posebej izbranih igra\u010d za majhne agility pse spodbuja motivacijo, \u017eeljo po sodelovanju in krepi vez med psom in vodnikom. S piskajo\u010dimi elementi, krznom, \u017eepki za pribolj\u0161ke in dolgimi ro\u010daji za lovljenje so te igra\u010de popolne za mladi\u010dke in manj\u0161e pasme, ki \u0161ele za\u010denjajo ali \u017ee obo\u017eujejo igro!","og_url":"https:\/\/floramicato.com\/sl\/izdelek\/agility-komplet-za-majhne-pse-in-mladicke","og_site_name":"Floramicato","article_modified_time":"2025-07-31T13:47:43+00:00","og_image":[{"width":1080,"height":1080,"url":"https:\/\/floramicato.com\/wp-content\/uploads\/2025\/04\/Floramicato-Lifestyle-photo-Bundle-small-dogs-1.jpg","type":"image\/jpeg"}],"twitter_card":"summary_large_image","twitter_misc":{"Est. reading time":"2 minuti"},"schema":{"@context":"https:\/\/schema.org","@graph":[{"@type":"WebPage","@id":"https:\/\/floramicato.com\/sl\/izdelek\/agility-komplet-za-majhne-pse-in-mladicke","url":"https:\/\/floramicato.com\/sl\/izdelek\/agility-komplet-za-majhne-pse-in-mladicke","name":"Agility komplet za majhne pse in mladi\u010dke - Floramicato","isPartOf":{"@id":"https:\/\/floramicato.com\/#website"},"primaryImageOfPage":{"@id":"https:\/\/floramicato.com\/sl\/izdelek\/agility-komplet-za-majhne-pse-in-mladicke#primaryimage"},"image":{"@id":"https:\/\/floramicato.com\/sl\/izdelek\/agility-komplet-za-majhne-pse-in-mladicke#primaryimage"},"thumbnailUrl":"https:\/\/floramicato.com\/wp-content\/uploads\/2025\/04\/Floramicato-Lifestyle-photo-Bundle-small-dogs-1.jpg","datePublished":"2025-04-04T08:22:09+00:00","dateModified":"2025-07-31T13:47:43+00:00","breadcrumb":{"@id":"https:\/\/floramicato.com\/sl\/izdelek\/agility-komplet-za-majhne-pse-in-mladicke#breadcrumb"},"inLanguage":"sl-SI","potentialAction":[{"@type":"ReadAction","target":["https:\/\/floramicato.com\/sl\/izdelek\/agility-komplet-za-majhne-pse-in-mladicke"]}]},{"@type":"ImageObject","inLanguage":"sl-SI","@id":"https:\/\/floramicato.com\/sl\/izdelek\/agility-komplet-za-majhne-pse-in-mladicke#primaryimage","url":"https:\/\/floramicato.com\/wp-content\/uploads\/2025\/04\/Floramicato-Lifestyle-photo-Bundle-small-dogs-1.jpg","contentUrl":"https:\/\/floramicato.com\/wp-content\/uploads\/2025\/04\/Floramicato-Lifestyle-photo-Bundle-small-dogs-1.jpg","width":1080,"height":1080},{"@type":"BreadcrumbList","@id":"https:\/\/floramicato.com\/sl\/izdelek\/agility-komplet-za-majhne-pse-in-mladicke#breadcrumb","itemListElement":[{"@type":"ListItem","position":1,"name":"Home","item":"https:\/\/floramicato.com\/sl"},{"@type":"ListItem","position":2,"name":"Izdelki","item":"https:\/\/floramicato.com\/sl\/izdelki"},{"@type":"ListItem","position":3,"name":"Agility komplet za majhne pse in mladi\u010dke"}]},{"@type":"WebSite","@id":"https:\/\/floramicato.com\/#website","url":"https:\/\/floramicato.com\/","name":"Floramicato","description":"Just another WordPress site","potentialAction":[{"@type":"SearchAction","target":{"@type":"EntryPoint","urlTemplate":"https:\/\/floramicato.com\/?s={search_term_string}"},"query-input":{"@type":"PropertyValueSpecification","valueRequired":true,"valueName":"search_term_string"}}],"inLanguage":"sl-SI"}]}},"_links":{"self":[{"href":"https:\/\/floramicato.com\/sl\/wp-json\/wp\/v2\/product\/10144","targetHints":{"allow":["GET"]}}],"collection":[{"href":"https:\/\/floramicato.com\/sl\/wp-json\/wp\/v2\/product"}],"about":[{"href":"https:\/\/floramicato.com\/sl\/wp-json\/wp\/v2\/types\/product"}],"replies":[{"embeddable":true,"href":"https:\/\/floramicato.com\/sl\/wp-json\/wp\/v2\/comments?post=10144"}],"wp:featuredmedia":[{"embeddable":true,"href":"https:\/\/floramicato.com\/sl\/wp-json\/wp\/v2\/media\/11025"}],"wp:attachment":[{"href":"https:\/\/floramicato.com\/sl\/wp-json\/wp\/v2\/media?parent=10144"}],"wp:term":[{"taxonomy":"product_brand","embeddable":true,"href":"https:\/\/floramicato.com\/sl\/wp-json\/wp\/v2\/product_brand?post=10144"},{"taxonomy":"product_cat","embeddable":true,"href":"https:\/\/floramicato.com\/sl\/wp-json\/wp\/v2\/product_cat?post=10144"},{"taxonomy":"product_tag","embeddable":true,"href":"https:\/\/floramicato.com\/sl\/wp-json\/wp\/v2\/product_tag?post=10144"}],"curies":[{"name":"wp","href":"https:\/\/api.w.org\/{rel}","templated":true}]}}