{"id":4062,"date":"2022-06-24T06:43:16","date_gmt":"2022-06-24T06:43:16","guid":{"rendered":"http:\/\/floramicato.com\/product\/fluffy-speedy-bunny"},"modified":"2024-12-01T19:53:38","modified_gmt":"2024-12-01T19:53:38","slug":"fluffy-speedy-bunny","status":"publish","type":"product","link":"https:\/\/floramicato.com\/sl\/izdelek\/fluffy-speedy-bunny","title":{"rendered":"FLUFFY SPEEDY BUNNY"},"content":{"rendered":"<p>&#8220;Va\u0161 pes rad preganja vse, z vami pa se no\u010de igrati? Vam manjka idej, kako narediti igro s svojim psom zabavnej\u0161o? Fluffy Speedy Bunny je idealna igra\u010da za razvijanje \u017eelje po igri pri va\u0161em psu.<\/p>\n<p>Posebej oblikovana igra\u010da z velikim in mehkim griznim delom na dolgi vrvici, pritrjeni na na palico. Idealna igra\u010da za interaktivne igre.<\/p>\n<p>Velikost S: palica 100 &#8211; 120 cm, vrvica + raztegljiv trak 130 cm, blazinica z dvema piskaloma v velikosti 15 x 5 cm, trakovi iz flisa 15 cm.<br \/>\nVelikost L: zlo\u017eljiva palica 180 cm, vrvica + raztegljiv trak 180 cm, blazinica z dvema piskaloma v velikosti 25 x 5 cm, trakovi iz flisa 30 cm.<\/p>\n<p>Fleece S: palica 100 &#8211; 120 cm, vrvica + raztegljiv trak 130 cm, trakovi iz flisa 20 cm.<br \/>\nFleece L: zlo\u017eljiva palica 180 cm, vrvica + raztegljiv trak 180 cm, trakovi iz flisa 35 cm.<\/p>\n<p>Ni primerna za \u017eve\u010denje. Ko je igre konec, igra\u010do pospravite, da je pes ne bo dosegel.&#8221;<\/p>\n","protected":false},"excerpt":{"rendered":"<p>&#8220;Va\u0161 pes rad preganja vse, z vami pa se no\u010de igrati? Vam manjka idej, kako narediti igro s svojim psom zabavnej\u0161o? Fluffy Speedy Bunny je idealna igra\u010da za razvijanje \u017eelje po igri pri va\u0161em psu. Posebej oblikovana igra\u010da z velikim in mehkim griznim delom na dolgi vrvici, pritrjeni na na palico. Idealna igra\u010da za interaktivne <a href=\"https:\/\/floramicato.com\/sl\/izdelek\/fluffy-speedy-bunny\" class=\"more-link\">&#8230;<span class=\"screen-reader-text\">  FLUFFY SPEEDY BUNNY<\/span><\/a><\/p>\n","protected":false},"featured_media":3552,"comment_status":"open","ping_status":"closed","template":"","meta":{"_acf_changed":false},"product_brand":[],"product_cat":[260,273],"product_tag":[],"class_list":{"0":"post-4062","1":"product","2":"type-product","3":"status-publish","4":"has-post-thumbnail","6":"product_cat-igrace-za-lovljenje","7":"product_cat-mladicki-legla","9":"first","10":"instock","11":"taxable","12":"shipping-taxable","13":"purchasable","14":"product-type-variable"},"acf":[],"yoast_head":"<!-- This site is optimized with the Yoast SEO plugin v27.3 - https:\/\/yoast.com\/product\/yoast-seo-wordpress\/ -->\n<title>FLUFFY SPEEDY BUNNY - Floramicato<\/title>\n<meta name=\"robots\" content=\"index, follow, max-snippet:-1, max-image-preview:large, max-video-preview:-1\" \/>\n<link rel=\"canonical\" href=\"https:\/\/floramicato.com\/sl\/izdelek\/fluffy-speedy-bunny\" \/>\n<meta property=\"og:locale\" content=\"sl_SI\" \/>\n<meta property=\"og:type\" content=\"article\" \/>\n<meta property=\"og:title\" content=\"FLUFFY SPEEDY BUNNY - Floramicato\" \/>\n<meta property=\"og:description\" content=\"&#8220;Va\u0161 pes rad preganja vse, z vami pa se no\u010de igrati? Vam manjka idej, kako narediti igro s svojim psom zabavnej\u0161o? Fluffy Speedy Bunny je idealna igra\u010da za razvijanje \u017eelje po igri pri va\u0161em psu. Posebej oblikovana igra\u010da z velikim in mehkim griznim delom na dolgi vrvici, pritrjeni na na palico. Idealna igra\u010da za interaktivne ... FLUFFY SPEEDY BUNNY\" \/>\n<meta property=\"og:url\" content=\"https:\/\/floramicato.com\/sl\/izdelek\/fluffy-speedy-bunny\" \/>\n<meta property=\"og:site_name\" content=\"Floramicato\" \/>\n<meta property=\"article:modified_time\" content=\"2024-12-01T19:53:38+00:00\" \/>\n<meta property=\"og:image\" content=\"https:\/\/floramicato.com\/wp-content\/uploads\/2022\/06\/speedy_bunny_fleece_L.jpg\" \/>\n\t<meta property=\"og:image:width\" content=\"800\" \/>\n\t<meta property=\"og:image:height\" content=\"800\" \/>\n\t<meta property=\"og:image:type\" content=\"image\/jpeg\" \/>\n<meta name=\"twitter:card\" content=\"summary_large_image\" \/>\n<meta name=\"twitter:label1\" content=\"Est. reading time\" \/>\n\t<meta name=\"twitter:data1\" content=\"1 minuta\" \/>\n<script type=\"application\/ld+json\" class=\"yoast-schema-graph\">{\"@context\":\"https:\\\/\\\/schema.org\",\"@graph\":[{\"@type\":\"WebPage\",\"@id\":\"https:\\\/\\\/floramicato.com\\\/sl\\\/izdelek\\\/fluffy-speedy-bunny\",\"url\":\"https:\\\/\\\/floramicato.com\\\/sl\\\/izdelek\\\/fluffy-speedy-bunny\",\"name\":\"FLUFFY SPEEDY BUNNY - Floramicato\",\"isPartOf\":{\"@id\":\"https:\\\/\\\/floramicato.com\\\/#website\"},\"primaryImageOfPage\":{\"@id\":\"https:\\\/\\\/floramicato.com\\\/sl\\\/izdelek\\\/fluffy-speedy-bunny#primaryimage\"},\"image\":{\"@id\":\"https:\\\/\\\/floramicato.com\\\/sl\\\/izdelek\\\/fluffy-speedy-bunny#primaryimage\"},\"thumbnailUrl\":\"https:\\\/\\\/floramicato.com\\\/wp-content\\\/uploads\\\/2022\\\/06\\\/speedy_bunny_fleece_L.jpg\",\"datePublished\":\"2022-06-24T06:43:16+00:00\",\"dateModified\":\"2024-12-01T19:53:38+00:00\",\"breadcrumb\":{\"@id\":\"https:\\\/\\\/floramicato.com\\\/sl\\\/izdelek\\\/fluffy-speedy-bunny#breadcrumb\"},\"inLanguage\":\"sl-SI\",\"potentialAction\":[{\"@type\":\"ReadAction\",\"target\":[\"https:\\\/\\\/floramicato.com\\\/sl\\\/izdelek\\\/fluffy-speedy-bunny\"]}]},{\"@type\":\"ImageObject\",\"inLanguage\":\"sl-SI\",\"@id\":\"https:\\\/\\\/floramicato.com\\\/sl\\\/izdelek\\\/fluffy-speedy-bunny#primaryimage\",\"url\":\"https:\\\/\\\/floramicato.com\\\/wp-content\\\/uploads\\\/2022\\\/06\\\/speedy_bunny_fleece_L.jpg\",\"contentUrl\":\"https:\\\/\\\/floramicato.com\\\/wp-content\\\/uploads\\\/2022\\\/06\\\/speedy_bunny_fleece_L.jpg\",\"width\":800,\"height\":800},{\"@type\":\"BreadcrumbList\",\"@id\":\"https:\\\/\\\/floramicato.com\\\/sl\\\/izdelek\\\/fluffy-speedy-bunny#breadcrumb\",\"itemListElement\":[{\"@type\":\"ListItem\",\"position\":1,\"name\":\"Home\",\"item\":\"https:\\\/\\\/floramicato.com\\\/sl\"},{\"@type\":\"ListItem\",\"position\":2,\"name\":\"Izdelki\",\"item\":\"https:\\\/\\\/floramicato.com\\\/sl\\\/izdelki\"},{\"@type\":\"ListItem\",\"position\":3,\"name\":\"FLUFFY SPEEDY BUNNY\"}]},{\"@type\":\"WebSite\",\"@id\":\"https:\\\/\\\/floramicato.com\\\/#website\",\"url\":\"https:\\\/\\\/floramicato.com\\\/\",\"name\":\"Floramicato\",\"description\":\"Just another WordPress site\",\"potentialAction\":[{\"@type\":\"SearchAction\",\"target\":{\"@type\":\"EntryPoint\",\"urlTemplate\":\"https:\\\/\\\/floramicato.com\\\/?s={search_term_string}\"},\"query-input\":{\"@type\":\"PropertyValueSpecification\",\"valueRequired\":true,\"valueName\":\"search_term_string\"}}],\"inLanguage\":\"sl-SI\"}]}<\/script>\n<!-- \/ Yoast SEO plugin. -->","yoast_head_json":{"title":"FLUFFY SPEEDY BUNNY - Floramicato","robots":{"index":"index","follow":"follow","max-snippet":"max-snippet:-1","max-image-preview":"max-image-preview:large","max-video-preview":"max-video-preview:-1"},"canonical":"https:\/\/floramicato.com\/sl\/izdelek\/fluffy-speedy-bunny","og_locale":"sl_SI","og_type":"article","og_title":"FLUFFY SPEEDY BUNNY - Floramicato","og_description":"&#8220;Va\u0161 pes rad preganja vse, z vami pa se no\u010de igrati? Vam manjka idej, kako narediti igro s svojim psom zabavnej\u0161o? Fluffy Speedy Bunny je idealna igra\u010da za razvijanje \u017eelje po igri pri va\u0161em psu. Posebej oblikovana igra\u010da z velikim in mehkim griznim delom na dolgi vrvici, pritrjeni na na palico. Idealna igra\u010da za interaktivne ... FLUFFY SPEEDY BUNNY","og_url":"https:\/\/floramicato.com\/sl\/izdelek\/fluffy-speedy-bunny","og_site_name":"Floramicato","article_modified_time":"2024-12-01T19:53:38+00:00","og_image":[{"width":800,"height":800,"url":"https:\/\/floramicato.com\/wp-content\/uploads\/2022\/06\/speedy_bunny_fleece_L.jpg","type":"image\/jpeg"}],"twitter_card":"summary_large_image","twitter_misc":{"Est. reading time":"1 minuta"},"schema":{"@context":"https:\/\/schema.org","@graph":[{"@type":"WebPage","@id":"https:\/\/floramicato.com\/sl\/izdelek\/fluffy-speedy-bunny","url":"https:\/\/floramicato.com\/sl\/izdelek\/fluffy-speedy-bunny","name":"FLUFFY SPEEDY BUNNY - Floramicato","isPartOf":{"@id":"https:\/\/floramicato.com\/#website"},"primaryImageOfPage":{"@id":"https:\/\/floramicato.com\/sl\/izdelek\/fluffy-speedy-bunny#primaryimage"},"image":{"@id":"https:\/\/floramicato.com\/sl\/izdelek\/fluffy-speedy-bunny#primaryimage"},"thumbnailUrl":"https:\/\/floramicato.com\/wp-content\/uploads\/2022\/06\/speedy_bunny_fleece_L.jpg","datePublished":"2022-06-24T06:43:16+00:00","dateModified":"2024-12-01T19:53:38+00:00","breadcrumb":{"@id":"https:\/\/floramicato.com\/sl\/izdelek\/fluffy-speedy-bunny#breadcrumb"},"inLanguage":"sl-SI","potentialAction":[{"@type":"ReadAction","target":["https:\/\/floramicato.com\/sl\/izdelek\/fluffy-speedy-bunny"]}]},{"@type":"ImageObject","inLanguage":"sl-SI","@id":"https:\/\/floramicato.com\/sl\/izdelek\/fluffy-speedy-bunny#primaryimage","url":"https:\/\/floramicato.com\/wp-content\/uploads\/2022\/06\/speedy_bunny_fleece_L.jpg","contentUrl":"https:\/\/floramicato.com\/wp-content\/uploads\/2022\/06\/speedy_bunny_fleece_L.jpg","width":800,"height":800},{"@type":"BreadcrumbList","@id":"https:\/\/floramicato.com\/sl\/izdelek\/fluffy-speedy-bunny#breadcrumb","itemListElement":[{"@type":"ListItem","position":1,"name":"Home","item":"https:\/\/floramicato.com\/sl"},{"@type":"ListItem","position":2,"name":"Izdelki","item":"https:\/\/floramicato.com\/sl\/izdelki"},{"@type":"ListItem","position":3,"name":"FLUFFY SPEEDY BUNNY"}]},{"@type":"WebSite","@id":"https:\/\/floramicato.com\/#website","url":"https:\/\/floramicato.com\/","name":"Floramicato","description":"Just another WordPress site","potentialAction":[{"@type":"SearchAction","target":{"@type":"EntryPoint","urlTemplate":"https:\/\/floramicato.com\/?s={search_term_string}"},"query-input":{"@type":"PropertyValueSpecification","valueRequired":true,"valueName":"search_term_string"}}],"inLanguage":"sl-SI"}]}},"_links":{"self":[{"href":"https:\/\/floramicato.com\/sl\/wp-json\/wp\/v2\/product\/4062","targetHints":{"allow":["GET"]}}],"collection":[{"href":"https:\/\/floramicato.com\/sl\/wp-json\/wp\/v2\/product"}],"about":[{"href":"https:\/\/floramicato.com\/sl\/wp-json\/wp\/v2\/types\/product"}],"replies":[{"embeddable":true,"href":"https:\/\/floramicato.com\/sl\/wp-json\/wp\/v2\/comments?post=4062"}],"wp:featuredmedia":[{"embeddable":true,"href":"https:\/\/floramicato.com\/sl\/wp-json\/wp\/v2\/media\/3552"}],"wp:attachment":[{"href":"https:\/\/floramicato.com\/sl\/wp-json\/wp\/v2\/media?parent=4062"}],"wp:term":[{"taxonomy":"product_brand","embeddable":true,"href":"https:\/\/floramicato.com\/sl\/wp-json\/wp\/v2\/product_brand?post=4062"},{"taxonomy":"product_cat","embeddable":true,"href":"https:\/\/floramicato.com\/sl\/wp-json\/wp\/v2\/product_cat?post=4062"},{"taxonomy":"product_tag","embeddable":true,"href":"https:\/\/floramicato.com\/sl\/wp-json\/wp\/v2\/product_tag?post=4062"}],"curies":[{"name":"wp","href":"https:\/\/api.w.org\/{rel}","templated":true}]}}