{"id":4140,"date":"2022-06-24T13:27:35","date_gmt":"2022-06-24T13:27:35","guid":{"rendered":"http:\/\/floramicato.com\/product\/fluffy-fuzzy-nyam"},"modified":"2025-05-27T08:59:03","modified_gmt":"2025-05-27T08:59:03","slug":"fluffy-fuzzy-nyam","status":"publish","type":"product","link":"https:\/\/floramicato.com\/sl\/izdelek\/fluffy-fuzzy-nyam","title":{"rendered":"FLUFFY FUZZY NYAM"},"content":{"rendered":"<p>Velik piskalnik pove\u010da \u017eeljo po igri. Idealna za interaktivno igro.<\/p>\n<p>Blazinica iz zaj\u010djega krzna: 12 x 8 cm + 40 cm ro\u010daj.<\/p>\n<p>Odli\u010dna za trening in vle\u010denje pri ve\u010djih srednje mo\u010dnih psih.<\/p>\n<p>Ni primerna za \u017eve\u010denje. Po kon\u010dani igri igra\u010do hranite izven dosega psa.<\/p>\n","protected":false},"excerpt":{"rendered":"<p>Posebej zasnovana igra\u010da z veliko in mehko blazino iz zaj\u010djega krzna na bungee ro\u010daju z odprtino za pribolj\u0161ek ali piskalnik.<\/p>\n","protected":false},"featured_media":11327,"comment_status":"closed","ping_status":"closed","template":"","meta":{"_acf_changed":false},"product_brand":[],"product_cat":[279,267,265],"product_tag":[],"class_list":{"0":"post-4140","1":"product","2":"type-product","3":"status-publish","4":"has-post-thumbnail","6":"product_cat-kunec","7":"product_cat-vlecenje","8":"product_cat-zepki-za-priboljske","10":"first","11":"instock","12":"taxable","13":"shipping-taxable","14":"purchasable","15":"product-type-simple"},"acf":[],"yoast_head":"<!-- This site is optimized with the Yoast SEO plugin v27.3 - https:\/\/yoast.com\/product\/yoast-seo-wordpress\/ -->\n<title>FLUFFY FUZZY NYAM - Floramicato<\/title>\n<meta name=\"robots\" content=\"index, follow, max-snippet:-1, max-image-preview:large, max-video-preview:-1\" \/>\n<link rel=\"canonical\" href=\"https:\/\/floramicato.com\/sl\/izdelek\/fluffy-fuzzy-nyam\" \/>\n<meta property=\"og:locale\" content=\"sl_SI\" \/>\n<meta property=\"og:type\" content=\"article\" \/>\n<meta property=\"og:title\" content=\"FLUFFY FUZZY NYAM - Floramicato\" \/>\n<meta property=\"og:description\" content=\"Posebej zasnovana igra\u010da z veliko in mehko blazino iz zaj\u010djega krzna na bungee ro\u010daju z odprtino za pribolj\u0161ek ali piskalnik.\" \/>\n<meta property=\"og:url\" content=\"https:\/\/floramicato.com\/sl\/izdelek\/fluffy-fuzzy-nyam\" \/>\n<meta property=\"og:site_name\" content=\"Floramicato\" \/>\n<meta property=\"article:modified_time\" content=\"2025-05-27T08:59:03+00:00\" \/>\n<meta property=\"og:image\" content=\"https:\/\/floramicato.com\/wp-content\/uploads\/2025\/04\/Floramicato-Lifestyle-photo-Fuzzy-nyam.webp\" \/>\n\t<meta property=\"og:image:width\" content=\"1080\" \/>\n\t<meta property=\"og:image:height\" content=\"1080\" \/>\n\t<meta property=\"og:image:type\" content=\"image\/webp\" \/>\n<meta name=\"twitter:card\" content=\"summary_large_image\" \/>\n<meta name=\"twitter:label1\" content=\"Est. reading time\" \/>\n\t<meta name=\"twitter:data1\" content=\"1 minuta\" \/>\n<script type=\"application\/ld+json\" class=\"yoast-schema-graph\">{\"@context\":\"https:\\\/\\\/schema.org\",\"@graph\":[{\"@type\":\"WebPage\",\"@id\":\"https:\\\/\\\/floramicato.com\\\/sl\\\/izdelek\\\/fluffy-fuzzy-nyam\",\"url\":\"https:\\\/\\\/floramicato.com\\\/sl\\\/izdelek\\\/fluffy-fuzzy-nyam\",\"name\":\"FLUFFY FUZZY NYAM - Floramicato\",\"isPartOf\":{\"@id\":\"https:\\\/\\\/floramicato.com\\\/#website\"},\"primaryImageOfPage\":{\"@id\":\"https:\\\/\\\/floramicato.com\\\/sl\\\/izdelek\\\/fluffy-fuzzy-nyam#primaryimage\"},\"image\":{\"@id\":\"https:\\\/\\\/floramicato.com\\\/sl\\\/izdelek\\\/fluffy-fuzzy-nyam#primaryimage\"},\"thumbnailUrl\":\"https:\\\/\\\/floramicato.com\\\/wp-content\\\/uploads\\\/2025\\\/04\\\/Floramicato-Lifestyle-photo-Fuzzy-nyam.webp\",\"datePublished\":\"2022-06-24T13:27:35+00:00\",\"dateModified\":\"2025-05-27T08:59:03+00:00\",\"breadcrumb\":{\"@id\":\"https:\\\/\\\/floramicato.com\\\/sl\\\/izdelek\\\/fluffy-fuzzy-nyam#breadcrumb\"},\"inLanguage\":\"sl-SI\",\"potentialAction\":[{\"@type\":\"ReadAction\",\"target\":[\"https:\\\/\\\/floramicato.com\\\/sl\\\/izdelek\\\/fluffy-fuzzy-nyam\"]}]},{\"@type\":\"ImageObject\",\"inLanguage\":\"sl-SI\",\"@id\":\"https:\\\/\\\/floramicato.com\\\/sl\\\/izdelek\\\/fluffy-fuzzy-nyam#primaryimage\",\"url\":\"https:\\\/\\\/floramicato.com\\\/wp-content\\\/uploads\\\/2025\\\/04\\\/Floramicato-Lifestyle-photo-Fuzzy-nyam.webp\",\"contentUrl\":\"https:\\\/\\\/floramicato.com\\\/wp-content\\\/uploads\\\/2025\\\/04\\\/Floramicato-Lifestyle-photo-Fuzzy-nyam.webp\",\"width\":1080,\"height\":1080},{\"@type\":\"BreadcrumbList\",\"@id\":\"https:\\\/\\\/floramicato.com\\\/sl\\\/izdelek\\\/fluffy-fuzzy-nyam#breadcrumb\",\"itemListElement\":[{\"@type\":\"ListItem\",\"position\":1,\"name\":\"Home\",\"item\":\"https:\\\/\\\/floramicato.com\\\/sl\"},{\"@type\":\"ListItem\",\"position\":2,\"name\":\"Izdelki\",\"item\":\"https:\\\/\\\/floramicato.com\\\/sl\\\/izdelki\"},{\"@type\":\"ListItem\",\"position\":3,\"name\":\"FLUFFY FUZZY NYAM\"}]},{\"@type\":\"WebSite\",\"@id\":\"https:\\\/\\\/floramicato.com\\\/#website\",\"url\":\"https:\\\/\\\/floramicato.com\\\/\",\"name\":\"Floramicato\",\"description\":\"Just another WordPress site\",\"potentialAction\":[{\"@type\":\"SearchAction\",\"target\":{\"@type\":\"EntryPoint\",\"urlTemplate\":\"https:\\\/\\\/floramicato.com\\\/?s={search_term_string}\"},\"query-input\":{\"@type\":\"PropertyValueSpecification\",\"valueRequired\":true,\"valueName\":\"search_term_string\"}}],\"inLanguage\":\"sl-SI\"}]}<\/script>\n<!-- \/ Yoast SEO plugin. -->","yoast_head_json":{"title":"FLUFFY FUZZY NYAM - Floramicato","robots":{"index":"index","follow":"follow","max-snippet":"max-snippet:-1","max-image-preview":"max-image-preview:large","max-video-preview":"max-video-preview:-1"},"canonical":"https:\/\/floramicato.com\/sl\/izdelek\/fluffy-fuzzy-nyam","og_locale":"sl_SI","og_type":"article","og_title":"FLUFFY FUZZY NYAM - Floramicato","og_description":"Posebej zasnovana igra\u010da z veliko in mehko blazino iz zaj\u010djega krzna na bungee ro\u010daju z odprtino za pribolj\u0161ek ali piskalnik.","og_url":"https:\/\/floramicato.com\/sl\/izdelek\/fluffy-fuzzy-nyam","og_site_name":"Floramicato","article_modified_time":"2025-05-27T08:59:03+00:00","og_image":[{"width":1080,"height":1080,"url":"https:\/\/floramicato.com\/wp-content\/uploads\/2025\/04\/Floramicato-Lifestyle-photo-Fuzzy-nyam.webp","type":"image\/webp"}],"twitter_card":"summary_large_image","twitter_misc":{"Est. reading time":"1 minuta"},"schema":{"@context":"https:\/\/schema.org","@graph":[{"@type":"WebPage","@id":"https:\/\/floramicato.com\/sl\/izdelek\/fluffy-fuzzy-nyam","url":"https:\/\/floramicato.com\/sl\/izdelek\/fluffy-fuzzy-nyam","name":"FLUFFY FUZZY NYAM - Floramicato","isPartOf":{"@id":"https:\/\/floramicato.com\/#website"},"primaryImageOfPage":{"@id":"https:\/\/floramicato.com\/sl\/izdelek\/fluffy-fuzzy-nyam#primaryimage"},"image":{"@id":"https:\/\/floramicato.com\/sl\/izdelek\/fluffy-fuzzy-nyam#primaryimage"},"thumbnailUrl":"https:\/\/floramicato.com\/wp-content\/uploads\/2025\/04\/Floramicato-Lifestyle-photo-Fuzzy-nyam.webp","datePublished":"2022-06-24T13:27:35+00:00","dateModified":"2025-05-27T08:59:03+00:00","breadcrumb":{"@id":"https:\/\/floramicato.com\/sl\/izdelek\/fluffy-fuzzy-nyam#breadcrumb"},"inLanguage":"sl-SI","potentialAction":[{"@type":"ReadAction","target":["https:\/\/floramicato.com\/sl\/izdelek\/fluffy-fuzzy-nyam"]}]},{"@type":"ImageObject","inLanguage":"sl-SI","@id":"https:\/\/floramicato.com\/sl\/izdelek\/fluffy-fuzzy-nyam#primaryimage","url":"https:\/\/floramicato.com\/wp-content\/uploads\/2025\/04\/Floramicato-Lifestyle-photo-Fuzzy-nyam.webp","contentUrl":"https:\/\/floramicato.com\/wp-content\/uploads\/2025\/04\/Floramicato-Lifestyle-photo-Fuzzy-nyam.webp","width":1080,"height":1080},{"@type":"BreadcrumbList","@id":"https:\/\/floramicato.com\/sl\/izdelek\/fluffy-fuzzy-nyam#breadcrumb","itemListElement":[{"@type":"ListItem","position":1,"name":"Home","item":"https:\/\/floramicato.com\/sl"},{"@type":"ListItem","position":2,"name":"Izdelki","item":"https:\/\/floramicato.com\/sl\/izdelki"},{"@type":"ListItem","position":3,"name":"FLUFFY FUZZY NYAM"}]},{"@type":"WebSite","@id":"https:\/\/floramicato.com\/#website","url":"https:\/\/floramicato.com\/","name":"Floramicato","description":"Just another WordPress site","potentialAction":[{"@type":"SearchAction","target":{"@type":"EntryPoint","urlTemplate":"https:\/\/floramicato.com\/?s={search_term_string}"},"query-input":{"@type":"PropertyValueSpecification","valueRequired":true,"valueName":"search_term_string"}}],"inLanguage":"sl-SI"}]}},"_links":{"self":[{"href":"https:\/\/floramicato.com\/sl\/wp-json\/wp\/v2\/product\/4140","targetHints":{"allow":["GET"]}}],"collection":[{"href":"https:\/\/floramicato.com\/sl\/wp-json\/wp\/v2\/product"}],"about":[{"href":"https:\/\/floramicato.com\/sl\/wp-json\/wp\/v2\/types\/product"}],"replies":[{"embeddable":true,"href":"https:\/\/floramicato.com\/sl\/wp-json\/wp\/v2\/comments?post=4140"}],"wp:featuredmedia":[{"embeddable":true,"href":"https:\/\/floramicato.com\/sl\/wp-json\/wp\/v2\/media\/11327"}],"wp:attachment":[{"href":"https:\/\/floramicato.com\/sl\/wp-json\/wp\/v2\/media?parent=4140"}],"wp:term":[{"taxonomy":"product_brand","embeddable":true,"href":"https:\/\/floramicato.com\/sl\/wp-json\/wp\/v2\/product_brand?post=4140"},{"taxonomy":"product_cat","embeddable":true,"href":"https:\/\/floramicato.com\/sl\/wp-json\/wp\/v2\/product_cat?post=4140"},{"taxonomy":"product_tag","embeddable":true,"href":"https:\/\/floramicato.com\/sl\/wp-json\/wp\/v2\/product_tag?post=4140"}],"curies":[{"name":"wp","href":"https:\/\/api.w.org\/{rel}","templated":true}]}}