{"id":4277,"date":"2022-06-24T06:43:15","date_gmt":"2022-06-24T06:43:15","guid":{"rendered":"http:\/\/floramicato.com\/product\/fluffy-comet"},"modified":"2023-03-28T07:20:15","modified_gmt":"2023-03-28T07:20:15","slug":"fluffy-comet","status":"publish","type":"product","link":"https:\/\/floramicato.com\/sl\/izdelek\/fluffy-comet","title":{"rendered":"FLUFFY COMET"},"content":{"rendered":"<p>Vle\u010dna igra\u010da z bungee ro\u010dajem ib blazino za grizenje iz umetnega krzna. Na koncu ima pritrjeno \u017eogo COMET.<\/p>\n<p>\u017doga 7 cm, blazina 10 x 4 cm, bungee ro\u010daj 32 cm.<\/p>\n<p>Ni primerna za \u017eve\u010denje. Ko je igre konec, igra\u010do pospravite, da je pes ne bo dosegel.<\/p>\n","protected":false},"excerpt":{"rendered":"<p>Vle\u010dna igra\u010da z bungee ro\u010dajem ib blazino za grizenje iz umetnega krzna. Na koncu ima pritrjeno \u017eogo COMET. \u017doga 7 cm, blazina 10 x 4 cm, bungee ro\u010daj 32 cm. Ni primerna za \u017eve\u010denje. Ko je igre konec, igra\u010do pospravite, da je pes ne bo dosegel.<\/p>\n","protected":false},"featured_media":3468,"comment_status":"open","ping_status":"closed","template":"","meta":{"_acf_changed":false},"product_brand":[],"product_cat":[267,277],"product_tag":[],"class_list":{"0":"post-4277","1":"product","2":"type-product","3":"status-publish","4":"has-post-thumbnail","6":"product_cat-vlecenje","7":"product_cat-zoge","9":"first","10":"instock","11":"taxable","12":"shipping-taxable","13":"purchasable","14":"product-type-variable"},"acf":[],"yoast_head":"<!-- This site is optimized with the Yoast SEO plugin v27.3 - https:\/\/yoast.com\/product\/yoast-seo-wordpress\/ -->\n<title>FLUFFY COMET - Floramicato<\/title>\n<meta name=\"robots\" content=\"index, follow, max-snippet:-1, max-image-preview:large, max-video-preview:-1\" \/>\n<link rel=\"canonical\" href=\"https:\/\/floramicato.com\/sl\/izdelek\/fluffy-comet\" \/>\n<meta property=\"og:locale\" content=\"sl_SI\" \/>\n<meta property=\"og:type\" content=\"article\" \/>\n<meta property=\"og:title\" content=\"FLUFFY COMET - Floramicato\" \/>\n<meta property=\"og:description\" content=\"Vle\u010dna igra\u010da z bungee ro\u010dajem ib blazino za grizenje iz umetnega krzna. Na koncu ima pritrjeno \u017eogo COMET. \u017doga 7 cm, blazina 10 x 4 cm, bungee ro\u010daj 32 cm. Ni primerna za \u017eve\u010denje. Ko je igre konec, igra\u010do pospravite, da je pes ne bo dosegel.\" \/>\n<meta property=\"og:url\" content=\"https:\/\/floramicato.com\/sl\/izdelek\/fluffy-comet\" \/>\n<meta property=\"og:site_name\" content=\"Floramicato\" \/>\n<meta property=\"article:modified_time\" content=\"2023-03-28T07:20:15+00:00\" \/>\n<meta property=\"og:image\" content=\"https:\/\/floramicato.com\/wp-content\/uploads\/2022\/06\/comet_green_blue_orange.jpg\" \/>\n\t<meta property=\"og:image:width\" content=\"800\" \/>\n\t<meta property=\"og:image:height\" content=\"800\" \/>\n\t<meta property=\"og:image:type\" content=\"image\/jpeg\" \/>\n<meta name=\"twitter:card\" content=\"summary_large_image\" \/>\n<script type=\"application\/ld+json\" class=\"yoast-schema-graph\">{\"@context\":\"https:\\\/\\\/schema.org\",\"@graph\":[{\"@type\":\"WebPage\",\"@id\":\"https:\\\/\\\/floramicato.com\\\/sl\\\/izdelek\\\/fluffy-comet\",\"url\":\"https:\\\/\\\/floramicato.com\\\/sl\\\/izdelek\\\/fluffy-comet\",\"name\":\"FLUFFY COMET - Floramicato\",\"isPartOf\":{\"@id\":\"https:\\\/\\\/floramicato.com\\\/#website\"},\"primaryImageOfPage\":{\"@id\":\"https:\\\/\\\/floramicato.com\\\/sl\\\/izdelek\\\/fluffy-comet#primaryimage\"},\"image\":{\"@id\":\"https:\\\/\\\/floramicato.com\\\/sl\\\/izdelek\\\/fluffy-comet#primaryimage\"},\"thumbnailUrl\":\"https:\\\/\\\/floramicato.com\\\/wp-content\\\/uploads\\\/2022\\\/06\\\/comet_green_blue_orange.jpg\",\"datePublished\":\"2022-06-24T06:43:15+00:00\",\"dateModified\":\"2023-03-28T07:20:15+00:00\",\"breadcrumb\":{\"@id\":\"https:\\\/\\\/floramicato.com\\\/sl\\\/izdelek\\\/fluffy-comet#breadcrumb\"},\"inLanguage\":\"sl-SI\",\"potentialAction\":[{\"@type\":\"ReadAction\",\"target\":[\"https:\\\/\\\/floramicato.com\\\/sl\\\/izdelek\\\/fluffy-comet\"]}]},{\"@type\":\"ImageObject\",\"inLanguage\":\"sl-SI\",\"@id\":\"https:\\\/\\\/floramicato.com\\\/sl\\\/izdelek\\\/fluffy-comet#primaryimage\",\"url\":\"https:\\\/\\\/floramicato.com\\\/wp-content\\\/uploads\\\/2022\\\/06\\\/comet_green_blue_orange.jpg\",\"contentUrl\":\"https:\\\/\\\/floramicato.com\\\/wp-content\\\/uploads\\\/2022\\\/06\\\/comet_green_blue_orange.jpg\",\"width\":800,\"height\":800},{\"@type\":\"BreadcrumbList\",\"@id\":\"https:\\\/\\\/floramicato.com\\\/sl\\\/izdelek\\\/fluffy-comet#breadcrumb\",\"itemListElement\":[{\"@type\":\"ListItem\",\"position\":1,\"name\":\"Home\",\"item\":\"https:\\\/\\\/floramicato.com\\\/sl\"},{\"@type\":\"ListItem\",\"position\":2,\"name\":\"Izdelki\",\"item\":\"https:\\\/\\\/floramicato.com\\\/sl\\\/izdelki\"},{\"@type\":\"ListItem\",\"position\":3,\"name\":\"FLUFFY COMET\"}]},{\"@type\":\"WebSite\",\"@id\":\"https:\\\/\\\/floramicato.com\\\/#website\",\"url\":\"https:\\\/\\\/floramicato.com\\\/\",\"name\":\"Floramicato\",\"description\":\"Just another WordPress site\",\"potentialAction\":[{\"@type\":\"SearchAction\",\"target\":{\"@type\":\"EntryPoint\",\"urlTemplate\":\"https:\\\/\\\/floramicato.com\\\/?s={search_term_string}\"},\"query-input\":{\"@type\":\"PropertyValueSpecification\",\"valueRequired\":true,\"valueName\":\"search_term_string\"}}],\"inLanguage\":\"sl-SI\"}]}<\/script>\n<!-- \/ Yoast SEO plugin. -->","yoast_head_json":{"title":"FLUFFY COMET - Floramicato","robots":{"index":"index","follow":"follow","max-snippet":"max-snippet:-1","max-image-preview":"max-image-preview:large","max-video-preview":"max-video-preview:-1"},"canonical":"https:\/\/floramicato.com\/sl\/izdelek\/fluffy-comet","og_locale":"sl_SI","og_type":"article","og_title":"FLUFFY COMET - Floramicato","og_description":"Vle\u010dna igra\u010da z bungee ro\u010dajem ib blazino za grizenje iz umetnega krzna. Na koncu ima pritrjeno \u017eogo COMET. \u017doga 7 cm, blazina 10 x 4 cm, bungee ro\u010daj 32 cm. Ni primerna za \u017eve\u010denje. Ko je igre konec, igra\u010do pospravite, da je pes ne bo dosegel.","og_url":"https:\/\/floramicato.com\/sl\/izdelek\/fluffy-comet","og_site_name":"Floramicato","article_modified_time":"2023-03-28T07:20:15+00:00","og_image":[{"width":800,"height":800,"url":"https:\/\/floramicato.com\/wp-content\/uploads\/2022\/06\/comet_green_blue_orange.jpg","type":"image\/jpeg"}],"twitter_card":"summary_large_image","schema":{"@context":"https:\/\/schema.org","@graph":[{"@type":"WebPage","@id":"https:\/\/floramicato.com\/sl\/izdelek\/fluffy-comet","url":"https:\/\/floramicato.com\/sl\/izdelek\/fluffy-comet","name":"FLUFFY COMET - Floramicato","isPartOf":{"@id":"https:\/\/floramicato.com\/#website"},"primaryImageOfPage":{"@id":"https:\/\/floramicato.com\/sl\/izdelek\/fluffy-comet#primaryimage"},"image":{"@id":"https:\/\/floramicato.com\/sl\/izdelek\/fluffy-comet#primaryimage"},"thumbnailUrl":"https:\/\/floramicato.com\/wp-content\/uploads\/2022\/06\/comet_green_blue_orange.jpg","datePublished":"2022-06-24T06:43:15+00:00","dateModified":"2023-03-28T07:20:15+00:00","breadcrumb":{"@id":"https:\/\/floramicato.com\/sl\/izdelek\/fluffy-comet#breadcrumb"},"inLanguage":"sl-SI","potentialAction":[{"@type":"ReadAction","target":["https:\/\/floramicato.com\/sl\/izdelek\/fluffy-comet"]}]},{"@type":"ImageObject","inLanguage":"sl-SI","@id":"https:\/\/floramicato.com\/sl\/izdelek\/fluffy-comet#primaryimage","url":"https:\/\/floramicato.com\/wp-content\/uploads\/2022\/06\/comet_green_blue_orange.jpg","contentUrl":"https:\/\/floramicato.com\/wp-content\/uploads\/2022\/06\/comet_green_blue_orange.jpg","width":800,"height":800},{"@type":"BreadcrumbList","@id":"https:\/\/floramicato.com\/sl\/izdelek\/fluffy-comet#breadcrumb","itemListElement":[{"@type":"ListItem","position":1,"name":"Home","item":"https:\/\/floramicato.com\/sl"},{"@type":"ListItem","position":2,"name":"Izdelki","item":"https:\/\/floramicato.com\/sl\/izdelki"},{"@type":"ListItem","position":3,"name":"FLUFFY COMET"}]},{"@type":"WebSite","@id":"https:\/\/floramicato.com\/#website","url":"https:\/\/floramicato.com\/","name":"Floramicato","description":"Just another WordPress site","potentialAction":[{"@type":"SearchAction","target":{"@type":"EntryPoint","urlTemplate":"https:\/\/floramicato.com\/?s={search_term_string}"},"query-input":{"@type":"PropertyValueSpecification","valueRequired":true,"valueName":"search_term_string"}}],"inLanguage":"sl-SI"}]}},"_links":{"self":[{"href":"https:\/\/floramicato.com\/sl\/wp-json\/wp\/v2\/product\/4277","targetHints":{"allow":["GET"]}}],"collection":[{"href":"https:\/\/floramicato.com\/sl\/wp-json\/wp\/v2\/product"}],"about":[{"href":"https:\/\/floramicato.com\/sl\/wp-json\/wp\/v2\/types\/product"}],"replies":[{"embeddable":true,"href":"https:\/\/floramicato.com\/sl\/wp-json\/wp\/v2\/comments?post=4277"}],"wp:featuredmedia":[{"embeddable":true,"href":"https:\/\/floramicato.com\/sl\/wp-json\/wp\/v2\/media\/3468"}],"wp:attachment":[{"href":"https:\/\/floramicato.com\/sl\/wp-json\/wp\/v2\/media?parent=4277"}],"wp:term":[{"taxonomy":"product_brand","embeddable":true,"href":"https:\/\/floramicato.com\/sl\/wp-json\/wp\/v2\/product_brand?post=4277"},{"taxonomy":"product_cat","embeddable":true,"href":"https:\/\/floramicato.com\/sl\/wp-json\/wp\/v2\/product_cat?post=4277"},{"taxonomy":"product_tag","embeddable":true,"href":"https:\/\/floramicato.com\/sl\/wp-json\/wp\/v2\/product_tag?post=4277"}],"curies":[{"name":"wp","href":"https:\/\/api.w.org\/{rel}","templated":true}]}}